{"id":6066,"date":"2025-05-12T13:21:31","date_gmt":"2025-05-12T17:21:31","guid":{"rendered":"https:\/\/dolphinhomedecor.com\/politique-de-confidentialite\/"},"modified":"2025-05-12T13:21:31","modified_gmt":"2025-05-12T17:21:31","slug":"politique-de-confidentialite","status":"publish","type":"page","link":"https:\/\/dolphinhomedecor.com\/fr\/politique-de-confidentialite\/","title":{"rendered":"Politique de confidentialit\u00e9"},"content":{"rendered":"<p>Date d&rsquo;entr\u00e9e en vigueur : 23 novembre 2018<\/p>\n<p>Dolphin Home Decor (\u00ab\u00a0nous\u00a0\u00bb, \u00ab\u00a0nous\u00a0\u00bb, ou \u00ab\u00a0notre\u00a0\u00bb) exploite le site web https:\/\/dolphinhomedecor.com (ci-apr\u00e8s d\u00e9nomm\u00e9 le \u00ab\u00a0Service\u00a0\u00bb).<\/p>\n<p>Cette page vous informe de nos politiques concernant la collecte, l&rsquo;utilisation et la divulgation des donn\u00e9es personnelles lorsque vous utilisez notre service et les choix que vous avez associ\u00e9s \u00e0 ces donn\u00e9es. Notre politique de confidentialit\u00e9 pour Dolphin Home Decor est g\u00e9r\u00e9e \u00e0 l&rsquo;aide des <a href=\"https:\/\/privacypolicies.com\/free-privacy-policy-generator\/\">politiques de confidentialit\u00e9<\/a>. <\/p>\n<p>Nous utilisons vos donn\u00e9es pour fournir et am\u00e9liorer le service. En utilisant le service, vous acceptez la collecte et l&rsquo;utilisation des informations conform\u00e9ment \u00e0 la pr\u00e9sente politique. Sauf d\u00e9finition contraire, les termes utilis\u00e9s dans la pr\u00e9sente politique de confidentialit\u00e9 ont la m\u00eame signification que dans nos conditions g\u00e9n\u00e9rales, accessibles \u00e0 l&rsquo;adresse https:\/\/dolphinhomedecor.com.  <\/p>\n<h2>Collecte et utilisation des informations<\/h2>\n<p>Nous collectons diff\u00e9rents types d&rsquo;informations \u00e0 des fins diverses pour vous fournir et am\u00e9liorer notre service.<\/p>\n<h3>Types de donn\u00e9es collect\u00e9es<\/h3>\n<h4>Donn\u00e9es personnelles<\/h4>\n<p>Lors de l&rsquo;utilisation de notre service, nous pouvons vous demander de nous fournir certaines informations personnellement identifiables qui peuvent \u00eatre utilis\u00e9es pour vous contacter ou vous identifier (\u00ab\u00a0donn\u00e9es personnelles\u00a0\u00bb). Les donn\u00e9es personnelles identifiables peuvent inclure, sans s&rsquo;y limiter, les \u00e9l\u00e9ments suivants : <\/p>\n<ul>\n<li>Adresse \u00e9lectronique<\/li>\n<li>Pr\u00e9nom et nom de famille<\/li>\n<li>Num\u00e9ro de t\u00e9l\u00e9phone<\/li>\n<li>Cookies et donn\u00e9es d&rsquo;utilisation<\/li>\n<\/ul>\n<h4>Donn\u00e9es d&rsquo;utilisation<\/h4>\n<p>Nous pouvons \u00e9galement recueillir des informations sur la mani\u00e8re dont le service est consult\u00e9 et utilis\u00e9 (\u00ab\u00a0donn\u00e9es d&rsquo;utilisation\u00a0\u00bb). Ces donn\u00e9es d&rsquo;utilisation peuvent inclure des informations telles que l&rsquo;adresse IP de votre ordinateur, le type et la version de votre navigateur, les pages de notre service que vous visitez, l&rsquo;heure et la date de votre visite, le temps pass\u00e9 sur ces pages, les identifiants uniques de l&rsquo;appareil et d&rsquo;autres donn\u00e9es de diagnostic. <\/p>\n<h4>Donn\u00e9es sur le suivi et les cookies<\/h4>\n<p>Nous utilisons des cookies et des technologies de suivi similaires pour suivre l&rsquo;activit\u00e9 sur notre service et conserver certaines informations.<\/p>\n<p>Les cookies sont des fichiers contenant une petite quantit\u00e9 de donn\u00e9es qui peuvent inclure un identifiant unique anonyme. Les cookies sont envoy\u00e9s \u00e0 votre navigateur par un site web et stock\u00e9s sur votre appareil. Les technologies de suivi \u00e9galement utilis\u00e9es sont les balises, les tags et les scripts pour collecter et suivre les informations et pour am\u00e9liorer et analyser notre service.  <\/p>\n<p>Vous pouvez configurer votre navigateur pour qu&rsquo;il refuse tous les cookies ou pour qu&rsquo;il vous indique quand un cookie est envoy\u00e9. Toutefois, si vous n&rsquo;acceptez pas les cookies, il se peut que vous ne puissiez pas utiliser certaines parties de notre service. Pour en savoir plus sur la gestion des cookies, consultez le <a href=\"https:\/\/privacypolicies.com\/blog\/how-to-delete-cookies\/\">Guide des cookies du navigateur<\/a>.  <\/p>\n<p>Exemples de cookies que nous utilisons :<\/p>\n<ul>\n<li><strong>Cookies de session.<\/strong>  Nous utilisons des cookies de session pour faire fonctionner notre service.<\/li>\n<li><strong>Cookies de pr\u00e9f\u00e9rence.<\/strong>  Nous utilisons des cookies de pr\u00e9f\u00e9rence pour m\u00e9moriser vos pr\u00e9f\u00e9rences et divers param\u00e8tres.<\/li>\n<li><strong>Cookies de s\u00e9curit\u00e9.<\/strong>  Nous utilisons des cookies de s\u00e9curit\u00e9 \u00e0 des fins de s\u00e9curit\u00e9.<\/li>\n<\/ul>\n<h2>Utilisation des donn\u00e9es<\/h2>\n<p>Dolphin Home Decor utilise les donn\u00e9es collect\u00e9es \u00e0 diverses fins :<\/p>\n<ul>\n<li>Fournir et maintenir le service<\/li>\n<li>Pour vous informer des modifications apport\u00e9es \u00e0 notre service<\/li>\n<li>pour vous permettre de participer aux fonctions interactives de notre service lorsque vous le souhaitez<\/li>\n<li>Fournir un service d&rsquo;assistance et de soutien \u00e0 la client\u00e8le<\/li>\n<li>Fournir des analyses ou des informations pr\u00e9cieuses afin que nous puissions am\u00e9liorer le service.<\/li>\n<li>Contr\u00f4ler l&rsquo;utilisation du service<\/li>\n<li>D\u00e9tecter, pr\u00e9venir et traiter les probl\u00e8mes techniques<\/li>\n<\/ul>\n<h2>Transfert de donn\u00e9es<\/h2>\n<p>Vos informations, y compris les donn\u00e9es personnelles, peuvent \u00eatre transf\u00e9r\u00e9es et conserv\u00e9es sur des ordinateurs situ\u00e9s en dehors de votre \u00c9tat, province, pays ou autre juridiction gouvernementale o\u00f9 les lois sur la protection des donn\u00e9es peuvent diff\u00e9rer de celles de votre juridiction.<\/p>\n<p>Si vous \u00eates situ\u00e9 en dehors du Canada et que vous choisissez de nous fournir des informations, veuillez noter que nous transf\u00e9rons les donn\u00e9es, y compris les donn\u00e9es \u00e0 caract\u00e8re personnel, au Canada et que nous les traitons dans ce pays.<\/p>\n<p>Votre consentement \u00e0 la pr\u00e9sente politique de protection de la vie priv\u00e9e suivi de votre soumission de ces informations repr\u00e9sente votre accord \u00e0 ce transfert.<\/p>\n<p>Dolphin Home Decor prendra toutes les mesures raisonnablement n\u00e9cessaires pour s&rsquo;assurer que vos donn\u00e9es sont trait\u00e9es en toute s\u00e9curit\u00e9 et conform\u00e9ment \u00e0 la pr\u00e9sente politique de confidentialit\u00e9 et aucun transfert de vos donn\u00e9es personnelles n&rsquo;aura lieu vers une organisation ou un pays \u00e0 moins que des contr\u00f4les ad\u00e9quats ne soient mis en place, y compris la s\u00e9curit\u00e9 de vos donn\u00e9es et autres informations personnelles.<\/p>\n<h2>Divulgation des donn\u00e9es<\/h2>\n<h3>Exigences l\u00e9gales<\/h3>\n<p>Dolphin Home Decor peut divulguer vos donn\u00e9es personnelles en croyant de bonne foi que cette action est n\u00e9cessaire pour :<\/p>\n<ul>\n<li>Pour se conformer \u00e0 une obligation l\u00e9gale<\/li>\n<li>Prot\u00e9ger et d\u00e9fendre les droits ou la propri\u00e9t\u00e9 de Dolphin Home Decor<\/li>\n<li>pr\u00e9venir ou enqu\u00eater sur d&rsquo;\u00e9ventuels actes r\u00e9pr\u00e9hensibles en rapport avec le service<\/li>\n<li>prot\u00e9ger la s\u00e9curit\u00e9 personnelle des utilisateurs du service ou du public<\/li>\n<li>Se prot\u00e9ger contre la responsabilit\u00e9 juridique<\/li>\n<\/ul>\n<h2>S\u00e9curit\u00e9 des donn\u00e9es<\/h2>\n<p>La s\u00e9curit\u00e9 de vos donn\u00e9es est importante pour nous, mais n&rsquo;oubliez pas qu&rsquo;aucune m\u00e9thode de transmission sur Internet ou de stockage \u00e9lectronique n&rsquo;est s\u00fbre \u00e0 100 %. Bien que nous nous efforcions d&rsquo;utiliser des moyens commercialement acceptables pour prot\u00e9ger vos donn\u00e9es personnelles, nous ne pouvons pas garantir leur s\u00e9curit\u00e9 absolue. <\/p>\n<h2>Prestataires de services<\/h2>\n<p>Nous pouvons faire appel \u00e0 des soci\u00e9t\u00e9s et des personnes tierces pour faciliter notre service (\u00ab\u00a0fournisseurs de services\u00a0\u00bb), pour fournir le service en notre nom, pour fournir des services li\u00e9s au service ou pour nous aider \u00e0 analyser la mani\u00e8re dont notre service est utilis\u00e9.<\/p>\n<p>Ces tiers n&rsquo;ont acc\u00e8s \u00e0 vos donn\u00e9es personnelles que pour effectuer ces t\u00e2ches en notre nom et sont tenus de ne pas les divulguer ou les utiliser \u00e0 d&rsquo;autres fins.<\/p>\n<h3>Analyse<\/h3>\n<p>Nous pouvons faire appel \u00e0 des prestataires de services tiers pour contr\u00f4ler et analyser l&rsquo;utilisation de notre service.<\/p>\n<ul>\n<li>\n<p><strong>Google Analytics<\/strong><\/p>\n<p>Google Analytics est un service d&rsquo;analyse du Web offert par Google qui permet de suivre et de rapporter le trafic sur les sites Web. Google utilise les donn\u00e9es collect\u00e9es pour suivre et contr\u00f4ler l&rsquo;utilisation de notre service. Ces donn\u00e9es sont partag\u00e9es avec d&rsquo;autres services de Google. Google peut utiliser les donn\u00e9es collect\u00e9es pour contextualiser et personnaliser les annonces de son propre r\u00e9seau publicitaire.   <\/p>\n<p>Vous pouvez refuser que votre activit\u00e9 sur le Service soit mise \u00e0 la disposition de Google Analytics en installant le module compl\u00e9mentaire de navigateur pour la d\u00e9sactivation de Google Analytics. Ce module emp\u00eache le JavaScript de Google Analytics (ga.js, analytics.js et dc.js) de partager avec Google Analytics des informations sur l&rsquo;activit\u00e9 des visiteurs. <\/p>\n<p>Pour plus d&rsquo;informations sur les pratiques de Google en mati\u00e8re de confidentialit\u00e9, veuillez consulter la page Web Google Privacy &amp; Terms (Confidentialit\u00e9 et conditions d&rsquo;utilisation) <a href=\"https:\/\/policies.google.com\/privacy?hl=en\">: https:\/\/policies.google.com\/privacy?hl=en<\/a><\/p>\n<\/li>\n<\/ul>\n<h2>Liens vers d&rsquo;autres sites<\/h2>\n<p>Notre service peut contenir des liens vers d&rsquo;autres sites qui ne sont pas exploit\u00e9s par nous. Si vous cliquez sur le lien d&rsquo;un tiers, vous serez dirig\u00e9 vers le site de ce tiers. Nous vous conseillons vivement de consulter la politique de confidentialit\u00e9 de chaque site que vous visitez.  <\/p>\n<p>Nous n&rsquo;avons aucun contr\u00f4le et n&rsquo;assumons aucune responsabilit\u00e9 quant au contenu, aux politiques de confidentialit\u00e9 ou aux pratiques des sites ou services tiers.<\/p>\n<h2>Vie priv\u00e9e des enfants<\/h2>\n<p>Notre service ne s&rsquo;adresse pas aux personnes \u00e2g\u00e9es de moins de 18 ans (\u00ab\u00a0enfants\u00a0\u00bb).<\/p>\n<p>Nous ne recueillons pas sciemment d&rsquo;informations personnellement identifiables aupr\u00e8s de personnes \u00e2g\u00e9es de moins de 18 ans. Si vous \u00eates un parent ou un tuteur et que vous savez que votre enfant nous a fourni des donn\u00e9es personnelles, veuillez nous contacter. Si nous apprenons que nous avons collect\u00e9 des donn\u00e9es personnelles aupr\u00e8s d&rsquo;enfants sans v\u00e9rification du consentement parental, nous prenons des mesures pour supprimer ces informations de nos serveurs.  <\/p>\n<h2>Modifications de la pr\u00e9sente politique de confidentialit\u00e9<\/h2>\n<p>Nous pouvons mettre \u00e0 jour notre politique de confidentialit\u00e9 de temps \u00e0 autre. Nous vous informerons de toute modification en publiant la nouvelle politique de confidentialit\u00e9 sur cette page. <\/p>\n<p>Nous vous en informerons par courrier \u00e9lectronique et\/ou par un avis bien visible sur notre service, avant que la modification n&rsquo;entre en vigueur et nous mettrons \u00e0 jour la \u00ab\u00a0date d&rsquo;entr\u00e9e en vigueur\u00a0\u00bb en haut de la pr\u00e9sente politique de confidentialit\u00e9.<\/p>\n<p>Nous vous conseillons de consulter r\u00e9guli\u00e8rement la pr\u00e9sente politique de confidentialit\u00e9 afin de prendre connaissance des \u00e9ventuelles modifications. Les modifications apport\u00e9es \u00e0 la pr\u00e9sente politique de protection de la vie priv\u00e9e entrent en vigueur au moment o\u00f9 elles sont publi\u00e9es sur cette page. <\/p>\n<h2>Contactez nous<\/h2>\n<p>Si vous avez des questions concernant cette politique de confidentialit\u00e9, veuillez nous contacter :<\/p>\n<ul>\n<li>Par courrier \u00e9lectronique : info@dolphinhomedecor.com<\/li>\n<li>En visitant cette page sur notre site web : https:\/\/dolphinhomedecor.com\/contact-us\/<\/li>\n<\/ul>\n","protected":false},"excerpt":{"rendered":"<p>Date d&rsquo;entr\u00e9e en vigueur : 23 novembre 2018 Dolphin Home Decor (\u00ab\u00a0nous\u00a0\u00bb, \u00ab\u00a0nous\u00a0\u00bb, ou \u00ab\u00a0notre\u00a0\u00bb) exploite le site web https:\/\/dolphinhomedecor.com (ci-apr\u00e8s d\u00e9nomm\u00e9 le \u00ab\u00a0Service\u00a0\u00bb). Cette page vous informe de nos politiques concernant la collecte, l&rsquo;utilisation et la divulgation des donn\u00e9es personnelles lorsque vous utilisez notre service et les choix que vous avez associ\u00e9s \u00e0 ces&hellip;<\/p>\n","protected":false},"author":1,"featured_media":0,"parent":0,"menu_order":0,"comment_status":"closed","ping_status":"closed","template":"","meta":{"_acf_changed":false,"footnotes":""},"class_list":["post-6066","page","type-page","status-publish","hentry"],"acf":[],"_links":{"self":[{"href":"https:\/\/dolphinhomedecor.com\/fr\/wp-json\/wp\/v2\/pages\/6066","targetHints":{"allow":["GET"]}}],"collection":[{"href":"https:\/\/dolphinhomedecor.com\/fr\/wp-json\/wp\/v2\/pages"}],"about":[{"href":"https:\/\/dolphinhomedecor.com\/fr\/wp-json\/wp\/v2\/types\/page"}],"author":[{"embeddable":true,"href":"https:\/\/dolphinhomedecor.com\/fr\/wp-json\/wp\/v2\/users\/1"}],"replies":[{"embeddable":true,"href":"https:\/\/dolphinhomedecor.com\/fr\/wp-json\/wp\/v2\/comments?post=6066"}],"version-history":[{"count":0,"href":"https:\/\/dolphinhomedecor.com\/fr\/wp-json\/wp\/v2\/pages\/6066\/revisions"}],"wp:attachment":[{"href":"https:\/\/dolphinhomedecor.com\/fr\/wp-json\/wp\/v2\/media?parent=6066"}],"curies":[{"name":"wp","href":"https:\/\/api.w.org\/{rel}","templated":true}]}}