{"id":6197,"date":"2018-11-11T18:48:57","date_gmt":"2025-05-12T18:11:20","guid":{"rendered":"https:\/\/dolphinhomedecor.com\/product\/armoire-a-linge-hagen\/"},"modified":"2025-05-12T14:11:20","modified_gmt":"2025-05-12T18:11:20","slug":"armoire-a-linge-hagen","status":"publish","type":"product","link":"https:\/\/dolphinhomedecor.com\/fr\/produit\/armoire-a-linge-hagen\/","title":{"rendered":"Armoire \u00e0 linge Hagen"},"content":{"rendered":"<p>24.4inch Laundry Cabinet<br \/>\nTaille : 24.4&Prime;(W) x 22&Prime;(D) x 30.5&Prime;(H)<br \/>\nMat\u00e9riau du dessus : acrylique (cUPC approved)<br \/>\nTaille de l&rsquo;\u00e9vier : 24.4&Prime; x 22&Prime;<br \/>\nProfondeur de l&rsquo;\u00e9vier : 11.4&Prime;<br \/>\nCapacit\u00e9 : 11.6 gallons<br \/>\nInstallation d&rsquo;un robinet 1 trou<br \/>\nMat\u00e9riau du corps : PB avec rev\u00eatement en m\u00e9lamine<br \/>\nMat\u00e9riau de la porte : MDF avec rev\u00eatement en PVC<br \/>\nDisponible en blanc et en espresso<br \/>\nDeux portes \u00e0 fermeture progressive avec charni\u00e8res dissimul\u00e9es<br \/>\nCorps du robinet : corps en alliage de zinc avec voie d&rsquo;eau hybride<br \/>\nT\u00eate du robinet : extractible avec douchette \u00e0 2 fonctions<br \/>\nFinition du robinet : nickel bross\u00e9<br \/>\nUn robinet extractible \u00e0 une main, un \u00e9gouttoir et un siphon en P sont inclus.<\/p>\n","protected":false},"excerpt":{"rendered":"<p>Hagen 24.4&Prime; Laundry Cabinet with Pull-Down Faucet and Acrylic Top (Armoire de buanderie 24.4&Prime; avec robinet \u00e0 tirette et dessus en acrylique)<\/p>\n","protected":false},"featured_media":6198,"comment_status":"closed","ping_status":"closed","template":"","meta":{"_acf_changed":false,"footnotes":""},"product_brand":[],"product_cat":[433],"product_tag":[],"class_list":{"0":"post-6197","1":"product","2":"type-product","3":"status-publish","4":"has-post-thumbnail","6":"product_cat-buanderie","7":"product_shipping_class-1-fr","8":"pa_cabinet-color-blanc","9":"pa_cabinet-color-espresso-fr","10":"pa_faucet-mounting-holes-80","11":"pa_product-length-24-4","12":"pa_tub-capacity-10-to-12-gallons","13":"pa_tub-material-acrylique-smc","14":"pa_tub-size-24-4","15":"pa_type-of-faucet-robinet-a-tirette","16":"style-classique","18":"first","19":"instock","20":"product-type-variable"},"acf":[],"_links":{"self":[{"href":"https:\/\/dolphinhomedecor.com\/fr\/wp-json\/wp\/v2\/product\/6197","targetHints":{"allow":["GET"]}}],"collection":[{"href":"https:\/\/dolphinhomedecor.com\/fr\/wp-json\/wp\/v2\/product"}],"about":[{"href":"https:\/\/dolphinhomedecor.com\/fr\/wp-json\/wp\/v2\/types\/product"}],"replies":[{"embeddable":true,"href":"https:\/\/dolphinhomedecor.com\/fr\/wp-json\/wp\/v2\/comments?post=6197"}],"version-history":[{"count":0,"href":"https:\/\/dolphinhomedecor.com\/fr\/wp-json\/wp\/v2\/product\/6197\/revisions"}],"wp:featuredmedia":[{"embeddable":true,"href":"https:\/\/dolphinhomedecor.com\/fr\/wp-json\/wp\/v2\/media\/6198"}],"wp:attachment":[{"href":"https:\/\/dolphinhomedecor.com\/fr\/wp-json\/wp\/v2\/media?parent=6197"}],"wp:term":[{"taxonomy":"product_brand","embeddable":true,"href":"https:\/\/dolphinhomedecor.com\/fr\/wp-json\/wp\/v2\/product_brand?post=6197"},{"taxonomy":"product_cat","embeddable":true,"href":"https:\/\/dolphinhomedecor.com\/fr\/wp-json\/wp\/v2\/product_cat?post=6197"},{"taxonomy":"product_tag","embeddable":true,"href":"https:\/\/dolphinhomedecor.com\/fr\/wp-json\/wp\/v2\/product_tag?post=6197"}],"curies":[{"name":"wp","href":"https:\/\/api.w.org\/{rel}","templated":true}]}}