{"id":6211,"date":"2018-11-11T17:24:14","date_gmt":"2025-05-12T18:13:08","guid":{"rendered":"https:\/\/dolphinhomedecor.com\/product\/collection-euro-30-vanite-a-pattes-de-metal\/"},"modified":"2025-05-12T14:13:08","modified_gmt":"2025-05-12T18:13:08","slug":"collection-euro-30-vanite-a-pattes-de-metal","status":"publish","type":"product","link":"https:\/\/dolphinhomedecor.com\/fr\/produit\/collection-euro-30-vanite-a-pattes-de-metal\/","title":{"rendered":"Collection Euro 30&Prime; Vanit\u00e9 \u00e0 pattes de m\u00e9tal"},"content":{"rendered":"<p>Meuble-lavabo de 30 pouces<br \/>\nTaille : 30&Prime;(L) x 13&Prime;(P) x 34&Prime;(H)<br \/>\nDessus en c\u00e9ramique, perc\u00e9 de 3 trous pour un robinet \u00e0 centre de 4&Prime; (robinet et drain non inclus)<br \/>\nMat\u00e9riau de la porte : MDF avec couvercle en PVC<br \/>\nMat\u00e9riau du corps : PB avec rev\u00eatement en m\u00e9lamine<br \/>\nBoutons chrom\u00e9s<br \/>\nDeux portes \u00e0 fermeture douce avec charni\u00e8res dissimul\u00e9es<br \/>\nPieds en fer au fini argent\u00e9<br \/>\nDisponible en blanc et chocolat<br \/>\nPr\u00e9-assembl\u00e9<\/p>\n","protected":false},"excerpt":{"rendered":"<p>Euro 30inch Metal Legs Vanity with Ceramic Top (meuble-lavabo \u00e0 pattes de m\u00e9tal avec dessus en c\u00e9ramique)<\/p>\n","protected":false},"featured_media":6212,"comment_status":"closed","ping_status":"closed","template":"","meta":{"_acf_changed":false,"footnotes":""},"product_brand":[],"product_cat":[441],"product_tag":[],"class_list":{"0":"post-6211","1":"product","2":"type-product","3":"status-publish","4":"has-post-thumbnail","6":"product_cat-vanites","7":"product_shipping_class-1-fr","8":"pa_cabinet-color-blanc","9":"pa_cabinet-color-chocolat","10":"pa_doors-yes","11":"pa_drawers-no","12":"pa_faucet-centerset-197","13":"pa_installation-type-autonome","14":"pa_panel-style-curved","15":"pa_product-width-32","16":"pa_product-width-ranges-in-24-to-32","17":"collection-euro-fr","18":"style-classique","20":"first","21":"instock","22":"product-type-variable"},"acf":[],"_links":{"self":[{"href":"https:\/\/dolphinhomedecor.com\/fr\/wp-json\/wp\/v2\/product\/6211","targetHints":{"allow":["GET"]}}],"collection":[{"href":"https:\/\/dolphinhomedecor.com\/fr\/wp-json\/wp\/v2\/product"}],"about":[{"href":"https:\/\/dolphinhomedecor.com\/fr\/wp-json\/wp\/v2\/types\/product"}],"replies":[{"embeddable":true,"href":"https:\/\/dolphinhomedecor.com\/fr\/wp-json\/wp\/v2\/comments?post=6211"}],"version-history":[{"count":0,"href":"https:\/\/dolphinhomedecor.com\/fr\/wp-json\/wp\/v2\/product\/6211\/revisions"}],"wp:featuredmedia":[{"embeddable":true,"href":"https:\/\/dolphinhomedecor.com\/fr\/wp-json\/wp\/v2\/media\/6212"}],"wp:attachment":[{"href":"https:\/\/dolphinhomedecor.com\/fr\/wp-json\/wp\/v2\/media?parent=6211"}],"wp:term":[{"taxonomy":"product_brand","embeddable":true,"href":"https:\/\/dolphinhomedecor.com\/fr\/wp-json\/wp\/v2\/product_brand?post=6211"},{"taxonomy":"product_cat","embeddable":true,"href":"https:\/\/dolphinhomedecor.com\/fr\/wp-json\/wp\/v2\/product_cat?post=6211"},{"taxonomy":"product_tag","embeddable":true,"href":"https:\/\/dolphinhomedecor.com\/fr\/wp-json\/wp\/v2\/product_tag?post=6211"}],"curies":[{"name":"wp","href":"https:\/\/api.w.org\/{rel}","templated":true}]}}