{"id":6219,"date":"2018-11-11T17:24:04","date_gmt":"2025-05-12T18:13:12","guid":{"rendered":"https:\/\/dolphinhomedecor.com\/product\/collection-braylee-meuble-lavabo-de-24-po\/"},"modified":"2025-05-12T14:13:12","modified_gmt":"2025-05-12T18:13:12","slug":"collection-braylee-meuble-lavabo-de-24-po","status":"publish","type":"product","link":"https:\/\/dolphinhomedecor.com\/fr\/produit\/collection-braylee-meuble-lavabo-de-24-po\/","title":{"rendered":"Collection Braylee Meuble-lavabo de 24 po"},"content":{"rendered":"<p>Meuble-lavabo 24 pouces<br \/>\nTaille : 23,6&Prime;(L) x 18,7&Prime;(P) x 33,5&Prime;(H)<br \/>\nDessus en c\u00e9ramique, perc\u00e9 de 3 trous pour un robinet \u00e0 centre de 4&Prime; (robinet et \u00e9gouttoir non inclus)<br \/>\nMat\u00e9riau des portes, des tiroirs et des pieds : MDF avec rev\u00eatement en PVC<br \/>\nMat\u00e9riau du corps : PB avec m\u00e9lamine<br \/>\nDeux portes \u00e0 fermeture douce<br \/>\nUn tiroir avec glissi\u00e8res de haute qualit\u00e9<br \/>\nEnsemble tout-en-un<br \/>\nPr\u00e9-assembl\u00e9<\/p>\n","protected":false},"excerpt":{"rendered":"<p>Meuble-lavabo Braylee 24 po avec dessus en c\u00e9ramique<\/p>\n","protected":false},"featured_media":6220,"comment_status":"closed","ping_status":"closed","template":"","meta":{"_acf_changed":false,"footnotes":""},"product_brand":[],"product_cat":[441],"product_tag":[],"class_list":{"0":"post-6219","1":"product","2":"type-product","3":"status-publish","4":"has-post-thumbnail","6":"product_cat-vanites","7":"product_shipping_class-1-fr","8":"pa_cabinet-color-blanc","9":"pa_cabinet-color-gris","10":"pa_doors-yes","11":"pa_drawers-yes","12":"pa_faucet-centerset-197","13":"pa_installation-type-autonome","14":"pa_panel-style-shaker","15":"pa_product-width-46","16":"pa_product-width-ranges-in-24-to-32","17":"collection-braylee-fr","18":"style-moderne","20":"first","21":"instock","22":"product-type-variable","23":"has-default-attributes"},"acf":[],"_links":{"self":[{"href":"https:\/\/dolphinhomedecor.com\/fr\/wp-json\/wp\/v2\/product\/6219","targetHints":{"allow":["GET"]}}],"collection":[{"href":"https:\/\/dolphinhomedecor.com\/fr\/wp-json\/wp\/v2\/product"}],"about":[{"href":"https:\/\/dolphinhomedecor.com\/fr\/wp-json\/wp\/v2\/types\/product"}],"replies":[{"embeddable":true,"href":"https:\/\/dolphinhomedecor.com\/fr\/wp-json\/wp\/v2\/comments?post=6219"}],"version-history":[{"count":0,"href":"https:\/\/dolphinhomedecor.com\/fr\/wp-json\/wp\/v2\/product\/6219\/revisions"}],"wp:featuredmedia":[{"embeddable":true,"href":"https:\/\/dolphinhomedecor.com\/fr\/wp-json\/wp\/v2\/media\/6220"}],"wp:attachment":[{"href":"https:\/\/dolphinhomedecor.com\/fr\/wp-json\/wp\/v2\/media?parent=6219"}],"wp:term":[{"taxonomy":"product_brand","embeddable":true,"href":"https:\/\/dolphinhomedecor.com\/fr\/wp-json\/wp\/v2\/product_brand?post=6219"},{"taxonomy":"product_cat","embeddable":true,"href":"https:\/\/dolphinhomedecor.com\/fr\/wp-json\/wp\/v2\/product_cat?post=6219"},{"taxonomy":"product_tag","embeddable":true,"href":"https:\/\/dolphinhomedecor.com\/fr\/wp-json\/wp\/v2\/product_tag?post=6219"}],"curies":[{"name":"wp","href":"https:\/\/api.w.org\/{rel}","templated":true}]}}