{"id":6230,"date":"2018-11-11T17:24:22","date_gmt":"2025-05-12T18:13:30","guid":{"rendered":"https:\/\/dolphinhomedecor.com\/product\/collection-romali-36-vanite\/"},"modified":"2025-05-12T14:13:30","modified_gmt":"2025-05-12T18:13:30","slug":"collection-romali-36-vanite","status":"publish","type":"product","link":"https:\/\/dolphinhomedecor.com\/fr\/produit\/collection-romali-36-vanite\/","title":{"rendered":"Collection Romali 36&Prime; Vanit\u00e9"},"content":{"rendered":"<p>Meuble-lavabo de 36 pouces<br \/>\nDimensions : 35,8&Prime;(L) x 18,3&Prime;(P) x 33,9&Prime;(H)<br \/>\nDessus en c\u00e9ramique, perc\u00e9 de 3 trous pour un robinet \u00e0 centre de 4&Prime; (robinet et \u00e9gouttoir non inclus)<br \/>\nMat\u00e9riau des portes et des tiroirs : PB avec rev\u00eatement en m\u00e9lamine<br \/>\nMat\u00e9riau du corps : structure en panneaux alv\u00e9olaires<br \/>\nDeux portes \u00e0 fermeture progressive<br \/>\nUn tiroir \u00e0 fermeture progressive<br \/>\nPoign\u00e9es en finition argent satin\u00e9<br \/>\nDisponible en bois noir<br \/>\nEnsemble tout-en-un<br \/>\nPr\u00e9-assembl\u00e9<\/p>\n","protected":false},"excerpt":{"rendered":"<p>Romali 36inch Vanity with Ceramic Top (meuble-lavabo de 36 pouces avec dessus en c\u00e9ramique)<\/p>\n","protected":false},"featured_media":6231,"comment_status":"closed","ping_status":"closed","template":"","meta":{"_acf_changed":false,"footnotes":""},"product_brand":[],"product_cat":[441],"product_tag":[],"class_list":{"0":"post-6230","1":"product","2":"type-product","3":"status-publish","4":"has-post-thumbnail","6":"product_cat-vanites","7":"product_shipping_class-1-fr","8":"pa_cabinet-color-bois-blanc","9":"pa_cabinet-color-bois-naturel","10":"pa_cabinet-color-bois-noir","11":"pa_cabinet-color-gris","12":"pa_doors-yes","13":"pa_drawers-yes","14":"pa_faucet-centerset-197","15":"pa_installation-type-autonome","16":"pa_panel-style-flat","17":"pa_product-width-27","18":"pa_product-width-ranges-in-36-to-48","19":"collection-romali-fr","20":"style-moderne","22":"first","23":"instock","24":"product-type-variable"},"acf":[],"_links":{"self":[{"href":"https:\/\/dolphinhomedecor.com\/fr\/wp-json\/wp\/v2\/product\/6230","targetHints":{"allow":["GET"]}}],"collection":[{"href":"https:\/\/dolphinhomedecor.com\/fr\/wp-json\/wp\/v2\/product"}],"about":[{"href":"https:\/\/dolphinhomedecor.com\/fr\/wp-json\/wp\/v2\/types\/product"}],"replies":[{"embeddable":true,"href":"https:\/\/dolphinhomedecor.com\/fr\/wp-json\/wp\/v2\/comments?post=6230"}],"version-history":[{"count":0,"href":"https:\/\/dolphinhomedecor.com\/fr\/wp-json\/wp\/v2\/product\/6230\/revisions"}],"wp:featuredmedia":[{"embeddable":true,"href":"https:\/\/dolphinhomedecor.com\/fr\/wp-json\/wp\/v2\/media\/6231"}],"wp:attachment":[{"href":"https:\/\/dolphinhomedecor.com\/fr\/wp-json\/wp\/v2\/media?parent=6230"}],"wp:term":[{"taxonomy":"product_brand","embeddable":true,"href":"https:\/\/dolphinhomedecor.com\/fr\/wp-json\/wp\/v2\/product_brand?post=6230"},{"taxonomy":"product_cat","embeddable":true,"href":"https:\/\/dolphinhomedecor.com\/fr\/wp-json\/wp\/v2\/product_cat?post=6230"},{"taxonomy":"product_tag","embeddable":true,"href":"https:\/\/dolphinhomedecor.com\/fr\/wp-json\/wp\/v2\/product_tag?post=6230"}],"curies":[{"name":"wp","href":"https:\/\/api.w.org\/{rel}","templated":true}]}}