{"id":6317,"date":"2022-02-04T15:31:59","date_gmt":"2025-05-12T18:20:01","guid":{"rendered":"https:\/\/dolphinhomedecor.com\/product\/armoire-a-pharmacie-20in\/"},"modified":"2025-05-12T14:20:01","modified_gmt":"2025-05-12T18:20:01","slug":"armoire-a-pharmacie-20in","status":"publish","type":"product","link":"https:\/\/dolphinhomedecor.com\/fr\/produit\/armoire-a-pharmacie-20in\/","title":{"rendered":"Armoire \u00e0 pharmacie 20in"},"content":{"rendered":"<p>Mat\u00e9riaux : PB avec m\u00e9lamine<br \/>\n1x porte \u00e0 fermeture douce avec miroir plat<br \/>\n1x porte \u00e0 miroir rabattable<br \/>\n1x \u00e9tag\u00e8re int\u00e9rieure r\u00e9glable<br \/>\n1x \u00e9tag\u00e8re suspendue en aluminium avec section magn\u00e9tique<br \/>\n1x loupe 5x<br \/>\nEmballage : Bo\u00eete brune avec \u00e9tiquette de couleur<br \/>\nPr\u00e9-assembl\u00e9<\/p>\n","protected":false},"excerpt":{"rendered":"<p>Armoire \u00e0 pharmacie 20in<\/p>\n","protected":false},"featured_media":6318,"comment_status":"closed","ping_status":"closed","template":"","meta":{"_acf_changed":false,"footnotes":""},"product_brand":[],"product_cat":[452],"product_tag":[],"class_list":{"0":"post-6317","1":"product","2":"type-product","3":"status-publish","4":"has-post-thumbnail","6":"product_cat-armoires-a-pharmacie","7":"pa_cabinet-color-bois","8":"pa_doors-yes","9":"pa_faucet-centerset-n-a","10":"pa_installation-type-fixation-murale","11":"pa_panel-style-mirror-door","12":"pa_product-width-51","13":"pa_product-width-ranges-in-315","14":"pa_top-material-n-a-fr","15":"collection-nevada-fr","16":"style-style-de-vie","18":"first","19":"instock","20":"product-type-variable"},"acf":[],"_links":{"self":[{"href":"https:\/\/dolphinhomedecor.com\/fr\/wp-json\/wp\/v2\/product\/6317","targetHints":{"allow":["GET"]}}],"collection":[{"href":"https:\/\/dolphinhomedecor.com\/fr\/wp-json\/wp\/v2\/product"}],"about":[{"href":"https:\/\/dolphinhomedecor.com\/fr\/wp-json\/wp\/v2\/types\/product"}],"replies":[{"embeddable":true,"href":"https:\/\/dolphinhomedecor.com\/fr\/wp-json\/wp\/v2\/comments?post=6317"}],"version-history":[{"count":0,"href":"https:\/\/dolphinhomedecor.com\/fr\/wp-json\/wp\/v2\/product\/6317\/revisions"}],"wp:featuredmedia":[{"embeddable":true,"href":"https:\/\/dolphinhomedecor.com\/fr\/wp-json\/wp\/v2\/media\/6318"}],"wp:attachment":[{"href":"https:\/\/dolphinhomedecor.com\/fr\/wp-json\/wp\/v2\/media?parent=6317"}],"wp:term":[{"taxonomy":"product_brand","embeddable":true,"href":"https:\/\/dolphinhomedecor.com\/fr\/wp-json\/wp\/v2\/product_brand?post=6317"},{"taxonomy":"product_cat","embeddable":true,"href":"https:\/\/dolphinhomedecor.com\/fr\/wp-json\/wp\/v2\/product_cat?post=6317"},{"taxonomy":"product_tag","embeddable":true,"href":"https:\/\/dolphinhomedecor.com\/fr\/wp-json\/wp\/v2\/product_tag?post=6317"}],"curies":[{"name":"wp","href":"https:\/\/api.w.org\/{rel}","templated":true}]}}