{"id":6320,"date":"2022-02-04T15:19:20","date_gmt":"2025-05-12T18:20:16","guid":{"rendered":"https:\/\/dolphinhomedecor.com\/product\/meuble-lavabo-42-newtown\/"},"modified":"2025-05-12T14:20:16","modified_gmt":"2025-05-12T18:20:16","slug":"meuble-lavabo-42-newtown","status":"publish","type":"product","link":"https:\/\/dolphinhomedecor.com\/fr\/produit\/meuble-lavabo-42-newtown\/","title":{"rendered":"Meuble-lavabo 42&Prime; Newtown"},"content":{"rendered":"<p>Dessus\uff1a0,71&Prime; de pierre artificielle blanche, perc\u00e9 de 3 trous pour un robinet de 4&Prime; (robinet et \u00e9gouttoir non inclus)<br \/>\nMat\u00e9riau du corps : PB avec finition en m\u00e9lamine. Panneau de porte shaker en finition PVC<br \/>\n2x portes avec charni\u00e8res \u00e0 fermeture douce<br \/>\n2x \u00e9tag\u00e8re int\u00e9rieure<br \/>\n2x tiroirs avec glissi\u00e8res \u00e0 fermeture douce<br \/>\nBouton carr\u00e9 et tirette rectangulaire en noir mat<br \/>\nPr\u00e9-assembl\u00e9 <\/p>\n","protected":false},"excerpt":{"rendered":"<p>Meuble-lavabo Newtown 42&Prime; avec dessus en pierre artificielle blanche<\/p>\n","protected":false},"featured_media":6321,"comment_status":"closed","ping_status":"closed","template":"","meta":{"_acf_changed":false,"footnotes":""},"product_brand":[],"product_cat":[441],"product_tag":[],"class_list":{"0":"post-6320","1":"product","2":"type-product","3":"status-publish","4":"has-post-thumbnail","6":"product_cat-vanites","7":"pa_cabinet-color-blanc","8":"pa_cabinet-color-brun-clair","9":"pa_doors-yes","10":"pa_faucet-centerset-single-hole","11":"pa_installation-type-autonome","12":"pa_panel-style-shaker","13":"pa_product-width-262","14":"pa_product-width-ranges-in-340","15":"pa_top-material-dessus-en-pierre-artificielle-blanche","16":"collection-newtown-fr","17":"style-style-de-vie","19":"first","20":"instock","21":"product-type-variable"},"acf":[],"_links":{"self":[{"href":"https:\/\/dolphinhomedecor.com\/fr\/wp-json\/wp\/v2\/product\/6320","targetHints":{"allow":["GET"]}}],"collection":[{"href":"https:\/\/dolphinhomedecor.com\/fr\/wp-json\/wp\/v2\/product"}],"about":[{"href":"https:\/\/dolphinhomedecor.com\/fr\/wp-json\/wp\/v2\/types\/product"}],"replies":[{"embeddable":true,"href":"https:\/\/dolphinhomedecor.com\/fr\/wp-json\/wp\/v2\/comments?post=6320"}],"version-history":[{"count":0,"href":"https:\/\/dolphinhomedecor.com\/fr\/wp-json\/wp\/v2\/product\/6320\/revisions"}],"wp:featuredmedia":[{"embeddable":true,"href":"https:\/\/dolphinhomedecor.com\/fr\/wp-json\/wp\/v2\/media\/6321"}],"wp:attachment":[{"href":"https:\/\/dolphinhomedecor.com\/fr\/wp-json\/wp\/v2\/media?parent=6320"}],"wp:term":[{"taxonomy":"product_brand","embeddable":true,"href":"https:\/\/dolphinhomedecor.com\/fr\/wp-json\/wp\/v2\/product_brand?post=6320"},{"taxonomy":"product_cat","embeddable":true,"href":"https:\/\/dolphinhomedecor.com\/fr\/wp-json\/wp\/v2\/product_cat?post=6320"},{"taxonomy":"product_tag","embeddable":true,"href":"https:\/\/dolphinhomedecor.com\/fr\/wp-json\/wp\/v2\/product_tag?post=6320"}],"curies":[{"name":"wp","href":"https:\/\/api.w.org\/{rel}","templated":true}]}}