{"id":6331,"date":"2024-01-08T03:54:17","date_gmt":"2025-05-12T18:20:38","guid":{"rendered":"https:\/\/dolphinhomedecor.com\/product\/collection-cordoba-48-vanite\/"},"modified":"2025-05-12T14:20:38","modified_gmt":"2025-05-12T18:20:38","slug":"collection-cordoba-48-vanite","status":"publish","type":"product","link":"https:\/\/dolphinhomedecor.com\/fr\/produit\/collection-cordoba-48-vanite\/","title":{"rendered":"Collection Cordoba 48&Prime; Vanit\u00e9"},"content":{"rendered":"<p>48&Prime; (L) x 20&Prime; (P) x 34,5&Prime; (H)<\/p>\n<p>Dessus : marbre blanc Articial, \u00e9paisseur 0,7&Prime;<br \/>\nEvier : \u00e9vier rectangulaire en c\u00e9ramique \u00e0 encastrer<br \/>\nMat\u00e9riaux du corps : Pieds en bois massif et panneau avant en MDF avec feuille de forme en PVC, PB avec panneaux lat\u00e9raux et inf\u00e9rieurs en m\u00e9lamine<br \/>\n2 portes \u00e0 fermeture progressive<br \/>\n4 tiroirs \u00e0 fermeture progressive<br \/>\n1 \u00e9tag\u00e8re r\u00e9glable<br \/>\nPanneaux avant des portes skinny shaker<br \/>\nPoign\u00e9es noueuses dor\u00e9es\/noires mattes<br \/>\nRobinet non inclus<br \/>\nPr\u00e9-assembl\u00e9<\/p>\n","protected":false},"excerpt":{"rendered":"<p>Meuble-lavabo Cordoba 42&Prime; avec dessus en marbre artificiel<\/p>\n","protected":false},"featured_media":6332,"comment_status":"closed","ping_status":"closed","template":"","meta":{"_acf_changed":false,"footnotes":""},"product_brand":[],"product_cat":[441],"product_tag":[],"class_list":{"0":"post-6331","1":"product","2":"type-product","3":"status-publish","4":"has-post-thumbnail","6":"product_cat-vanites","7":"product_shipping_class-1-fr","8":"pa_cabinet-color-blanc","9":"pa_cabinet-color-noir","10":"pa_doors-yes","11":"pa_drawers-yes","12":"pa_faucet-centerset-single-hole","13":"pa_installation-type-autonome","14":"pa_panel-style-shaker","15":"pa_product-width-67","16":"pa_product-width-ranges-in-36-to-48","17":"collection-cordoba-fr","18":"style-contemporain","20":"first","21":"instock","22":"product-type-variable","23":"has-default-attributes"},"acf":[],"_links":{"self":[{"href":"https:\/\/dolphinhomedecor.com\/fr\/wp-json\/wp\/v2\/product\/6331","targetHints":{"allow":["GET"]}}],"collection":[{"href":"https:\/\/dolphinhomedecor.com\/fr\/wp-json\/wp\/v2\/product"}],"about":[{"href":"https:\/\/dolphinhomedecor.com\/fr\/wp-json\/wp\/v2\/types\/product"}],"replies":[{"embeddable":true,"href":"https:\/\/dolphinhomedecor.com\/fr\/wp-json\/wp\/v2\/comments?post=6331"}],"version-history":[{"count":0,"href":"https:\/\/dolphinhomedecor.com\/fr\/wp-json\/wp\/v2\/product\/6331\/revisions"}],"wp:featuredmedia":[{"embeddable":true,"href":"https:\/\/dolphinhomedecor.com\/fr\/wp-json\/wp\/v2\/media\/6332"}],"wp:attachment":[{"href":"https:\/\/dolphinhomedecor.com\/fr\/wp-json\/wp\/v2\/media?parent=6331"}],"wp:term":[{"taxonomy":"product_brand","embeddable":true,"href":"https:\/\/dolphinhomedecor.com\/fr\/wp-json\/wp\/v2\/product_brand?post=6331"},{"taxonomy":"product_cat","embeddable":true,"href":"https:\/\/dolphinhomedecor.com\/fr\/wp-json\/wp\/v2\/product_cat?post=6331"},{"taxonomy":"product_tag","embeddable":true,"href":"https:\/\/dolphinhomedecor.com\/fr\/wp-json\/wp\/v2\/product_tag?post=6331"}],"curies":[{"name":"wp","href":"https:\/\/api.w.org\/{rel}","templated":true}]}}