{"id":6360,"date":"2024-12-01T22:08:09","date_gmt":"2025-05-12T18:29:39","guid":{"rendered":"https:\/\/dolphinhomedecor.com\/product\/douche-carree-caville-36in\/"},"modified":"2025-05-12T14:29:39","modified_gmt":"2025-05-12T18:29:39","slug":"douche-carree-caville-36in","status":"publish","type":"product","link":"https:\/\/dolphinhomedecor.com\/fr\/produit\/douche-carree-caville-36in\/","title":{"rendered":"Douche carr\u00e9e Caville 36in"},"content":{"rendered":"<p>Porte de douche coulissante carr\u00e9e :<br \/>\nVerre tremp\u00e9 transparent de 8 mm,<br \/>\nCadre et poign\u00e9e en aluminium noir mat<br \/>\nUne porte coulissante<br \/>\nR\u00e9versible pour une ouverture \u00e0 droite ou \u00e0 gauche<\/p>\n<p>Paroi de douche :<br \/>\nEn PVC<br \/>\n2 pi\u00e8ces avec motif marbre<br \/>\n1x bande d\u00e9corative en aluminium en finition noir mat<\/p>\n<p>Base de douche :<br \/>\nEn ABS Acrylique<br \/>\nDrain cach\u00e9 avec couvercle de drain en plastique<br \/>\nDrainage inclus<\/p>\n","protected":false},"excerpt":{"rendered":"<p>Douche carr\u00e9e Caville 36in<\/p>\n","protected":false},"featured_media":6362,"comment_status":"closed","ping_status":"closed","template":"","meta":{"_acf_changed":false,"footnotes":""},"product_brand":[],"product_cat":[458],"product_tag":[],"class_list":{"0":"post-6360","1":"product","2":"type-product","3":"status-publish","4":"has-post-thumbnail","6":"product_cat-douches","7":"collection-caville-fr","8":"style-moderne","10":"first","11":"instock","12":"taxable","13":"shipping-taxable","14":"product-type-simple"},"acf":[],"_links":{"self":[{"href":"https:\/\/dolphinhomedecor.com\/fr\/wp-json\/wp\/v2\/product\/6360","targetHints":{"allow":["GET"]}}],"collection":[{"href":"https:\/\/dolphinhomedecor.com\/fr\/wp-json\/wp\/v2\/product"}],"about":[{"href":"https:\/\/dolphinhomedecor.com\/fr\/wp-json\/wp\/v2\/types\/product"}],"replies":[{"embeddable":true,"href":"https:\/\/dolphinhomedecor.com\/fr\/wp-json\/wp\/v2\/comments?post=6360"}],"version-history":[{"count":0,"href":"https:\/\/dolphinhomedecor.com\/fr\/wp-json\/wp\/v2\/product\/6360\/revisions"}],"wp:featuredmedia":[{"embeddable":true,"href":"https:\/\/dolphinhomedecor.com\/fr\/wp-json\/wp\/v2\/media\/6362"}],"wp:attachment":[{"href":"https:\/\/dolphinhomedecor.com\/fr\/wp-json\/wp\/v2\/media?parent=6360"}],"wp:term":[{"taxonomy":"product_brand","embeddable":true,"href":"https:\/\/dolphinhomedecor.com\/fr\/wp-json\/wp\/v2\/product_brand?post=6360"},{"taxonomy":"product_cat","embeddable":true,"href":"https:\/\/dolphinhomedecor.com\/fr\/wp-json\/wp\/v2\/product_cat?post=6360"},{"taxonomy":"product_tag","embeddable":true,"href":"https:\/\/dolphinhomedecor.com\/fr\/wp-json\/wp\/v2\/product_tag?post=6360"}],"curies":[{"name":"wp","href":"https:\/\/api.w.org\/{rel}","templated":true}]}}