{"id":6370,"date":"2024-01-21T23:11:41","date_gmt":"2025-05-12T18:29:42","guid":{"rendered":"https:\/\/dolphinhomedecor.com\/product\/toilettes-richmond\/"},"modified":"2025-05-12T14:29:42","modified_gmt":"2025-05-12T18:29:42","slug":"toilettes-richmond","status":"publish","type":"product","link":"https:\/\/dolphinhomedecor.com\/fr\/produit\/toilettes-richmond\/","title":{"rendered":"Toilettes Richmond"},"content":{"rendered":"<p>Hauteur de 15,75&Prime; du sol au bord sup\u00e9rieur de la cuvette<br \/>\nCouvercle de si\u00e8ge \u00e0 d\u00e9clenchement rapide et \u00e0 fermeture souple<br \/>\nDouble chasse 4\/6L<br \/>\nCuvette ronde<br \/>\nValve de remplissage silencieuse anti-siphon<br \/>\nChasse d&rsquo;eau \u00e0 siphon<br \/>\nClapet de 3&Prime; de diam\u00e8tre, r\u00e9servoir doubl\u00e9<br \/>\nRaccordement de 12&Prime;<br \/>\nTout en un<br \/>\nLigne d&rsquo;alimentation en eau non incluse<\/p>\n","protected":false},"excerpt":{"rendered":"<p>1 PC WC \u00e0 double chasse 4\/6L, hauteur de cuvette ronde et confort<\/p>\n","protected":false},"featured_media":6371,"comment_status":"closed","ping_status":"closed","template":"","meta":{"_acf_changed":false,"footnotes":""},"product_brand":[],"product_cat":[456],"product_tag":[],"class_list":{"0":"post-6370","1":"product","2":"type-product","3":"status-publish","4":"has-post-thumbnail","6":"product_cat-toilettes","7":"pa_bowl-height-15-75","8":"pa_bowl-shape-round","9":"pa_flush-double","10":"pa_het-het","11":"pa_litreage-4-6l","12":"pa_map-143","13":"pa_pieces-147","14":"collection-richmond-fr","15":"style-moderne","17":"first","18":"instock","19":"product-type-variable"},"acf":[],"_links":{"self":[{"href":"https:\/\/dolphinhomedecor.com\/fr\/wp-json\/wp\/v2\/product\/6370","targetHints":{"allow":["GET"]}}],"collection":[{"href":"https:\/\/dolphinhomedecor.com\/fr\/wp-json\/wp\/v2\/product"}],"about":[{"href":"https:\/\/dolphinhomedecor.com\/fr\/wp-json\/wp\/v2\/types\/product"}],"replies":[{"embeddable":true,"href":"https:\/\/dolphinhomedecor.com\/fr\/wp-json\/wp\/v2\/comments?post=6370"}],"version-history":[{"count":0,"href":"https:\/\/dolphinhomedecor.com\/fr\/wp-json\/wp\/v2\/product\/6370\/revisions"}],"wp:featuredmedia":[{"embeddable":true,"href":"https:\/\/dolphinhomedecor.com\/fr\/wp-json\/wp\/v2\/media\/6371"}],"wp:attachment":[{"href":"https:\/\/dolphinhomedecor.com\/fr\/wp-json\/wp\/v2\/media?parent=6370"}],"wp:term":[{"taxonomy":"product_brand","embeddable":true,"href":"https:\/\/dolphinhomedecor.com\/fr\/wp-json\/wp\/v2\/product_brand?post=6370"},{"taxonomy":"product_cat","embeddable":true,"href":"https:\/\/dolphinhomedecor.com\/fr\/wp-json\/wp\/v2\/product_cat?post=6370"},{"taxonomy":"product_tag","embeddable":true,"href":"https:\/\/dolphinhomedecor.com\/fr\/wp-json\/wp\/v2\/product_tag?post=6370"}],"curies":[{"name":"wp","href":"https:\/\/api.w.org\/{rel}","templated":true}]}}