{"id":6391,"date":"2024-01-15T22:39:34","date_gmt":"2025-05-12T18:29:44","guid":{"rendered":"https:\/\/dolphinhomedecor.com\/product\/collection-helens-36-vanite\/"},"modified":"2025-05-12T14:29:44","modified_gmt":"2025-05-12T18:29:44","slug":"collection-helens-36-vanite","status":"publish","type":"product","link":"https:\/\/dolphinhomedecor.com\/fr\/produit\/collection-helens-36-vanite\/","title":{"rendered":"Collection Helens 36&Prime; Vanit\u00e9"},"content":{"rendered":"<p>36&Prime; (L) x 21&Prime; (P) x 34,5&Prime; (H)<\/p>\n<p>Dessus : pierre artificielle blanche de 18 mm d&rsquo;\u00e9paisseur avec \u00e9vier carr\u00e9 en c\u00e9ramique de 20&Prime; sous le comptoir<br \/>\nMat\u00e9riaux du meuble-lavabo : PB avec rev\u00eatement en m\u00e9lamine<br \/>\nPieds : Bois massif avec rev\u00eatement en PVC<br \/>\nPorte et tiroir : mat\u00e9riau : MDF avec rev\u00eatement en PVC<br \/>\n1x porte \u00e0 fermeture progressive<br \/>\n1x \u00e9tag\u00e8re r\u00e9glable<br \/>\n2x tiroirs \u00e0 fermeture progressive<br \/>\nPoign\u00e9e en finition or mat\/nickel bross\u00e9<br \/>\nRobinet non inclus<br \/>\nPr\u00e9-assembl\u00e9<\/p>\n","protected":false},"excerpt":{"rendered":"<p>Meuble-lavabo Helens 36&Prime; avec dessus en marbre artificiel<\/p>\n","protected":false},"featured_media":6392,"comment_status":"closed","ping_status":"closed","template":"","meta":{"_acf_changed":false,"footnotes":""},"product_brand":[],"product_cat":[441],"product_tag":[],"class_list":{"0":"post-6391","1":"product","2":"type-product","3":"status-publish","4":"has-post-thumbnail","6":"product_cat-vanites","7":"product_shipping_class-1-fr","8":"pa_cabinet-color-blanc","9":"pa_cabinet-color-gris","10":"pa_cabinet-color-vert","11":"pa_doors-yes","12":"pa_drawers-yes","13":"pa_faucet-centerset-single-hole","14":"pa_installation-type-autonome","15":"pa_panel-style-shaker","16":"pa_product-width-27","17":"pa_product-width-ranges-in-36-to-48","18":"collection-helens-fr","19":"style-classique","21":"first","22":"instock","23":"product-type-variable"},"acf":[],"_links":{"self":[{"href":"https:\/\/dolphinhomedecor.com\/fr\/wp-json\/wp\/v2\/product\/6391","targetHints":{"allow":["GET"]}}],"collection":[{"href":"https:\/\/dolphinhomedecor.com\/fr\/wp-json\/wp\/v2\/product"}],"about":[{"href":"https:\/\/dolphinhomedecor.com\/fr\/wp-json\/wp\/v2\/types\/product"}],"replies":[{"embeddable":true,"href":"https:\/\/dolphinhomedecor.com\/fr\/wp-json\/wp\/v2\/comments?post=6391"}],"version-history":[{"count":0,"href":"https:\/\/dolphinhomedecor.com\/fr\/wp-json\/wp\/v2\/product\/6391\/revisions"}],"wp:featuredmedia":[{"embeddable":true,"href":"https:\/\/dolphinhomedecor.com\/fr\/wp-json\/wp\/v2\/media\/6392"}],"wp:attachment":[{"href":"https:\/\/dolphinhomedecor.com\/fr\/wp-json\/wp\/v2\/media?parent=6391"}],"wp:term":[{"taxonomy":"product_brand","embeddable":true,"href":"https:\/\/dolphinhomedecor.com\/fr\/wp-json\/wp\/v2\/product_brand?post=6391"},{"taxonomy":"product_cat","embeddable":true,"href":"https:\/\/dolphinhomedecor.com\/fr\/wp-json\/wp\/v2\/product_cat?post=6391"},{"taxonomy":"product_tag","embeddable":true,"href":"https:\/\/dolphinhomedecor.com\/fr\/wp-json\/wp\/v2\/product_tag?post=6391"}],"curies":[{"name":"wp","href":"https:\/\/api.w.org\/{rel}","templated":true}]}}