{"id":6400,"date":"2020-10-12T12:46:40","date_gmt":"2025-05-13T12:23:29","guid":{"rendered":"https:\/\/dolphinhomedecor.com\/product\/armoire-a-pharmacie-de-salle-de-bain-20-en-noir\/"},"modified":"2025-05-13T08:23:29","modified_gmt":"2025-05-13T12:23:29","slug":"armoire-a-pharmacie-de-salle-de-bain-20-en-noir","status":"publish","type":"product","link":"https:\/\/dolphinhomedecor.com\/fr\/produit\/armoire-a-pharmacie-de-salle-de-bain-20-en-noir\/","title":{"rendered":"Armoire \u00e0 pharmacie de salle de bain 20&Prime; en noir"},"content":{"rendered":"<p>Taille : 20&Prime; (L) x 6&Prime; (P) x 30&Prime; (H)<br \/>\nMat\u00e9riaux : PB avec m\u00e9lamine<br \/>\nUne porte miroir \u00e0 fermeture douce<br \/>\nUne \u00e9tag\u00e8re r\u00e9glable<br \/>\nConception sans poign\u00e9e (ouvrir la porte en tirant sur le bas de la porte)<br \/>\nEmballage : Bo\u00eete marron avec \u00e9tiquette de couleur<br \/>\nPr\u00e9-assembl\u00e9<\/p>\n","protected":false},"excerpt":{"rendered":"<p>Armoire \u00e0 pharmacie de salle de bains 20&Prime;, sans cadre, \u00e0 monter en surface, en noir<\/p>\n","protected":false},"featured_media":6406,"comment_status":"closed","ping_status":"closed","template":"","meta":{"_acf_changed":false,"footnotes":""},"product_brand":[],"product_cat":[452],"product_tag":[],"class_list":{"0":"post-6400","1":"product","2":"type-product","3":"status-publish","4":"has-post-thumbnail","6":"product_cat-armoires-a-pharmacie","7":"pa_cabinet-color-noir","8":"pa_doors-yes","9":"pa_faucet-centerset-n-a","10":"pa_installation-type-fixation-murale","11":"pa_panel-style-mirror-door","12":"pa_product-width-51","13":"pa_product-width-ranges-in-13-to-24","14":"collection-nevada-fr","15":"style-contemporain","17":"first","18":"instock","19":"product-type-variable"},"acf":[],"_links":{"self":[{"href":"https:\/\/dolphinhomedecor.com\/fr\/wp-json\/wp\/v2\/product\/6400","targetHints":{"allow":["GET"]}}],"collection":[{"href":"https:\/\/dolphinhomedecor.com\/fr\/wp-json\/wp\/v2\/product"}],"about":[{"href":"https:\/\/dolphinhomedecor.com\/fr\/wp-json\/wp\/v2\/types\/product"}],"replies":[{"embeddable":true,"href":"https:\/\/dolphinhomedecor.com\/fr\/wp-json\/wp\/v2\/comments?post=6400"}],"version-history":[{"count":0,"href":"https:\/\/dolphinhomedecor.com\/fr\/wp-json\/wp\/v2\/product\/6400\/revisions"}],"wp:featuredmedia":[{"embeddable":true,"href":"https:\/\/dolphinhomedecor.com\/fr\/wp-json\/wp\/v2\/media\/6406"}],"wp:attachment":[{"href":"https:\/\/dolphinhomedecor.com\/fr\/wp-json\/wp\/v2\/media?parent=6400"}],"wp:term":[{"taxonomy":"product_brand","embeddable":true,"href":"https:\/\/dolphinhomedecor.com\/fr\/wp-json\/wp\/v2\/product_brand?post=6400"},{"taxonomy":"product_cat","embeddable":true,"href":"https:\/\/dolphinhomedecor.com\/fr\/wp-json\/wp\/v2\/product_cat?post=6400"},{"taxonomy":"product_tag","embeddable":true,"href":"https:\/\/dolphinhomedecor.com\/fr\/wp-json\/wp\/v2\/product_tag?post=6400"}],"curies":[{"name":"wp","href":"https:\/\/api.w.org\/{rel}","templated":true}]}}