{"id":6410,"date":"2020-10-12T11:16:35","date_gmt":"2025-05-13T12:23:31","guid":{"rendered":"https:\/\/dolphinhomedecor.com\/product\/armoire-a-linge-romali-2-0\/"},"modified":"2025-05-13T08:23:31","modified_gmt":"2025-05-13T12:23:31","slug":"armoire-a-linge-romali-2-0","status":"publish","type":"product","link":"https:\/\/dolphinhomedecor.com\/fr\/produit\/armoire-a-linge-romali-2-0\/","title":{"rendered":"Armoire \u00e0 linge Romali 2.0"},"content":{"rendered":"<p>Dimensions : 15,7&Prime; (L) x 11,8&Prime; (P) x 67&Prime; (H)<br \/>\nMat\u00e9riaux : PB avec acrylique brillant de premi\u00e8re qualit\u00e9<br \/>\nDeux portes \u00e0 fermeture douce<br \/>\nDeux \u00e9tag\u00e8res r\u00e9glables<br \/>\nPoign\u00e9es noires mates<br \/>\nPied de pied inclus<br \/>\nTout en un<br \/>\nPr\u00e9-assembl\u00e9<\/p>\n","protected":false},"excerpt":{"rendered":"<p>Romali2.0-armoire \u00e0 linge<\/p>\n","protected":false},"featured_media":6414,"comment_status":"closed","ping_status":"closed","template":"","meta":{"_acf_changed":false,"footnotes":""},"product_brand":[],"product_cat":[441],"product_tag":[],"class_list":{"0":"post-6410","1":"product","2":"type-product","3":"status-publish","4":"has-post-thumbnail","6":"product_cat-vanites","7":"pa_cabinet-color-blanc-brillant","8":"pa_cabinet-color-gris-brillant","9":"pa_doors-yes","10":"pa_faucet-centerset-n-a","11":"pa_installation-type-autonome","12":"pa_panel-style-flat","13":"pa_product-width-11-8","14":"pa_product-width-ranges-in-lower-than-24","15":"collection-romali-2-0-fr","16":"style-moderne","18":"first","19":"instock","20":"product-type-variable","21":"has-default-attributes"},"acf":[],"_links":{"self":[{"href":"https:\/\/dolphinhomedecor.com\/fr\/wp-json\/wp\/v2\/product\/6410","targetHints":{"allow":["GET"]}}],"collection":[{"href":"https:\/\/dolphinhomedecor.com\/fr\/wp-json\/wp\/v2\/product"}],"about":[{"href":"https:\/\/dolphinhomedecor.com\/fr\/wp-json\/wp\/v2\/types\/product"}],"replies":[{"embeddable":true,"href":"https:\/\/dolphinhomedecor.com\/fr\/wp-json\/wp\/v2\/comments?post=6410"}],"version-history":[{"count":0,"href":"https:\/\/dolphinhomedecor.com\/fr\/wp-json\/wp\/v2\/product\/6410\/revisions"}],"wp:featuredmedia":[{"embeddable":true,"href":"https:\/\/dolphinhomedecor.com\/fr\/wp-json\/wp\/v2\/media\/6414"}],"wp:attachment":[{"href":"https:\/\/dolphinhomedecor.com\/fr\/wp-json\/wp\/v2\/media?parent=6410"}],"wp:term":[{"taxonomy":"product_brand","embeddable":true,"href":"https:\/\/dolphinhomedecor.com\/fr\/wp-json\/wp\/v2\/product_brand?post=6410"},{"taxonomy":"product_cat","embeddable":true,"href":"https:\/\/dolphinhomedecor.com\/fr\/wp-json\/wp\/v2\/product_cat?post=6410"},{"taxonomy":"product_tag","embeddable":true,"href":"https:\/\/dolphinhomedecor.com\/fr\/wp-json\/wp\/v2\/product_tag?post=6410"}],"curies":[{"name":"wp","href":"https:\/\/api.w.org\/{rel}","templated":true}]}}