{"id":6412,"date":"2021-05-23T20:18:08","date_gmt":"2025-05-13T12:23:31","guid":{"rendered":"https:\/\/dolphinhomedecor.com\/product\/bolina-armoire-a-linge\/"},"modified":"2025-05-13T08:23:31","modified_gmt":"2025-05-13T12:23:31","slug":"bolina-armoire-a-linge","status":"publish","type":"product","link":"https:\/\/dolphinhomedecor.com\/fr\/produit\/bolina-armoire-a-linge\/","title":{"rendered":"Bolina Armoire \u00e0 linge"},"content":{"rendered":"<p>Mat\u00e9riau du plateau : marbre blanc artificiel, \u00e9paisseur 0,7&Prime;<br \/>\n\u00c9vier : \u00e9vier sous plan en acier inoxydable<br \/>\nMat\u00e9riau du corps : PB avec rev\u00eatement en m\u00e9lamine<br \/>\nMat\u00e9riau des portes et des pieds : MDF avec rev\u00eatement en PVC<br \/>\nDeux portes \u00e0 fermeture progressive avec charni\u00e8res dissimul\u00e9es<br \/>\nPoign\u00e9e en finition nickel bross\u00e9<br \/>\nRobinet \u00e0 une main<br \/>\nCorps du robinet : corps en alliage de zinc avec voie d&rsquo;eau hybride<br \/>\nT\u00eate du robinet : avec douchette \u00e0 2 fonctions ;<br \/>\nFinition de la quincaillerie : nickel bross\u00e9 ou noir mat<br \/>\nLe robinet comprend un appr\u00eat pour joint d&rsquo;\u00e9tanch\u00e9it\u00e9<br \/>\nComprend un robinet \u00e0 une main, un \u00e9gouttoir et un siphon<br \/>\nTout dans un seul emballage<\/p>\n","protected":false},"excerpt":{"rendered":"<p>Meuble de buanderie Bolina 30&Prime; avec dessus en marbre et \u00e9vier sous plan en acier inoxydable<\/p>\n","protected":false},"featured_media":6417,"comment_status":"closed","ping_status":"closed","template":"","meta":{"_acf_changed":false,"footnotes":""},"product_brand":[],"product_cat":[433],"product_tag":[],"class_list":{"0":"post-6412","1":"product","2":"type-product","3":"status-publish","4":"has-post-thumbnail","6":"product_cat-buanderie","7":"pa_cabinet-color-blanc","8":"pa_faucet-mounting-holes-80","9":"pa_product-length-297","10":"pa_tub-capacity-10-6-gallons","11":"pa_tub-material-acier-inoxydable","12":"pa_tub-size-22-8","13":"pa_type-of-faucet-robinet-a-tirette","14":"collection-bolina-fr","15":"style-style-de-vie","17":"first","18":"instock","19":"product-type-variable"},"acf":[],"_links":{"self":[{"href":"https:\/\/dolphinhomedecor.com\/fr\/wp-json\/wp\/v2\/product\/6412","targetHints":{"allow":["GET"]}}],"collection":[{"href":"https:\/\/dolphinhomedecor.com\/fr\/wp-json\/wp\/v2\/product"}],"about":[{"href":"https:\/\/dolphinhomedecor.com\/fr\/wp-json\/wp\/v2\/types\/product"}],"replies":[{"embeddable":true,"href":"https:\/\/dolphinhomedecor.com\/fr\/wp-json\/wp\/v2\/comments?post=6412"}],"version-history":[{"count":1,"href":"https:\/\/dolphinhomedecor.com\/fr\/wp-json\/wp\/v2\/product\/6412\/revisions"}],"predecessor-version":[{"id":7567,"href":"https:\/\/dolphinhomedecor.com\/fr\/wp-json\/wp\/v2\/product\/6412\/revisions\/7567"}],"wp:featuredmedia":[{"embeddable":true,"href":"https:\/\/dolphinhomedecor.com\/fr\/wp-json\/wp\/v2\/media\/6417"}],"wp:attachment":[{"href":"https:\/\/dolphinhomedecor.com\/fr\/wp-json\/wp\/v2\/media?parent=6412"}],"wp:term":[{"taxonomy":"product_brand","embeddable":true,"href":"https:\/\/dolphinhomedecor.com\/fr\/wp-json\/wp\/v2\/product_brand?post=6412"},{"taxonomy":"product_cat","embeddable":true,"href":"https:\/\/dolphinhomedecor.com\/fr\/wp-json\/wp\/v2\/product_cat?post=6412"},{"taxonomy":"product_tag","embeddable":true,"href":"https:\/\/dolphinhomedecor.com\/fr\/wp-json\/wp\/v2\/product_tag?post=6412"}],"curies":[{"name":"wp","href":"https:\/\/api.w.org\/{rel}","templated":true}]}}