{"id":6420,"date":"2020-10-12T15:13:15","date_gmt":"2025-05-13T12:23:31","guid":{"rendered":"https:\/\/dolphinhomedecor.com\/product\/wellington-36-white-kitchen-cart-2\/"},"modified":"2025-05-13T08:23:31","modified_gmt":"2025-05-13T12:23:31","slug":"wellington-36-white-kitchen-cart-2","status":"publish","type":"product","link":"https:\/\/dolphinhomedecor.com\/fr\/produit\/wellington-36-white-kitchen-cart-2\/","title":{"rendered":"Wellington 36&Prime; White Kitchen Cart"},"content":{"rendered":"<p>Taille : 36 \u00ab\u00a0W x 20 \u00ab\u00a0D x 36 \u00ab\u00a0H<br \/>\nDessus en acier inoxydable, corps en MDF avec finition peinture<br \/>\nUn tiroir avec organiseurs<br \/>\nUne porte \u00e0 fermeture douce avec trois \u00e9tag\u00e8res r\u00e9glables \u00e0 l&rsquo;int\u00e9rieur<br \/>\nUne \u00e9tag\u00e8re ouverte et un porte-verre \u00e0 vin sur le dessus<br \/>\nQuatre roues cach\u00e9es<br \/>\nAvec support pour porte-serviettes<br \/>\nPoign\u00e9es en finition noire mate<br \/>\nAssemblage requis<\/p>\n","protected":false},"excerpt":{"rendered":"<p>Wellington 36&Prime; White Kitchen Cart with stainless steel top (chariot de cuisine blanc avec dessus en acier inoxydable)<\/p>\n","protected":false},"featured_media":6423,"comment_status":"closed","ping_status":"closed","template":"","meta":{"_acf_changed":false,"footnotes":""},"product_brand":[],"product_cat":[465],"product_tag":[],"class_list":{"0":"post-6420","1":"product","2":"type-product","3":"status-publish","4":"has-post-thumbnail","6":"product_cat-chariots-de-cuisine","7":"pa_cabinet-color-blanc","8":"pa_doors-yes","9":"pa_faucet-centerset-n-a","10":"pa_installation-type-autonome","11":"pa_panel-style-shaker","12":"pa_product-width-27","13":"pa_product-width-ranges-in-36-to-48","14":"pa_top-material-acier-inoxydable","15":"collection-wellington-fr","16":"style-classique","18":"first","19":"instock","20":"product-type-variable"},"acf":[],"_links":{"self":[{"href":"https:\/\/dolphinhomedecor.com\/fr\/wp-json\/wp\/v2\/product\/6420","targetHints":{"allow":["GET"]}}],"collection":[{"href":"https:\/\/dolphinhomedecor.com\/fr\/wp-json\/wp\/v2\/product"}],"about":[{"href":"https:\/\/dolphinhomedecor.com\/fr\/wp-json\/wp\/v2\/types\/product"}],"replies":[{"embeddable":true,"href":"https:\/\/dolphinhomedecor.com\/fr\/wp-json\/wp\/v2\/comments?post=6420"}],"version-history":[{"count":0,"href":"https:\/\/dolphinhomedecor.com\/fr\/wp-json\/wp\/v2\/product\/6420\/revisions"}],"wp:featuredmedia":[{"embeddable":true,"href":"https:\/\/dolphinhomedecor.com\/fr\/wp-json\/wp\/v2\/media\/6423"}],"wp:attachment":[{"href":"https:\/\/dolphinhomedecor.com\/fr\/wp-json\/wp\/v2\/media?parent=6420"}],"wp:term":[{"taxonomy":"product_brand","embeddable":true,"href":"https:\/\/dolphinhomedecor.com\/fr\/wp-json\/wp\/v2\/product_brand?post=6420"},{"taxonomy":"product_cat","embeddable":true,"href":"https:\/\/dolphinhomedecor.com\/fr\/wp-json\/wp\/v2\/product_cat?post=6420"},{"taxonomy":"product_tag","embeddable":true,"href":"https:\/\/dolphinhomedecor.com\/fr\/wp-json\/wp\/v2\/product_tag?post=6420"}],"curies":[{"name":"wp","href":"https:\/\/api.w.org\/{rel}","templated":true}]}}