{"id":6422,"date":"2021-05-23T20:18:08","date_gmt":"2025-05-13T12:23:32","guid":{"rendered":"https:\/\/dolphinhomedecor.com\/product\/armoire-a-linge-saragosse\/"},"modified":"2025-05-13T08:23:32","modified_gmt":"2025-05-13T12:23:32","slug":"armoire-a-linge-saragosse","status":"publish","type":"product","link":"https:\/\/dolphinhomedecor.com\/fr\/produit\/armoire-a-linge-saragosse\/","title":{"rendered":"Armoire \u00e0 linge Saragosse"},"content":{"rendered":"<p>Mat\u00e9riau du dessus : acier inoxydable<br \/>\nMat\u00e9riau du corps : PB avec rev\u00eatement en m\u00e9lamine<br \/>\nMat\u00e9riau de la porte et du panneau avant : MDF avec rev\u00eatement en PVC<br \/>\nDeux portes \u00e0 fermeture progressive avec charni\u00e8res dissimul\u00e9es<br \/>\nPoign\u00e9e en alliage de zinc en finition nickel bross\u00e9<br \/>\nRobinet \u00e0 une main<br \/>\nCorps du robinet : Corps en alliage de zinc avec voie d&rsquo;eau hybride<br \/>\nT\u00eate de robinet : extractible avec douchette \u00e0 2 fonctions ;<br \/>\nFinition du robinet : nickel bross\u00e9<br \/>\nLe robinet comprend un appr\u00eat pour joint de siphon<br \/>\nComprend un robinet extractible \u00e0 une main, un \u00e9gouttoir et un siphon en P<br \/>\nTout en un.<\/p>\n","protected":false},"excerpt":{"rendered":"<p>Zaragoza 25\u2033 Laundry Cabinet with Pull-Down Faucet and Stainless Steel Top (armoire \u00e0 linge de 25\u2033 avec robinet \u00e0 tirette et dessus en acier inoxydable)<\/p>\n","protected":false},"featured_media":6427,"comment_status":"closed","ping_status":"closed","template":"","meta":{"_acf_changed":false,"footnotes":""},"product_brand":[],"product_cat":[433],"product_tag":[],"class_list":{"0":"post-6422","1":"product","2":"type-product","3":"status-publish","4":"has-post-thumbnail","6":"product_cat-buanderie","7":"pa_cabinet-color-blanc","8":"pa_faucet-mounting-holes-298","9":"pa_product-length-297","10":"pa_tub-capacity-11-6-gallons","11":"pa_tub-material-acier-inoxydable","12":"pa_tub-size-84","13":"pa_type-of-faucet-robinet-a-tirette","14":"collection-zaragoza-fr","15":"style-style-de-vie","17":"first","18":"instock","19":"product-type-variable"},"acf":[],"_links":{"self":[{"href":"https:\/\/dolphinhomedecor.com\/fr\/wp-json\/wp\/v2\/product\/6422","targetHints":{"allow":["GET"]}}],"collection":[{"href":"https:\/\/dolphinhomedecor.com\/fr\/wp-json\/wp\/v2\/product"}],"about":[{"href":"https:\/\/dolphinhomedecor.com\/fr\/wp-json\/wp\/v2\/types\/product"}],"replies":[{"embeddable":true,"href":"https:\/\/dolphinhomedecor.com\/fr\/wp-json\/wp\/v2\/comments?post=6422"}],"version-history":[{"count":0,"href":"https:\/\/dolphinhomedecor.com\/fr\/wp-json\/wp\/v2\/product\/6422\/revisions"}],"wp:featuredmedia":[{"embeddable":true,"href":"https:\/\/dolphinhomedecor.com\/fr\/wp-json\/wp\/v2\/media\/6427"}],"wp:attachment":[{"href":"https:\/\/dolphinhomedecor.com\/fr\/wp-json\/wp\/v2\/media?parent=6422"}],"wp:term":[{"taxonomy":"product_brand","embeddable":true,"href":"https:\/\/dolphinhomedecor.com\/fr\/wp-json\/wp\/v2\/product_brand?post=6422"},{"taxonomy":"product_cat","embeddable":true,"href":"https:\/\/dolphinhomedecor.com\/fr\/wp-json\/wp\/v2\/product_cat?post=6422"},{"taxonomy":"product_tag","embeddable":true,"href":"https:\/\/dolphinhomedecor.com\/fr\/wp-json\/wp\/v2\/product_tag?post=6422"}],"curies":[{"name":"wp","href":"https:\/\/api.w.org\/{rel}","templated":true}]}}