{"id":6433,"date":"2020-10-12T12:46:40","date_gmt":"2025-05-13T12:23:32","guid":{"rendered":"https:\/\/dolphinhomedecor.com\/product\/armoire-a-pharmacie-de-salle-de-bain-22-en-blanc\/"},"modified":"2025-05-13T08:23:32","modified_gmt":"2025-05-13T12:23:32","slug":"armoire-a-pharmacie-de-salle-de-bain-22-en-blanc","status":"publish","type":"product","link":"https:\/\/dolphinhomedecor.com\/fr\/produit\/armoire-a-pharmacie-de-salle-de-bain-22-en-blanc\/","title":{"rendered":"Armoire \u00e0 pharmacie de salle de bain 22&Prime; en blanc"},"content":{"rendered":"<p>Dimensions : 22&Prime; (L) x 6&Prime; (P) x 26&Prime; (H)<br \/>\nMat\u00e9riaux : PB avec m\u00e9lamine<br \/>\nUne porte miroir \u00e0 fermeture douce<br \/>\nDeux \u00e9tag\u00e8res r\u00e9glables<br \/>\nPoign\u00e9e ronde en nickel bross\u00e9<br \/>\nEmballage : Bo\u00eete brune avec \u00e9tiquette de couleur<br \/>\nPr\u00e9-assembl\u00e9<\/p>\n","protected":false},"excerpt":{"rendered":"<p>Armoire \u00e0 pharmacie de salle de bain de 22&Prime; \u00e0 montage en surface avec cadre en blanc<\/p>\n","protected":false},"featured_media":6434,"comment_status":"closed","ping_status":"closed","template":"","meta":{"_acf_changed":false,"footnotes":""},"product_brand":[],"product_cat":[452],"product_tag":[],"class_list":{"0":"post-6433","1":"product","2":"type-product","3":"status-publish","4":"has-post-thumbnail","6":"product_cat-armoires-a-pharmacie","7":"pa_cabinet-color-blanc","8":"pa_doors-yes","9":"pa_faucet-centerset-n-a","10":"pa_installation-type-fixation-murale","11":"pa_panel-style-mirror-door","12":"pa_product-width-44","13":"pa_product-width-ranges-in-13-to-24","14":"collection-manor-fr","15":"style-contemporain","17":"first","18":"instock","19":"product-type-variable"},"acf":[],"_links":{"self":[{"href":"https:\/\/dolphinhomedecor.com\/fr\/wp-json\/wp\/v2\/product\/6433","targetHints":{"allow":["GET"]}}],"collection":[{"href":"https:\/\/dolphinhomedecor.com\/fr\/wp-json\/wp\/v2\/product"}],"about":[{"href":"https:\/\/dolphinhomedecor.com\/fr\/wp-json\/wp\/v2\/types\/product"}],"replies":[{"embeddable":true,"href":"https:\/\/dolphinhomedecor.com\/fr\/wp-json\/wp\/v2\/comments?post=6433"}],"version-history":[{"count":0,"href":"https:\/\/dolphinhomedecor.com\/fr\/wp-json\/wp\/v2\/product\/6433\/revisions"}],"wp:featuredmedia":[{"embeddable":true,"href":"https:\/\/dolphinhomedecor.com\/fr\/wp-json\/wp\/v2\/media\/6434"}],"wp:attachment":[{"href":"https:\/\/dolphinhomedecor.com\/fr\/wp-json\/wp\/v2\/media?parent=6433"}],"wp:term":[{"taxonomy":"product_brand","embeddable":true,"href":"https:\/\/dolphinhomedecor.com\/fr\/wp-json\/wp\/v2\/product_brand?post=6433"},{"taxonomy":"product_cat","embeddable":true,"href":"https:\/\/dolphinhomedecor.com\/fr\/wp-json\/wp\/v2\/product_cat?post=6433"},{"taxonomy":"product_tag","embeddable":true,"href":"https:\/\/dolphinhomedecor.com\/fr\/wp-json\/wp\/v2\/product_tag?post=6433"}],"curies":[{"name":"wp","href":"https:\/\/api.w.org\/{rel}","templated":true}]}}