{"id":6450,"date":"2020-10-12T11:16:35","date_gmt":"2025-05-13T12:23:38","guid":{"rendered":"https:\/\/dolphinhomedecor.com\/product\/romali-2-0-24-vanite\/"},"modified":"2025-05-13T08:23:38","modified_gmt":"2025-05-13T12:23:38","slug":"romali-2-0-24-vanite","status":"publish","type":"product","link":"https:\/\/dolphinhomedecor.com\/fr\/produit\/romali-2-0-24-vanite\/","title":{"rendered":"Romali 2.0 24&Prime; Vanit\u00e9"},"content":{"rendered":"<p>Dimensions : 24&Prime; (L) x 14,9&Prime; (P) x 34&Prime; (H)<br \/>\nMat\u00e9riaux : PB avec acrylique brillant de premi\u00e8re qualit\u00e9<br \/>\nPlateau en c\u00e9ramique de 1,6 pouce d&rsquo;\u00e9paisseur avec 3 trous pour un robinet de 4 pouces (robinet et \u00e9gouttoir non inclus)<br \/>\nUn tiroir \u00e0 fermeture progressive<br \/>\nDeux portes \u00e0 fermeture progressive<br \/>\nPoign\u00e9es au fini chrom\u00e9<br \/>\nEnsemble tout-en-un<br \/>\nPr\u00e9-assembl\u00e9<\/p>\n","protected":false},"excerpt":{"rendered":"<p>Romali2.0-24inch Vanit\u00e9 avec dessus en c\u00e9ramique<\/p>\n","protected":false},"featured_media":6451,"comment_status":"closed","ping_status":"closed","template":"","meta":{"_acf_changed":false,"footnotes":""},"product_brand":[],"product_cat":[441],"product_tag":[],"class_list":{"0":"post-6450","1":"product","2":"type-product","3":"status-publish","4":"has-post-thumbnail","6":"product_cat-vanites","7":"pa_cabinet-color-blanc-brillant","8":"pa_cabinet-color-gris-brillant","9":"pa_doors-yes","10":"pa_faucet-centerset-197","11":"pa_installation-type-autonome","12":"pa_panel-style-flat","13":"pa_product-width-46","14":"pa_product-width-ranges-in-24-to-32","15":"collection-romali-2-0-fr","16":"style-moderne","18":"first","19":"instock","20":"product-type-variable","21":"has-default-attributes"},"acf":[],"_links":{"self":[{"href":"https:\/\/dolphinhomedecor.com\/fr\/wp-json\/wp\/v2\/product\/6450","targetHints":{"allow":["GET"]}}],"collection":[{"href":"https:\/\/dolphinhomedecor.com\/fr\/wp-json\/wp\/v2\/product"}],"about":[{"href":"https:\/\/dolphinhomedecor.com\/fr\/wp-json\/wp\/v2\/types\/product"}],"replies":[{"embeddable":true,"href":"https:\/\/dolphinhomedecor.com\/fr\/wp-json\/wp\/v2\/comments?post=6450"}],"version-history":[{"count":0,"href":"https:\/\/dolphinhomedecor.com\/fr\/wp-json\/wp\/v2\/product\/6450\/revisions"}],"wp:featuredmedia":[{"embeddable":true,"href":"https:\/\/dolphinhomedecor.com\/fr\/wp-json\/wp\/v2\/media\/6451"}],"wp:attachment":[{"href":"https:\/\/dolphinhomedecor.com\/fr\/wp-json\/wp\/v2\/media?parent=6450"}],"wp:term":[{"taxonomy":"product_brand","embeddable":true,"href":"https:\/\/dolphinhomedecor.com\/fr\/wp-json\/wp\/v2\/product_brand?post=6450"},{"taxonomy":"product_cat","embeddable":true,"href":"https:\/\/dolphinhomedecor.com\/fr\/wp-json\/wp\/v2\/product_cat?post=6450"},{"taxonomy":"product_tag","embeddable":true,"href":"https:\/\/dolphinhomedecor.com\/fr\/wp-json\/wp\/v2\/product_tag?post=6450"}],"curies":[{"name":"wp","href":"https:\/\/api.w.org\/{rel}","templated":true}]}}