{"id":6462,"date":"2020-10-12T11:16:26","date_gmt":"2025-05-13T12:24:23","guid":{"rendered":"https:\/\/dolphinhomedecor.com\/product\/meuble-lavabo-24-eaton\/"},"modified":"2025-05-13T08:24:23","modified_gmt":"2025-05-13T12:24:23","slug":"meuble-lavabo-24-eaton","status":"publish","type":"product","link":"https:\/\/dolphinhomedecor.com\/fr\/produit\/meuble-lavabo-24-eaton\/","title":{"rendered":"Meuble-lavabo 24&Prime; Eaton"},"content":{"rendered":"<p>Taille : 30&Prime;(L)x20&Prime;(P)x34&Prime;(H)<br \/>\nDessus : marbre blanc artificiel, \u00e9paisseur de 0,7&Prime;(18mm), perc\u00e9 de 3 trous pour un robinet de 4&Prime; (robinet et drain non inclus)<br \/>\n\u00c9vier rond de 20&Prime; en c\u00e9ramique \u00e0 encastrer<br \/>\nMat\u00e9riau du corps : Structure en bois massif, MDF avec peinture pour le corps<br \/>\n2 portes \u00e0 fermeture progressive avec panneau de porte cannel\u00e9<\/p>\n<p> 1 tiroir dissimul\u00e9 \u00e0 l&rsquo;int\u00e9rieur<br \/>\nPoign\u00e9e m\u00e9tallique en finition dor\u00e9e<br \/>\nPr\u00e9-assembl\u00e9<\/p>\n","protected":false},"excerpt":{"rendered":"<p>Meuble-lavabo Eaton 24 pouces avec dessus en marbre blanc artificiel<\/p>\n","protected":false},"featured_media":6463,"comment_status":"closed","ping_status":"closed","template":"","meta":{"_acf_changed":false,"footnotes":""},"product_brand":[],"product_cat":[441],"product_tag":[],"class_list":{"0":"post-6462","1":"product","2":"type-product","3":"status-publish","4":"has-post-thumbnail","6":"product_cat-vanites","7":"pa_cabinet-color-bleu-marine","8":"pa_doors-yes","9":"pa_faucet-centerset-197","10":"pa_installation-type-autonome","11":"pa_panel-style-shaker","12":"pa_product-width-32","13":"pa_product-width-ranges-in-24-to-32","14":"collection-eaton-fr","15":"style-classique","17":"first","18":"instock","19":"product-type-variable","20":"has-default-attributes"},"acf":[],"_links":{"self":[{"href":"https:\/\/dolphinhomedecor.com\/fr\/wp-json\/wp\/v2\/product\/6462","targetHints":{"allow":["GET"]}}],"collection":[{"href":"https:\/\/dolphinhomedecor.com\/fr\/wp-json\/wp\/v2\/product"}],"about":[{"href":"https:\/\/dolphinhomedecor.com\/fr\/wp-json\/wp\/v2\/types\/product"}],"replies":[{"embeddable":true,"href":"https:\/\/dolphinhomedecor.com\/fr\/wp-json\/wp\/v2\/comments?post=6462"}],"version-history":[{"count":0,"href":"https:\/\/dolphinhomedecor.com\/fr\/wp-json\/wp\/v2\/product\/6462\/revisions"}],"wp:featuredmedia":[{"embeddable":true,"href":"https:\/\/dolphinhomedecor.com\/fr\/wp-json\/wp\/v2\/media\/6463"}],"wp:attachment":[{"href":"https:\/\/dolphinhomedecor.com\/fr\/wp-json\/wp\/v2\/media?parent=6462"}],"wp:term":[{"taxonomy":"product_brand","embeddable":true,"href":"https:\/\/dolphinhomedecor.com\/fr\/wp-json\/wp\/v2\/product_brand?post=6462"},{"taxonomy":"product_cat","embeddable":true,"href":"https:\/\/dolphinhomedecor.com\/fr\/wp-json\/wp\/v2\/product_cat?post=6462"},{"taxonomy":"product_tag","embeddable":true,"href":"https:\/\/dolphinhomedecor.com\/fr\/wp-json\/wp\/v2\/product_tag?post=6462"}],"curies":[{"name":"wp","href":"https:\/\/api.w.org\/{rel}","templated":true}]}}