{"id":6464,"date":"2018-11-11T21:07:59","date_gmt":"2025-05-13T12:24:23","guid":{"rendered":"https:\/\/dolphinhomedecor.com\/product\/k1115-centre-de-douche-birmingham-38inch-pieces-detachees\/"},"modified":"2025-05-13T08:24:23","modified_gmt":"2025-05-13T12:24:23","slug":"k1115-centre-de-douche-birmingham-38inch-pieces-detachees","status":"publish","type":"product","link":"https:\/\/dolphinhomedecor.com\/fr\/produit\/k1115-centre-de-douche-birmingham-38inch-pieces-detachees\/","title":{"rendered":"K1115 Centre de douche Birmingham 38inch Pi\u00e8ces d\u00e9tach\u00e9es"},"content":{"rendered":"<p>Groupe de pi\u00e8ces pour douche k1115<\/p>\n","protected":false},"excerpt":{"rendered":"<p>Groupe de pi\u00e8ces pour douche k1115<\/p>\n","protected":false},"featured_media":6466,"comment_status":"closed","ping_status":"closed","template":"","meta":{"_acf_changed":false,"footnotes":""},"product_brand":[],"product_cat":[422],"product_tag":[471],"class_list":{"0":"post-6464","1":"product","2":"type-product","3":"status-publish","4":"has-post-thumbnail","6":"product_cat-pieces","7":"product_tag-k1115-fr","8":"product_shipping_class-1-fr","10":"first","11":"instock","12":"product-type-simple"},"acf":[],"_links":{"self":[{"href":"https:\/\/dolphinhomedecor.com\/fr\/wp-json\/wp\/v2\/product\/6464","targetHints":{"allow":["GET"]}}],"collection":[{"href":"https:\/\/dolphinhomedecor.com\/fr\/wp-json\/wp\/v2\/product"}],"about":[{"href":"https:\/\/dolphinhomedecor.com\/fr\/wp-json\/wp\/v2\/types\/product"}],"replies":[{"embeddable":true,"href":"https:\/\/dolphinhomedecor.com\/fr\/wp-json\/wp\/v2\/comments?post=6464"}],"version-history":[{"count":0,"href":"https:\/\/dolphinhomedecor.com\/fr\/wp-json\/wp\/v2\/product\/6464\/revisions"}],"wp:featuredmedia":[{"embeddable":true,"href":"https:\/\/dolphinhomedecor.com\/fr\/wp-json\/wp\/v2\/media\/6466"}],"wp:attachment":[{"href":"https:\/\/dolphinhomedecor.com\/fr\/wp-json\/wp\/v2\/media?parent=6464"}],"wp:term":[{"taxonomy":"product_brand","embeddable":true,"href":"https:\/\/dolphinhomedecor.com\/fr\/wp-json\/wp\/v2\/product_brand?post=6464"},{"taxonomy":"product_cat","embeddable":true,"href":"https:\/\/dolphinhomedecor.com\/fr\/wp-json\/wp\/v2\/product_cat?post=6464"},{"taxonomy":"product_tag","embeddable":true,"href":"https:\/\/dolphinhomedecor.com\/fr\/wp-json\/wp\/v2\/product_tag?post=6464"}],"curies":[{"name":"wp","href":"https:\/\/api.w.org\/{rel}","templated":true}]}}