{"id":6479,"date":"2018-11-11T21:07:59","date_gmt":"2025-05-13T12:24:24","guid":{"rendered":"https:\/\/dolphinhomedecor.com\/product\/k1110m-halton-shower-center-38inch-pieces-detachees\/"},"modified":"2025-05-13T08:24:24","modified_gmt":"2025-05-13T12:24:24","slug":"k1110m-halton-shower-center-38inch-pieces-detachees","status":"publish","type":"product","link":"https:\/\/dolphinhomedecor.com\/fr\/produit\/k1110m-halton-shower-center-38inch-pieces-detachees\/","title":{"rendered":"K1110M Halton Shower Center 38inch Pi\u00e8ces d\u00e9tach\u00e9es"},"content":{"rendered":"<p>Groupe de pi\u00e8ces pour la douche k1110M<\/p>\n","protected":false},"excerpt":{"rendered":"<p>Groupe de pi\u00e8ces pour la douche k1110M<\/p>\n","protected":false},"featured_media":6481,"comment_status":"closed","ping_status":"closed","template":"","meta":{"_acf_changed":false,"footnotes":""},"product_brand":[],"product_cat":[422],"product_tag":[475],"class_list":{"0":"post-6479","1":"product","2":"type-product","3":"status-publish","4":"has-post-thumbnail","6":"product_cat-pieces","7":"product_tag-k1110m-fr","8":"product_shipping_class-1-fr","10":"first","11":"instock","12":"product-type-simple"},"acf":[],"_links":{"self":[{"href":"https:\/\/dolphinhomedecor.com\/fr\/wp-json\/wp\/v2\/product\/6479","targetHints":{"allow":["GET"]}}],"collection":[{"href":"https:\/\/dolphinhomedecor.com\/fr\/wp-json\/wp\/v2\/product"}],"about":[{"href":"https:\/\/dolphinhomedecor.com\/fr\/wp-json\/wp\/v2\/types\/product"}],"replies":[{"embeddable":true,"href":"https:\/\/dolphinhomedecor.com\/fr\/wp-json\/wp\/v2\/comments?post=6479"}],"version-history":[{"count":0,"href":"https:\/\/dolphinhomedecor.com\/fr\/wp-json\/wp\/v2\/product\/6479\/revisions"}],"wp:featuredmedia":[{"embeddable":true,"href":"https:\/\/dolphinhomedecor.com\/fr\/wp-json\/wp\/v2\/media\/6481"}],"wp:attachment":[{"href":"https:\/\/dolphinhomedecor.com\/fr\/wp-json\/wp\/v2\/media?parent=6479"}],"wp:term":[{"taxonomy":"product_brand","embeddable":true,"href":"https:\/\/dolphinhomedecor.com\/fr\/wp-json\/wp\/v2\/product_brand?post=6479"},{"taxonomy":"product_cat","embeddable":true,"href":"https:\/\/dolphinhomedecor.com\/fr\/wp-json\/wp\/v2\/product_cat?post=6479"},{"taxonomy":"product_tag","embeddable":true,"href":"https:\/\/dolphinhomedecor.com\/fr\/wp-json\/wp\/v2\/product_tag?post=6479"}],"curies":[{"name":"wp","href":"https:\/\/api.w.org\/{rel}","templated":true}]}}