{"id":6480,"date":"2020-10-12T11:01:54","date_gmt":"2025-05-13T12:24:24","guid":{"rendered":"https:\/\/dolphinhomedecor.com\/product\/toilettes-de-perry\/"},"modified":"2025-05-13T08:24:24","modified_gmt":"2025-05-13T12:24:24","slug":"toilettes-de-perry","status":"publish","type":"product","link":"https:\/\/dolphinhomedecor.com\/fr\/produit\/toilettes-de-perry\/","title":{"rendered":"Toilettes de Perry"},"content":{"rendered":"<p>Dimensions hors tout : 27,2 \u00ab\u00a0x14,6 \u00ab\u00a0x30,7\u00a0\u00bb<br \/>\n1pc toilet<br \/>\nSingle flush<br \/>\nDisponible en 4,8L (1,28Gpf) single flush<br \/>\n3\u2033 flapper diameter<br \/>\n16.5\u2033 height from floor to top of the bowl rim<br \/>\nElongated bowl shape<br \/>\nConcealed trapway<br \/>\n12\u2033 rough-in<\/p>\n","protected":false},"excerpt":{"rendered":"<p>1pc Toilette allong\u00e9e \u00e0 hauteur de cuvette de 16,5 pouces \u00e0 chasse d&rsquo;eau unique encastr\u00e9e<\/p>\n","protected":false},"featured_media":6482,"comment_status":"closed","ping_status":"closed","template":"","meta":{"_acf_changed":false,"footnotes":""},"product_brand":[],"product_cat":[456],"product_tag":[],"class_list":{"0":"post-6480","1":"product","2":"type-product","3":"status-publish","4":"has-post-thumbnail","6":"product_cat-toilettes","7":"pa_bowl-height-16-5","8":"pa_bowl-shape-elongated","9":"pa_flush-celibataire","10":"pa_het-het","11":"pa_litreage-4-8l","12":"pa_map-143","13":"pa_pieces-131","14":"pa_trapway-design-trappe-dissimulee","15":"style-moderne","17":"first","18":"instock","19":"product-type-simple"},"acf":[],"_links":{"self":[{"href":"https:\/\/dolphinhomedecor.com\/fr\/wp-json\/wp\/v2\/product\/6480","targetHints":{"allow":["GET"]}}],"collection":[{"href":"https:\/\/dolphinhomedecor.com\/fr\/wp-json\/wp\/v2\/product"}],"about":[{"href":"https:\/\/dolphinhomedecor.com\/fr\/wp-json\/wp\/v2\/types\/product"}],"replies":[{"embeddable":true,"href":"https:\/\/dolphinhomedecor.com\/fr\/wp-json\/wp\/v2\/comments?post=6480"}],"version-history":[{"count":0,"href":"https:\/\/dolphinhomedecor.com\/fr\/wp-json\/wp\/v2\/product\/6480\/revisions"}],"wp:featuredmedia":[{"embeddable":true,"href":"https:\/\/dolphinhomedecor.com\/fr\/wp-json\/wp\/v2\/media\/6482"}],"wp:attachment":[{"href":"https:\/\/dolphinhomedecor.com\/fr\/wp-json\/wp\/v2\/media?parent=6480"}],"wp:term":[{"taxonomy":"product_brand","embeddable":true,"href":"https:\/\/dolphinhomedecor.com\/fr\/wp-json\/wp\/v2\/product_brand?post=6480"},{"taxonomy":"product_cat","embeddable":true,"href":"https:\/\/dolphinhomedecor.com\/fr\/wp-json\/wp\/v2\/product_cat?post=6480"},{"taxonomy":"product_tag","embeddable":true,"href":"https:\/\/dolphinhomedecor.com\/fr\/wp-json\/wp\/v2\/product_tag?post=6480"}],"curies":[{"name":"wp","href":"https:\/\/api.w.org\/{rel}","templated":true}]}}