{"id":6486,"date":"2018-11-11T21:07:59","date_gmt":"2025-05-13T12:24:33","guid":{"rendered":"https:\/\/dolphinhomedecor.com\/product\/k1110-manchester-shower-center-38inch-pieces-detachees\/"},"modified":"2025-05-13T08:24:33","modified_gmt":"2025-05-13T12:24:33","slug":"k1110-manchester-shower-center-38inch-pieces-detachees","status":"publish","type":"product","link":"https:\/\/dolphinhomedecor.com\/fr\/produit\/k1110-manchester-shower-center-38inch-pieces-detachees\/","title":{"rendered":"K1110 Manchester Shower Center 38inch Pi\u00e8ces d\u00e9tach\u00e9es"},"content":{"rendered":"<p>Groupe de pi\u00e8ces pour la douche k1110<\/p>\n","protected":false},"excerpt":{"rendered":"<p>Groupe de pi\u00e8ces pour la douche k1110<\/p>\n","protected":false},"featured_media":6487,"comment_status":"closed","ping_status":"closed","template":"","meta":{"_acf_changed":false,"footnotes":""},"product_brand":[],"product_cat":[422],"product_tag":[479],"class_list":{"0":"post-6486","1":"product","2":"type-product","3":"status-publish","4":"has-post-thumbnail","6":"product_cat-pieces","7":"product_tag-k1110-fr","8":"product_shipping_class-1-fr","10":"first","11":"instock","12":"product-type-simple"},"acf":[],"_links":{"self":[{"href":"https:\/\/dolphinhomedecor.com\/fr\/wp-json\/wp\/v2\/product\/6486","targetHints":{"allow":["GET"]}}],"collection":[{"href":"https:\/\/dolphinhomedecor.com\/fr\/wp-json\/wp\/v2\/product"}],"about":[{"href":"https:\/\/dolphinhomedecor.com\/fr\/wp-json\/wp\/v2\/types\/product"}],"replies":[{"embeddable":true,"href":"https:\/\/dolphinhomedecor.com\/fr\/wp-json\/wp\/v2\/comments?post=6486"}],"version-history":[{"count":0,"href":"https:\/\/dolphinhomedecor.com\/fr\/wp-json\/wp\/v2\/product\/6486\/revisions"}],"wp:featuredmedia":[{"embeddable":true,"href":"https:\/\/dolphinhomedecor.com\/fr\/wp-json\/wp\/v2\/media\/6487"}],"wp:attachment":[{"href":"https:\/\/dolphinhomedecor.com\/fr\/wp-json\/wp\/v2\/media?parent=6486"}],"wp:term":[{"taxonomy":"product_brand","embeddable":true,"href":"https:\/\/dolphinhomedecor.com\/fr\/wp-json\/wp\/v2\/product_brand?post=6486"},{"taxonomy":"product_cat","embeddable":true,"href":"https:\/\/dolphinhomedecor.com\/fr\/wp-json\/wp\/v2\/product_cat?post=6486"},{"taxonomy":"product_tag","embeddable":true,"href":"https:\/\/dolphinhomedecor.com\/fr\/wp-json\/wp\/v2\/product_tag?post=6486"}],"curies":[{"name":"wp","href":"https:\/\/api.w.org\/{rel}","templated":true}]}}