{"id":6558,"date":"2018-11-11T21:07:50","date_gmt":"2025-05-13T12:25:03","guid":{"rendered":"https:\/\/dolphinhomedecor.com\/product\/housse-de-siege-a-fermeture-rapide-pour-toilettes-allongees-encastrees\/"},"modified":"2025-05-13T08:25:03","modified_gmt":"2025-05-13T12:25:03","slug":"housse-de-siege-a-fermeture-rapide-pour-toilettes-allongees-encastrees","status":"publish","type":"product","link":"https:\/\/dolphinhomedecor.com\/fr\/produit\/housse-de-siege-a-fermeture-rapide-pour-toilettes-allongees-encastrees\/","title":{"rendered":"Housse de si\u00e8ge \u00e0 fermeture rapide pour toilettes allong\u00e9es encastr\u00e9es"},"content":{"rendered":"<p>Abattant de si\u00e8ge \u00e0 fermeture rapide pour toilettes allong\u00e9es B1028QSC<\/p>\n","protected":false},"excerpt":{"rendered":"<p>Abattant de si\u00e8ge \u00e0 fermeture rapide pour toilettes allong\u00e9es B1028QSC<\/p>\n","protected":false},"featured_media":6559,"comment_status":"closed","ping_status":"closed","template":"","meta":{"_acf_changed":false,"footnotes":""},"product_brand":[],"product_cat":[422],"product_tag":[495,425,493],"class_list":{"0":"post-6558","1":"product","2":"type-product","3":"status-publish","4":"has-post-thumbnail","6":"product_cat-pieces","7":"product_tag-dp2160ts48-fr","8":"product_tag-dp2161t53s48-fr","9":"product_tag-dp2511ts48-fr","10":"product_shipping_class-1-fr","12":"first","13":"instock","14":"product-type-simple"},"acf":[],"_links":{"self":[{"href":"https:\/\/dolphinhomedecor.com\/fr\/wp-json\/wp\/v2\/product\/6558","targetHints":{"allow":["GET"]}}],"collection":[{"href":"https:\/\/dolphinhomedecor.com\/fr\/wp-json\/wp\/v2\/product"}],"about":[{"href":"https:\/\/dolphinhomedecor.com\/fr\/wp-json\/wp\/v2\/types\/product"}],"replies":[{"embeddable":true,"href":"https:\/\/dolphinhomedecor.com\/fr\/wp-json\/wp\/v2\/comments?post=6558"}],"version-history":[{"count":0,"href":"https:\/\/dolphinhomedecor.com\/fr\/wp-json\/wp\/v2\/product\/6558\/revisions"}],"wp:featuredmedia":[{"embeddable":true,"href":"https:\/\/dolphinhomedecor.com\/fr\/wp-json\/wp\/v2\/media\/6559"}],"wp:attachment":[{"href":"https:\/\/dolphinhomedecor.com\/fr\/wp-json\/wp\/v2\/media?parent=6558"}],"wp:term":[{"taxonomy":"product_brand","embeddable":true,"href":"https:\/\/dolphinhomedecor.com\/fr\/wp-json\/wp\/v2\/product_brand?post=6558"},{"taxonomy":"product_cat","embeddable":true,"href":"https:\/\/dolphinhomedecor.com\/fr\/wp-json\/wp\/v2\/product_cat?post=6558"},{"taxonomy":"product_tag","embeddable":true,"href":"https:\/\/dolphinhomedecor.com\/fr\/wp-json\/wp\/v2\/product_tag?post=6558"}],"curies":[{"name":"wp","href":"https:\/\/api.w.org\/{rel}","templated":true}]}}