{"id":6561,"date":"2018-11-11T21:07:50","date_gmt":"2025-05-13T12:25:03","guid":{"rendered":"https:\/\/dolphinhomedecor.com\/product\/housse-de-siege-ordinaire-pour-toilettes-allongees\/"},"modified":"2025-05-13T08:25:03","modified_gmt":"2025-05-13T12:25:03","slug":"housse-de-siege-ordinaire-pour-toilettes-allongees","status":"publish","type":"product","link":"https:\/\/dolphinhomedecor.com\/fr\/produit\/housse-de-siege-ordinaire-pour-toilettes-allongees\/","title":{"rendered":"Housse de si\u00e8ge ordinaire pour toilettes allong\u00e9es"},"content":{"rendered":"<p>Housse de si\u00e8ge ordinaire pour toilettes allong\u00e9es<\/p>\n","protected":false},"excerpt":{"rendered":"<p>Housse de si\u00e8ge ordinaire pour toilettes allong\u00e9es<\/p>\n","protected":false},"featured_media":6563,"comment_status":"closed","ping_status":"closed","template":"","meta":{"_acf_changed":false,"footnotes":""},"product_brand":[],"product_cat":[422],"product_tag":[490,426],"class_list":{"0":"post-6561","1":"product","2":"type-product","3":"status-publish","4":"has-post-thumbnail","6":"product_cat-pieces","7":"product_tag-z34e18s61206-fr","8":"product_tag-z59e16s19306-fr","9":"product_shipping_class-1-fr","11":"first","12":"instock","13":"product-type-simple"},"acf":[],"_links":{"self":[{"href":"https:\/\/dolphinhomedecor.com\/fr\/wp-json\/wp\/v2\/product\/6561","targetHints":{"allow":["GET"]}}],"collection":[{"href":"https:\/\/dolphinhomedecor.com\/fr\/wp-json\/wp\/v2\/product"}],"about":[{"href":"https:\/\/dolphinhomedecor.com\/fr\/wp-json\/wp\/v2\/types\/product"}],"replies":[{"embeddable":true,"href":"https:\/\/dolphinhomedecor.com\/fr\/wp-json\/wp\/v2\/comments?post=6561"}],"version-history":[{"count":0,"href":"https:\/\/dolphinhomedecor.com\/fr\/wp-json\/wp\/v2\/product\/6561\/revisions"}],"wp:featuredmedia":[{"embeddable":true,"href":"https:\/\/dolphinhomedecor.com\/fr\/wp-json\/wp\/v2\/media\/6563"}],"wp:attachment":[{"href":"https:\/\/dolphinhomedecor.com\/fr\/wp-json\/wp\/v2\/media?parent=6561"}],"wp:term":[{"taxonomy":"product_brand","embeddable":true,"href":"https:\/\/dolphinhomedecor.com\/fr\/wp-json\/wp\/v2\/product_brand?post=6561"},{"taxonomy":"product_cat","embeddable":true,"href":"https:\/\/dolphinhomedecor.com\/fr\/wp-json\/wp\/v2\/product_cat?post=6561"},{"taxonomy":"product_tag","embeddable":true,"href":"https:\/\/dolphinhomedecor.com\/fr\/wp-json\/wp\/v2\/product_tag?post=6561"}],"curies":[{"name":"wp","href":"https:\/\/api.w.org\/{rel}","templated":true}]}}