{"id":6565,"date":"2018-11-11T21:07:50","date_gmt":"2025-05-13T12:25:09","guid":{"rendered":"https:\/\/dolphinhomedecor.com\/product\/housse-de-siege-a-fermeture-souple-pour-toilettes-allongees\/"},"modified":"2025-05-13T08:25:09","modified_gmt":"2025-05-13T12:25:09","slug":"housse-de-siege-a-fermeture-souple-pour-toilettes-allongees","status":"publish","type":"product","link":"https:\/\/dolphinhomedecor.com\/fr\/produit\/housse-de-siege-a-fermeture-souple-pour-toilettes-allongees\/","title":{"rendered":"Housse de si\u00e8ge \u00e0 fermeture souple pour toilettes allong\u00e9es"},"content":{"rendered":"<p>Abattant de si\u00e8ge \u00e0 fermeture souple pour toilettes allong\u00e9es<\/p>\n","protected":false},"excerpt":{"rendered":"<p>Abattant de si\u00e8ge \u00e0 fermeture souple pour toilettes allong\u00e9es<\/p>\n","protected":false},"featured_media":6567,"comment_status":"closed","ping_status":"closed","template":"","meta":{"_acf_changed":false,"footnotes":""},"product_brand":[],"product_cat":[422],"product_tag":[486,497,481,478,492,427,491,483,489],"class_list":{"0":"post-6565","1":"product","2":"type-product","3":"status-publish","4":"has-post-thumbnail","6":"product_cat-pieces","7":"product_tag-l20e16348-fr","8":"product_tag-l4816e346-fr","9":"product_tag-z22e16s18246-n-fr","10":"product_tag-z22e16s23246-fr","11":"product_tag-z59e16s11338-fr","12":"product_tag-z59e16s19348-fr","13":"product_tag-z59e16s22338-fr","14":"product_tag-z59e16s77348sr-fr","15":"product_tag-z66e17s66348-fr","16":"product_shipping_class-1-fr","18":"first","19":"instock","20":"product-type-simple"},"acf":[],"_links":{"self":[{"href":"https:\/\/dolphinhomedecor.com\/fr\/wp-json\/wp\/v2\/product\/6565","targetHints":{"allow":["GET"]}}],"collection":[{"href":"https:\/\/dolphinhomedecor.com\/fr\/wp-json\/wp\/v2\/product"}],"about":[{"href":"https:\/\/dolphinhomedecor.com\/fr\/wp-json\/wp\/v2\/types\/product"}],"replies":[{"embeddable":true,"href":"https:\/\/dolphinhomedecor.com\/fr\/wp-json\/wp\/v2\/comments?post=6565"}],"version-history":[{"count":0,"href":"https:\/\/dolphinhomedecor.com\/fr\/wp-json\/wp\/v2\/product\/6565\/revisions"}],"wp:featuredmedia":[{"embeddable":true,"href":"https:\/\/dolphinhomedecor.com\/fr\/wp-json\/wp\/v2\/media\/6567"}],"wp:attachment":[{"href":"https:\/\/dolphinhomedecor.com\/fr\/wp-json\/wp\/v2\/media?parent=6565"}],"wp:term":[{"taxonomy":"product_brand","embeddable":true,"href":"https:\/\/dolphinhomedecor.com\/fr\/wp-json\/wp\/v2\/product_brand?post=6565"},{"taxonomy":"product_cat","embeddable":true,"href":"https:\/\/dolphinhomedecor.com\/fr\/wp-json\/wp\/v2\/product_cat?post=6565"},{"taxonomy":"product_tag","embeddable":true,"href":"https:\/\/dolphinhomedecor.com\/fr\/wp-json\/wp\/v2\/product_tag?post=6565"}],"curies":[{"name":"wp","href":"https:\/\/api.w.org\/{rel}","templated":true}]}}