{"id":6575,"date":"2018-11-11T21:07:50","date_gmt":"2025-05-13T12:25:12","guid":{"rendered":"https:\/\/dolphinhomedecor.com\/product\/rr410310-joint-de-cuvette-pour-toilettes-a-clapet-3-deux-pieces\/"},"modified":"2025-05-13T08:25:12","modified_gmt":"2025-05-13T12:25:12","slug":"rr410310-joint-de-cuvette-pour-toilettes-a-clapet-3-deux-pieces","status":"publish","type":"product","link":"https:\/\/dolphinhomedecor.com\/fr\/produit\/rr410310-joint-de-cuvette-pour-toilettes-a-clapet-3-deux-pieces\/","title":{"rendered":"Rr410310 Joint de cuvette pour toilettes \u00e0 clapet 3&Prime; deux pi\u00e8ces"},"content":{"rendered":"<p>Joint de cuvette pour les toilettes \u00e0 clapet 3&Prime; \u00e0 deux pi\u00e8ces<\/p>\n","protected":false},"excerpt":{"rendered":"<p>Joint de cuvette pour les toilettes \u00e0 clapet 3&Prime; \u00e0 deux pi\u00e8ces<\/p>\n","protected":false},"featured_media":6578,"comment_status":"closed","ping_status":"closed","template":"","meta":{"_acf_changed":false,"footnotes":""},"product_brand":[],"product_cat":[422],"product_tag":[499,425,493,488,485,492,426,427,491,424,487,489],"class_list":{"0":"post-6575","1":"product","2":"type-product","3":"status-publish","4":"has-post-thumbnail","6":"product_cat-pieces","7":"product_tag-dp2160ts-fr","8":"product_tag-dp2161t53s48-fr","9":"product_tag-dp2511ts48-fr","10":"product_tag-z58r16s19306-fr","11":"product_tag-z58r16s19348-fr","12":"product_tag-z59e16s11338-fr","13":"product_tag-z59e16s19306-fr","14":"product_tag-z59e16s19348-fr","15":"product_tag-z59e16s22338-fr","16":"product_tag-z59r16s11338-fr","17":"product_tag-z59r16s22338-fr","18":"product_tag-z66e17s66348-fr","19":"product_shipping_class-1-fr","21":"first","22":"instock","23":"product-type-simple"},"acf":[],"_links":{"self":[{"href":"https:\/\/dolphinhomedecor.com\/fr\/wp-json\/wp\/v2\/product\/6575","targetHints":{"allow":["GET"]}}],"collection":[{"href":"https:\/\/dolphinhomedecor.com\/fr\/wp-json\/wp\/v2\/product"}],"about":[{"href":"https:\/\/dolphinhomedecor.com\/fr\/wp-json\/wp\/v2\/types\/product"}],"replies":[{"embeddable":true,"href":"https:\/\/dolphinhomedecor.com\/fr\/wp-json\/wp\/v2\/comments?post=6575"}],"version-history":[{"count":0,"href":"https:\/\/dolphinhomedecor.com\/fr\/wp-json\/wp\/v2\/product\/6575\/revisions"}],"wp:featuredmedia":[{"embeddable":true,"href":"https:\/\/dolphinhomedecor.com\/fr\/wp-json\/wp\/v2\/media\/6578"}],"wp:attachment":[{"href":"https:\/\/dolphinhomedecor.com\/fr\/wp-json\/wp\/v2\/media?parent=6575"}],"wp:term":[{"taxonomy":"product_brand","embeddable":true,"href":"https:\/\/dolphinhomedecor.com\/fr\/wp-json\/wp\/v2\/product_brand?post=6575"},{"taxonomy":"product_cat","embeddable":true,"href":"https:\/\/dolphinhomedecor.com\/fr\/wp-json\/wp\/v2\/product_cat?post=6575"},{"taxonomy":"product_tag","embeddable":true,"href":"https:\/\/dolphinhomedecor.com\/fr\/wp-json\/wp\/v2\/product_tag?post=6575"}],"curies":[{"name":"wp","href":"https:\/\/api.w.org\/{rel}","templated":true}]}}