{"id":6579,"date":"2018-11-11T21:07:50","date_gmt":"2025-05-13T12:25:12","guid":{"rendered":"https:\/\/dolphinhomedecor.com\/product\/housse-de-siege-soft-close-pour-toilettes-rondes\/"},"modified":"2025-05-13T08:25:12","modified_gmt":"2025-05-13T12:25:12","slug":"housse-de-siege-soft-close-pour-toilettes-rondes","status":"publish","type":"product","link":"https:\/\/dolphinhomedecor.com\/fr\/produit\/housse-de-siege-soft-close-pour-toilettes-rondes\/","title":{"rendered":"Housse de si\u00e8ge Soft Close pour toilettes rondes"},"content":{"rendered":"<p>Abattant de si\u00e8ge \u00e0 fermeture souple pour toilettes rondes<\/p>\n","protected":false},"excerpt":{"rendered":"<p>Abattant de si\u00e8ge \u00e0 fermeture souple pour toilettes rondes<\/p>\n","protected":false},"featured_media":6582,"comment_status":"closed","ping_status":"closed","template":"","meta":{"_acf_changed":false,"footnotes":""},"product_brand":[],"product_cat":[422],"product_tag":[484,434,485,424,487],"class_list":{"0":"post-6579","1":"product","2":"type-product","3":"status-publish","4":"has-post-thumbnail","6":"product_cat-pieces","7":"product_tag-z15r15s17248-fr","8":"product_tag-z15r15s18246-fr","9":"product_tag-z58r16s19348-fr","10":"product_tag-z59r16s11338-fr","11":"product_tag-z59r16s22338-fr","12":"product_shipping_class-1-fr","14":"first","15":"instock","16":"product-type-simple"},"acf":[],"_links":{"self":[{"href":"https:\/\/dolphinhomedecor.com\/fr\/wp-json\/wp\/v2\/product\/6579","targetHints":{"allow":["GET"]}}],"collection":[{"href":"https:\/\/dolphinhomedecor.com\/fr\/wp-json\/wp\/v2\/product"}],"about":[{"href":"https:\/\/dolphinhomedecor.com\/fr\/wp-json\/wp\/v2\/types\/product"}],"replies":[{"embeddable":true,"href":"https:\/\/dolphinhomedecor.com\/fr\/wp-json\/wp\/v2\/comments?post=6579"}],"version-history":[{"count":0,"href":"https:\/\/dolphinhomedecor.com\/fr\/wp-json\/wp\/v2\/product\/6579\/revisions"}],"wp:featuredmedia":[{"embeddable":true,"href":"https:\/\/dolphinhomedecor.com\/fr\/wp-json\/wp\/v2\/media\/6582"}],"wp:attachment":[{"href":"https:\/\/dolphinhomedecor.com\/fr\/wp-json\/wp\/v2\/media?parent=6579"}],"wp:term":[{"taxonomy":"product_brand","embeddable":true,"href":"https:\/\/dolphinhomedecor.com\/fr\/wp-json\/wp\/v2\/product_brand?post=6579"},{"taxonomy":"product_cat","embeddable":true,"href":"https:\/\/dolphinhomedecor.com\/fr\/wp-json\/wp\/v2\/product_cat?post=6579"},{"taxonomy":"product_tag","embeddable":true,"href":"https:\/\/dolphinhomedecor.com\/fr\/wp-json\/wp\/v2\/product_tag?post=6579"}],"curies":[{"name":"wp","href":"https:\/\/api.w.org\/{rel}","templated":true}]}}