{"id":6583,"date":"2018-11-11T21:07:50","date_gmt":"2025-05-13T12:25:13","guid":{"rendered":"https:\/\/dolphinhomedecor.com\/product\/r410311-joint-de-cuvette-pour-toilettes-a-clapet-2-deux-pieces\/"},"modified":"2025-05-13T08:25:13","modified_gmt":"2025-05-13T12:25:13","slug":"r410311-joint-de-cuvette-pour-toilettes-a-clapet-2-deux-pieces","status":"publish","type":"product","link":"https:\/\/dolphinhomedecor.com\/fr\/produit\/r410311-joint-de-cuvette-pour-toilettes-a-clapet-2-deux-pieces\/","title":{"rendered":"R410311 Joint de cuvette pour toilettes \u00e0 clapet 2&Prime; deux pi\u00e8ces"},"content":{"rendered":"<p>Joint de cuvette pour le WC \u00e0 clapet 2&Prime; en deux parties<\/p>\n","protected":false},"excerpt":{"rendered":"<p>Joint de cuvette pour le WC \u00e0 clapet 2&Prime; en deux parties<\/p>\n","protected":false},"featured_media":6586,"comment_status":"closed","ping_status":"closed","template":"","meta":{"_acf_changed":false,"footnotes":""},"product_brand":[],"product_cat":[422],"product_tag":[494,482,484,490],"class_list":{"0":"post-6583","1":"product","2":"type-product","3":"status-publish","4":"has-post-thumbnail","6":"product_cat-pieces","7":"product_tag-z15r15-10s17206-fr","8":"product_tag-z15r15s17206-fr","9":"product_tag-z15r15s17248-fr","10":"product_tag-z34e18s61206-fr","11":"product_shipping_class-1-fr","13":"first","14":"instock","15":"product-type-simple"},"acf":[],"_links":{"self":[{"href":"https:\/\/dolphinhomedecor.com\/fr\/wp-json\/wp\/v2\/product\/6583","targetHints":{"allow":["GET"]}}],"collection":[{"href":"https:\/\/dolphinhomedecor.com\/fr\/wp-json\/wp\/v2\/product"}],"about":[{"href":"https:\/\/dolphinhomedecor.com\/fr\/wp-json\/wp\/v2\/types\/product"}],"replies":[{"embeddable":true,"href":"https:\/\/dolphinhomedecor.com\/fr\/wp-json\/wp\/v2\/comments?post=6583"}],"version-history":[{"count":0,"href":"https:\/\/dolphinhomedecor.com\/fr\/wp-json\/wp\/v2\/product\/6583\/revisions"}],"wp:featuredmedia":[{"embeddable":true,"href":"https:\/\/dolphinhomedecor.com\/fr\/wp-json\/wp\/v2\/media\/6586"}],"wp:attachment":[{"href":"https:\/\/dolphinhomedecor.com\/fr\/wp-json\/wp\/v2\/media?parent=6583"}],"wp:term":[{"taxonomy":"product_brand","embeddable":true,"href":"https:\/\/dolphinhomedecor.com\/fr\/wp-json\/wp\/v2\/product_brand?post=6583"},{"taxonomy":"product_cat","embeddable":true,"href":"https:\/\/dolphinhomedecor.com\/fr\/wp-json\/wp\/v2\/product_cat?post=6583"},{"taxonomy":"product_tag","embeddable":true,"href":"https:\/\/dolphinhomedecor.com\/fr\/wp-json\/wp\/v2\/product_tag?post=6583"}],"curies":[{"name":"wp","href":"https:\/\/api.w.org\/{rel}","templated":true}]}}