{"id":6585,"date":"2018-11-11T21:07:50","date_gmt":"2025-05-13T12:25:13","guid":{"rendered":"https:\/\/dolphinhomedecor.com\/product\/r610112-joint-de-cuvette-pour-toilettes-a-clapet-2-deux-pieces\/"},"modified":"2025-05-13T08:25:13","modified_gmt":"2025-05-13T12:25:13","slug":"r610112-joint-de-cuvette-pour-toilettes-a-clapet-2-deux-pieces","status":"publish","type":"product","link":"https:\/\/dolphinhomedecor.com\/fr\/produit\/r610112-joint-de-cuvette-pour-toilettes-a-clapet-2-deux-pieces\/","title":{"rendered":"R610112 Joint de cuvette pour toilettes \u00e0 clapet 2&Prime; deux pi\u00e8ces"},"content":{"rendered":"<p>Joint de cuvette pour le WC \u00e0 clapet 2&Prime; en deux parties<\/p>\n","protected":false},"excerpt":{"rendered":"<p>Joint de cuvette pour le WC \u00e0 clapet 2&Prime; en deux parties<\/p>\n","protected":false},"featured_media":6588,"comment_status":"closed","ping_status":"closed","template":"","meta":{"_acf_changed":false,"footnotes":""},"product_brand":[],"product_cat":[422],"product_tag":[434,481,478],"class_list":{"0":"post-6585","1":"product","2":"type-product","3":"status-publish","4":"has-post-thumbnail","6":"product_cat-pieces","7":"product_tag-z15r15s18246-fr","8":"product_tag-z22e16s18246-n-fr","9":"product_tag-z22e16s23246-fr","10":"product_shipping_class-1-fr","12":"first","13":"instock","14":"product-type-simple"},"acf":[],"_links":{"self":[{"href":"https:\/\/dolphinhomedecor.com\/fr\/wp-json\/wp\/v2\/product\/6585","targetHints":{"allow":["GET"]}}],"collection":[{"href":"https:\/\/dolphinhomedecor.com\/fr\/wp-json\/wp\/v2\/product"}],"about":[{"href":"https:\/\/dolphinhomedecor.com\/fr\/wp-json\/wp\/v2\/types\/product"}],"replies":[{"embeddable":true,"href":"https:\/\/dolphinhomedecor.com\/fr\/wp-json\/wp\/v2\/comments?post=6585"}],"version-history":[{"count":0,"href":"https:\/\/dolphinhomedecor.com\/fr\/wp-json\/wp\/v2\/product\/6585\/revisions"}],"wp:featuredmedia":[{"embeddable":true,"href":"https:\/\/dolphinhomedecor.com\/fr\/wp-json\/wp\/v2\/media\/6588"}],"wp:attachment":[{"href":"https:\/\/dolphinhomedecor.com\/fr\/wp-json\/wp\/v2\/media?parent=6585"}],"wp:term":[{"taxonomy":"product_brand","embeddable":true,"href":"https:\/\/dolphinhomedecor.com\/fr\/wp-json\/wp\/v2\/product_brand?post=6585"},{"taxonomy":"product_cat","embeddable":true,"href":"https:\/\/dolphinhomedecor.com\/fr\/wp-json\/wp\/v2\/product_cat?post=6585"},{"taxonomy":"product_tag","embeddable":true,"href":"https:\/\/dolphinhomedecor.com\/fr\/wp-json\/wp\/v2\/product_tag?post=6585"}],"curies":[{"name":"wp","href":"https:\/\/api.w.org\/{rel}","templated":true}]}}