{"id":6686,"date":"2018-11-11T17:24:27","date_gmt":"2025-05-13T12:26:44","guid":{"rendered":"https:\/\/dolphinhomedecor.com\/product\/collection-lille-vanite-30\/"},"modified":"2025-05-13T08:26:44","modified_gmt":"2025-05-13T12:26:44","slug":"collection-lille-vanite-30","status":"publish","type":"product","link":"https:\/\/dolphinhomedecor.com\/fr\/produit\/collection-lille-vanite-30\/","title":{"rendered":"Collection Lille Vanit\u00e9 30"},"content":{"rendered":"<p>Meuble-lavabo 30 pouces<br \/>\nTaille : 30&Prime;(L) x 18.3&Prime;(P) x 22.8&Prime;(H)<br \/>\nDessus en c\u00e9ramique, perc\u00e9 de 3 trous pour un robinet \u00e0 centre de 4&Prime; (robinet et drain non inclus)<br \/>\nMat\u00e9riau des tiroirs : PB avec couvercle en acrylique<br \/>\nMat\u00e9riau du corps : PB avec m\u00e9lamine<br \/>\nDeux tiroirs \u00e0 ouverture par pression<br \/>\nFinition : blanc brillant<\/p>\n","protected":false},"excerpt":{"rendered":"<p>Meuble-lavabo Lille 30 po avec dessus en c\u00e9ramique<\/p>\n","protected":false},"featured_media":6688,"comment_status":"closed","ping_status":"closed","template":"","meta":{"_acf_changed":false,"footnotes":""},"product_brand":[],"product_cat":[441],"product_tag":[],"class_list":{"0":"post-6686","1":"product","2":"type-product","3":"status-publish","4":"has-post-thumbnail","6":"product_cat-vanites","7":"product_shipping_class-1-fr","8":"pa_cabinet-color-blanc-brillant","9":"pa_doors-no","10":"pa_drawers-yes","11":"pa_faucet-centerset-197","12":"pa_installation-type-accroche-au-mur","13":"pa_panel-style-flat","14":"pa_product-width-32","15":"pa_product-width-ranges-in-36-to-48","16":"collection-lille-fr","17":"style-moderne","19":"first","20":"instock","21":"product-type-variable"},"acf":[],"_links":{"self":[{"href":"https:\/\/dolphinhomedecor.com\/fr\/wp-json\/wp\/v2\/product\/6686","targetHints":{"allow":["GET"]}}],"collection":[{"href":"https:\/\/dolphinhomedecor.com\/fr\/wp-json\/wp\/v2\/product"}],"about":[{"href":"https:\/\/dolphinhomedecor.com\/fr\/wp-json\/wp\/v2\/types\/product"}],"replies":[{"embeddable":true,"href":"https:\/\/dolphinhomedecor.com\/fr\/wp-json\/wp\/v2\/comments?post=6686"}],"version-history":[{"count":0,"href":"https:\/\/dolphinhomedecor.com\/fr\/wp-json\/wp\/v2\/product\/6686\/revisions"}],"wp:featuredmedia":[{"embeddable":true,"href":"https:\/\/dolphinhomedecor.com\/fr\/wp-json\/wp\/v2\/media\/6688"}],"wp:attachment":[{"href":"https:\/\/dolphinhomedecor.com\/fr\/wp-json\/wp\/v2\/media?parent=6686"}],"wp:term":[{"taxonomy":"product_brand","embeddable":true,"href":"https:\/\/dolphinhomedecor.com\/fr\/wp-json\/wp\/v2\/product_brand?post=6686"},{"taxonomy":"product_cat","embeddable":true,"href":"https:\/\/dolphinhomedecor.com\/fr\/wp-json\/wp\/v2\/product_cat?post=6686"},{"taxonomy":"product_tag","embeddable":true,"href":"https:\/\/dolphinhomedecor.com\/fr\/wp-json\/wp\/v2\/product_tag?post=6686"}],"curies":[{"name":"wp","href":"https:\/\/api.w.org\/{rel}","templated":true}]}}