{"id":6694,"date":"2018-11-11T19:20:20","date_gmt":"2025-05-13T12:26:45","guid":{"rendered":"https:\/\/dolphinhomedecor.com\/product\/douche-halton-38\/"},"modified":"2025-05-13T08:26:45","modified_gmt":"2025-05-13T12:26:45","slug":"douche-halton-38","status":"publish","type":"product","link":"https:\/\/dolphinhomedecor.com\/fr\/produit\/douche-halton-38\/","title":{"rendered":"Douche Halton 38"},"content":{"rendered":"<p>Dimensions totales : 38 \u00ab\u00a0x38 \u00ab\u00a0x74&Prime;<br \/>\nPorte de douche :<br \/>\nDeux portes coulissantes, s\u00e9paration centrale<br \/>\nVerre tremp\u00e9 transparent de 6 mm<br \/>\nCadre en aluminium chrom\u00e9<br \/>\nPoign\u00e9e de porte en acier inoxydable<\/p>\n<p>Paroi de douche :<br \/>\nFabriqu\u00e9e en PVC, avec finition marbr\u00e9e<br \/>\nTrois tablettes en verre tremp\u00e9, \u00e9paisseur 6mm<\/p>\n<p>Base de douche :<br \/>\nFabriqu\u00e9e en PP (polym\u00e8re de prop\u00e8ne)<br \/>\nBase de 3\u00a0\u00bb, seuil bas, et pas de pied ajustable au bas<br \/>\nDrain cach\u00e9<br \/>\nDrain inclus<\/p>\n","protected":false},"excerpt":{"rendered":"<p>Halton 38inch Round Shower with Grey Tile Wall (Douche ronde de 38 pouces avec mur en carreaux gris)<\/p>\n","protected":false},"featured_media":6696,"comment_status":"closed","ping_status":"closed","template":"","meta":{"_acf_changed":false,"footnotes":""},"product_brand":[],"product_cat":[458],"product_tag":[],"class_list":{"0":"post-6694","1":"product","2":"type-product","3":"status-publish","4":"has-post-thumbnail","6":"product_cat-douches","7":"product_shipping_class-1-fr","8":"pa_door-style-sliding","9":"pa_glass-color-clair","10":"pa_glass-thickness-6mm","11":"pa_product-length-102","12":"pa_shape-rond","13":"pa_shower-base-height-109","14":"pa_wall-inclus","15":"style-style-de-vie","17":"first","18":"instock","19":"product-type-simple"},"acf":[],"_links":{"self":[{"href":"https:\/\/dolphinhomedecor.com\/fr\/wp-json\/wp\/v2\/product\/6694","targetHints":{"allow":["GET"]}}],"collection":[{"href":"https:\/\/dolphinhomedecor.com\/fr\/wp-json\/wp\/v2\/product"}],"about":[{"href":"https:\/\/dolphinhomedecor.com\/fr\/wp-json\/wp\/v2\/types\/product"}],"replies":[{"embeddable":true,"href":"https:\/\/dolphinhomedecor.com\/fr\/wp-json\/wp\/v2\/comments?post=6694"}],"version-history":[{"count":0,"href":"https:\/\/dolphinhomedecor.com\/fr\/wp-json\/wp\/v2\/product\/6694\/revisions"}],"wp:featuredmedia":[{"embeddable":true,"href":"https:\/\/dolphinhomedecor.com\/fr\/wp-json\/wp\/v2\/media\/6696"}],"wp:attachment":[{"href":"https:\/\/dolphinhomedecor.com\/fr\/wp-json\/wp\/v2\/media?parent=6694"}],"wp:term":[{"taxonomy":"product_brand","embeddable":true,"href":"https:\/\/dolphinhomedecor.com\/fr\/wp-json\/wp\/v2\/product_brand?post=6694"},{"taxonomy":"product_cat","embeddable":true,"href":"https:\/\/dolphinhomedecor.com\/fr\/wp-json\/wp\/v2\/product_cat?post=6694"},{"taxonomy":"product_tag","embeddable":true,"href":"https:\/\/dolphinhomedecor.com\/fr\/wp-json\/wp\/v2\/product_tag?post=6694"}],"curies":[{"name":"wp","href":"https:\/\/api.w.org\/{rel}","templated":true}]}}