{"id":6695,"date":"2018-11-11T17:24:22","date_gmt":"2025-05-13T12:26:45","guid":{"rendered":"https:\/\/dolphinhomedecor.com\/product\/collection-verona-24-vanite\/"},"modified":"2025-05-13T08:26:45","modified_gmt":"2025-05-13T12:26:45","slug":"collection-verona-24-vanite","status":"publish","type":"product","link":"https:\/\/dolphinhomedecor.com\/fr\/produit\/collection-verona-24-vanite\/","title":{"rendered":"Collection Verona 24&Prime; Vanit\u00e9"},"content":{"rendered":"<p>Meuble-lavabo 24 pouces<br \/>\nDimensions : 24&Prime;(L) x 14,3&Prime;(P) x 33,9&Prime;(H)<br \/>\nDessus en c\u00e9ramique, perc\u00e9 de 3 trous pour un robinet \u00e0 centre de 4&Prime; (robinet et \u00e9gouttoir non inclus)<br \/>\nMat\u00e9riau de la porte : PB avec rev\u00eatement en m\u00e9lamine<br \/>\nMat\u00e9riau du corps : panneau alv\u00e9olaire avec rev\u00eatement en m\u00e9lamine<br \/>\nDeux portes \u00e0 fermeture douce<br \/>\nEnsemble tout-en-un<\/p>\n","protected":false},"excerpt":{"rendered":"<p>Verona 24inch Vanity with Ceramic Top (meuble-lavabo de 24 pouces avec dessus en c\u00e9ramique)<\/p>\n","protected":false},"featured_media":6698,"comment_status":"closed","ping_status":"closed","template":"","meta":{"_acf_changed":false,"footnotes":""},"product_brand":[],"product_cat":[441],"product_tag":[],"class_list":{"0":"post-6695","1":"product","2":"type-product","3":"status-publish","4":"has-post-thumbnail","6":"product_cat-vanites","7":"product_shipping_class-1-fr","8":"pa_cabinet-color-bois-blanc","9":"pa_cabinet-color-bois-noir","10":"pa_cabinet-color-chene-rouge","11":"pa_doors-yes","12":"pa_drawers-no","13":"pa_faucet-centerset-197","14":"pa_installation-type-autonome","15":"pa_panel-style-flat","16":"pa_product-width-46","17":"pa_product-width-ranges-in-24-to-32","18":"collection-verona-fr","19":"style-moderne","21":"first","22":"instock","23":"product-type-variable"},"acf":[],"_links":{"self":[{"href":"https:\/\/dolphinhomedecor.com\/fr\/wp-json\/wp\/v2\/product\/6695","targetHints":{"allow":["GET"]}}],"collection":[{"href":"https:\/\/dolphinhomedecor.com\/fr\/wp-json\/wp\/v2\/product"}],"about":[{"href":"https:\/\/dolphinhomedecor.com\/fr\/wp-json\/wp\/v2\/types\/product"}],"replies":[{"embeddable":true,"href":"https:\/\/dolphinhomedecor.com\/fr\/wp-json\/wp\/v2\/comments?post=6695"}],"version-history":[{"count":0,"href":"https:\/\/dolphinhomedecor.com\/fr\/wp-json\/wp\/v2\/product\/6695\/revisions"}],"wp:featuredmedia":[{"embeddable":true,"href":"https:\/\/dolphinhomedecor.com\/fr\/wp-json\/wp\/v2\/media\/6698"}],"wp:attachment":[{"href":"https:\/\/dolphinhomedecor.com\/fr\/wp-json\/wp\/v2\/media?parent=6695"}],"wp:term":[{"taxonomy":"product_brand","embeddable":true,"href":"https:\/\/dolphinhomedecor.com\/fr\/wp-json\/wp\/v2\/product_brand?post=6695"},{"taxonomy":"product_cat","embeddable":true,"href":"https:\/\/dolphinhomedecor.com\/fr\/wp-json\/wp\/v2\/product_cat?post=6695"},{"taxonomy":"product_tag","embeddable":true,"href":"https:\/\/dolphinhomedecor.com\/fr\/wp-json\/wp\/v2\/product_tag?post=6695"}],"curies":[{"name":"wp","href":"https:\/\/api.w.org\/{rel}","templated":true}]}}