{"id":6714,"date":"2018-11-11T17:24:22","date_gmt":"2025-05-13T12:26:46","guid":{"rendered":"https:\/\/dolphinhomedecor.com\/product\/collection-romali-60-vanite\/"},"modified":"2025-05-13T08:26:46","modified_gmt":"2025-05-13T12:26:46","slug":"collection-romali-60-vanite","status":"publish","type":"product","link":"https:\/\/dolphinhomedecor.com\/fr\/produit\/collection-romali-60-vanite\/","title":{"rendered":"Collection Romali 60&Prime; Vanit\u00e9"},"content":{"rendered":"<p>Meuble-lavabo de 60 pouces<br \/>\nTaille : 60&Prime;(L) x 21&Prime;(P) x 33,9&Prime;(H)<br \/>\nPlateau en marbre artificiel avec deux \u00e9viers sous plan, perc\u00e9s de 3 trous pour un robinet \u00e0 centre de 4&Prime; (robinet et \u00e9gouttoir non inclus)<br \/>\nMat\u00e9riau des portes et des tiroirs : PB avec rev\u00eatement en m\u00e9lamine<br \/>\nMat\u00e9riau de la structure : panneau en nid d&rsquo;abeille<br \/>\nQuatre portes \u00e0 fermeture progressive<br \/>\nSix tiroirs \u00e0 fermeture progressive<br \/>\nPoign\u00e9es en finition argent satin\u00e9<br \/>\nDisponible en bois noir<br \/>\nEnsemble tout-en-un<br \/>\n&#8211; Pr\u00e9-assembl\u00e9<\/p>\n","protected":false},"excerpt":{"rendered":"<p>Romali 60inch Vanity with Artificial Marble Top (meuble-lavabo de 60 pouces avec dessus en marbre artificiel)<\/p>\n","protected":false},"featured_media":6721,"comment_status":"closed","ping_status":"closed","template":"","meta":{"_acf_changed":false,"footnotes":""},"product_brand":[],"product_cat":[441],"product_tag":[],"class_list":{"0":"post-6714","1":"product","2":"type-product","3":"status-publish","4":"has-post-thumbnail","6":"product_cat-vanites","7":"product_shipping_class-1-fr","8":"pa_cabinet-color-bois-blanc","9":"pa_cabinet-color-bois-naturel","10":"pa_cabinet-color-bois-noir","11":"pa_cabinet-color-gris","12":"pa_doors-yes","13":"pa_drawers-yes","14":"pa_faucet-centerset-197","15":"pa_installation-type-autonome","16":"pa_panel-style-flat","17":"pa_product-width-206","18":"pa_product-width-ranges-in-48-to-60","19":"collection-romali-fr","20":"style-moderne","22":"first","23":"instock","24":"product-type-variable"},"acf":[],"_links":{"self":[{"href":"https:\/\/dolphinhomedecor.com\/fr\/wp-json\/wp\/v2\/product\/6714","targetHints":{"allow":["GET"]}}],"collection":[{"href":"https:\/\/dolphinhomedecor.com\/fr\/wp-json\/wp\/v2\/product"}],"about":[{"href":"https:\/\/dolphinhomedecor.com\/fr\/wp-json\/wp\/v2\/types\/product"}],"replies":[{"embeddable":true,"href":"https:\/\/dolphinhomedecor.com\/fr\/wp-json\/wp\/v2\/comments?post=6714"}],"version-history":[{"count":0,"href":"https:\/\/dolphinhomedecor.com\/fr\/wp-json\/wp\/v2\/product\/6714\/revisions"}],"wp:featuredmedia":[{"embeddable":true,"href":"https:\/\/dolphinhomedecor.com\/fr\/wp-json\/wp\/v2\/media\/6721"}],"wp:attachment":[{"href":"https:\/\/dolphinhomedecor.com\/fr\/wp-json\/wp\/v2\/media?parent=6714"}],"wp:term":[{"taxonomy":"product_brand","embeddable":true,"href":"https:\/\/dolphinhomedecor.com\/fr\/wp-json\/wp\/v2\/product_brand?post=6714"},{"taxonomy":"product_cat","embeddable":true,"href":"https:\/\/dolphinhomedecor.com\/fr\/wp-json\/wp\/v2\/product_cat?post=6714"},{"taxonomy":"product_tag","embeddable":true,"href":"https:\/\/dolphinhomedecor.com\/fr\/wp-json\/wp\/v2\/product_tag?post=6714"}],"curies":[{"name":"wp","href":"https:\/\/api.w.org\/{rel}","templated":true}]}}