{"id":6780,"date":"2018-11-11T17:24:14","date_gmt":"2025-05-13T12:27:47","guid":{"rendered":"https:\/\/dolphinhomedecor.com\/product\/collection-florence-vanite-18\/"},"modified":"2025-05-13T08:27:47","modified_gmt":"2025-05-13T12:27:47","slug":"collection-florence-vanite-18","status":"publish","type":"product","link":"https:\/\/dolphinhomedecor.com\/fr\/produit\/collection-florence-vanite-18\/","title":{"rendered":"Collection Florence Vanit\u00e9 18"},"content":{"rendered":"<p>Meuble-lavabo 18 pouces<br \/>\nTaille : 18&Prime;(L) x 13,8&Prime;(P) x 33,9&Prime;(H)<br \/>\nDessus en c\u00e9ramique, perc\u00e9 d&rsquo;un trou pour un robinet \u00e0 une main (robinet et \u00e9gouttoir non inclus)<br \/>\nMat\u00e9riau du corps et de la porte : PB avec rev\u00eatement en acrylique brillant<br \/>\nUne porte \u00e0 fermeture progressive<br \/>\nQuatre pieds en m\u00e9tal<br \/>\nEmballage tout-en-un<br \/>\nPr\u00e9-assembl\u00e9<\/p>\n","protected":false},"excerpt":{"rendered":"<p>Meuble-lavabo Florence 18 pouces avec dessus en c\u00e9ramique<\/p>\n","protected":false},"featured_media":6307,"comment_status":"closed","ping_status":"closed","template":"","meta":{"_acf_changed":false,"footnotes":""},"product_brand":[],"product_cat":[441],"product_tag":[],"class_list":{"0":"post-6780","1":"product","2":"type-product","3":"status-publish","4":"has-post-thumbnail","6":"product_cat-vanites","7":"product_shipping_class-1-fr","8":"pa_cabinet-color-blanc-brillant","9":"pa_cabinet-color-gris-brillant","10":"pa_cabinet-color-noir-brillant","11":"pa_doors-yes","12":"pa_drawers-no","13":"pa_faucet-centerset-one-hole","14":"pa_installation-type-autonome","15":"pa_panel-style-flat","16":"pa_product-width-56","17":"pa_product-width-ranges-in-13-to-24","18":"collection-florence-fr","19":"style-moderne","21":"first","22":"instock","23":"product-type-variable"},"acf":[],"_links":{"self":[{"href":"https:\/\/dolphinhomedecor.com\/fr\/wp-json\/wp\/v2\/product\/6780","targetHints":{"allow":["GET"]}}],"collection":[{"href":"https:\/\/dolphinhomedecor.com\/fr\/wp-json\/wp\/v2\/product"}],"about":[{"href":"https:\/\/dolphinhomedecor.com\/fr\/wp-json\/wp\/v2\/types\/product"}],"replies":[{"embeddable":true,"href":"https:\/\/dolphinhomedecor.com\/fr\/wp-json\/wp\/v2\/comments?post=6780"}],"version-history":[{"count":0,"href":"https:\/\/dolphinhomedecor.com\/fr\/wp-json\/wp\/v2\/product\/6780\/revisions"}],"wp:featuredmedia":[{"embeddable":true,"href":"https:\/\/dolphinhomedecor.com\/fr\/wp-json\/wp\/v2\/media\/6307"}],"wp:attachment":[{"href":"https:\/\/dolphinhomedecor.com\/fr\/wp-json\/wp\/v2\/media?parent=6780"}],"wp:term":[{"taxonomy":"product_brand","embeddable":true,"href":"https:\/\/dolphinhomedecor.com\/fr\/wp-json\/wp\/v2\/product_brand?post=6780"},{"taxonomy":"product_cat","embeddable":true,"href":"https:\/\/dolphinhomedecor.com\/fr\/wp-json\/wp\/v2\/product_cat?post=6780"},{"taxonomy":"product_tag","embeddable":true,"href":"https:\/\/dolphinhomedecor.com\/fr\/wp-json\/wp\/v2\/product_tag?post=6780"}],"curies":[{"name":"wp","href":"https:\/\/api.w.org\/{rel}","templated":true}]}}