{"id":6796,"date":"2018-11-11T17:24:14","date_gmt":"2025-05-13T12:27:48","guid":{"rendered":"https:\/\/dolphinhomedecor.com\/product\/collection-euro-30-vanite\/"},"modified":"2025-05-13T08:27:48","modified_gmt":"2025-05-13T12:27:48","slug":"collection-euro-30-vanite","status":"publish","type":"product","link":"https:\/\/dolphinhomedecor.com\/fr\/produit\/collection-euro-30-vanite\/","title":{"rendered":"Collection Euro 30&Prime; Vanit\u00e9"},"content":{"rendered":"<p>Meuble-lavabo 30 pouces<br \/>\nTaille : 30&Prime;(L) x 13&Prime;(P) x 34&Prime;(H)<br \/>\nDessus en c\u00e9ramique, perc\u00e9 de 3 trous pour un robinet \u00e0 centre de 4&Prime; (robinet et \u00e9gouttoir non inclus)<br \/>\nMat\u00e9riau de la porte : MDF avec couvercle en PVC<br \/>\nMat\u00e9riau du corps : PB avec rev\u00eatement en m\u00e9lamine<br \/>\nPoign\u00e9es en nickel bross\u00e9<br \/>\nDeux portes \u00e0 fermeture douce avec charni\u00e8res dissimul\u00e9es<br \/>\nDisponible en blanc, espresso<br \/>\nPr\u00e9-assembl\u00e9<\/p>\n","protected":false},"excerpt":{"rendered":"<p>Meuble-lavabo Euro 30 pouces avec dessus en c\u00e9ramique<\/p>\n","protected":false},"featured_media":6797,"comment_status":"closed","ping_status":"closed","template":"","meta":{"_acf_changed":false,"footnotes":""},"product_brand":[],"product_cat":[441],"product_tag":[],"class_list":{"0":"post-6796","1":"product","2":"type-product","3":"status-publish","4":"has-post-thumbnail","6":"product_cat-vanites","7":"product_shipping_class-1-fr","8":"pa_cabinet-color-blanc","9":"pa_cabinet-color-espresso-fr","10":"pa_doors-yes","11":"pa_drawers-no","12":"pa_faucet-centerset-197","13":"pa_installation-type-autonome","14":"pa_panel-style-curved","15":"pa_product-width-32","16":"pa_product-width-ranges-in-24-to-32","17":"collection-euro-fr","18":"style-classique","20":"first","21":"instock","22":"product-type-variable"},"acf":[],"_links":{"self":[{"href":"https:\/\/dolphinhomedecor.com\/fr\/wp-json\/wp\/v2\/product\/6796","targetHints":{"allow":["GET"]}}],"collection":[{"href":"https:\/\/dolphinhomedecor.com\/fr\/wp-json\/wp\/v2\/product"}],"about":[{"href":"https:\/\/dolphinhomedecor.com\/fr\/wp-json\/wp\/v2\/types\/product"}],"replies":[{"embeddable":true,"href":"https:\/\/dolphinhomedecor.com\/fr\/wp-json\/wp\/v2\/comments?post=6796"}],"version-history":[{"count":0,"href":"https:\/\/dolphinhomedecor.com\/fr\/wp-json\/wp\/v2\/product\/6796\/revisions"}],"wp:featuredmedia":[{"embeddable":true,"href":"https:\/\/dolphinhomedecor.com\/fr\/wp-json\/wp\/v2\/media\/6797"}],"wp:attachment":[{"href":"https:\/\/dolphinhomedecor.com\/fr\/wp-json\/wp\/v2\/media?parent=6796"}],"wp:term":[{"taxonomy":"product_brand","embeddable":true,"href":"https:\/\/dolphinhomedecor.com\/fr\/wp-json\/wp\/v2\/product_brand?post=6796"},{"taxonomy":"product_cat","embeddable":true,"href":"https:\/\/dolphinhomedecor.com\/fr\/wp-json\/wp\/v2\/product_cat?post=6796"},{"taxonomy":"product_tag","embeddable":true,"href":"https:\/\/dolphinhomedecor.com\/fr\/wp-json\/wp\/v2\/product_tag?post=6796"}],"curies":[{"name":"wp","href":"https:\/\/api.w.org\/{rel}","templated":true}]}}