{"id":6823,"date":"2018-11-11T17:24:04","date_gmt":"2025-05-13T12:27:50","guid":{"rendered":"https:\/\/dolphinhomedecor.com\/product\/collection-braylee-meuble-lavabo-30\/"},"modified":"2025-05-13T08:27:50","modified_gmt":"2025-05-13T12:27:50","slug":"collection-braylee-meuble-lavabo-30","status":"publish","type":"product","link":"https:\/\/dolphinhomedecor.com\/fr\/produit\/collection-braylee-meuble-lavabo-30\/","title":{"rendered":"Collection Braylee Meuble-lavabo 30"},"content":{"rendered":"<p>Meuble-lavabo de 30 pouces<br \/>\nTaille : 30&Prime;(L) x 18.1&Prime;(P) x 33.9&Prime;(H)<br \/>\nDessus en c\u00e9ramique, perc\u00e9 de 3 trous pour un robinet \u00e0 centre de 4&Prime; (robinet et drain non inclus)<br \/>\nPortes, tiroirs et pattes : MDF avec rev\u00eatement en PVC<br \/>\nCorps : PB avec m\u00e9lamine<br \/>\nDeux portes \u00e0 fermeture douce<br \/>\nUn tiroir \u00e0 fermeture douce<br \/>\nEnsemble tout-en-un<br \/>\nPr\u00e9-assembl\u00e9<\/p>\n","protected":false},"excerpt":{"rendered":"<p>Meuble-lavabo Braylee 30 po avec dessus en c\u00e9ramique<\/p>\n","protected":false},"featured_media":6824,"comment_status":"closed","ping_status":"closed","template":"","meta":{"_acf_changed":false,"footnotes":""},"product_brand":[],"product_cat":[441],"product_tag":[],"class_list":{"0":"post-6823","1":"product","2":"type-product","3":"status-publish","4":"has-post-thumbnail","6":"product_cat-vanites","7":"product_shipping_class-1-fr","8":"pa_cabinet-color-blanc","9":"pa_cabinet-color-gris","10":"pa_doors-yes","11":"pa_drawers-yes","12":"pa_faucet-centerset-197","13":"pa_installation-type-autonome","14":"pa_panel-style-shaker","15":"pa_product-width-32","16":"pa_product-width-ranges-in-24-to-32","17":"collection-braylee-fr","18":"style-moderne","20":"first","21":"instock","22":"product-type-variable"},"acf":[],"_links":{"self":[{"href":"https:\/\/dolphinhomedecor.com\/fr\/wp-json\/wp\/v2\/product\/6823","targetHints":{"allow":["GET"]}}],"collection":[{"href":"https:\/\/dolphinhomedecor.com\/fr\/wp-json\/wp\/v2\/product"}],"about":[{"href":"https:\/\/dolphinhomedecor.com\/fr\/wp-json\/wp\/v2\/types\/product"}],"replies":[{"embeddable":true,"href":"https:\/\/dolphinhomedecor.com\/fr\/wp-json\/wp\/v2\/comments?post=6823"}],"version-history":[{"count":0,"href":"https:\/\/dolphinhomedecor.com\/fr\/wp-json\/wp\/v2\/product\/6823\/revisions"}],"wp:featuredmedia":[{"embeddable":true,"href":"https:\/\/dolphinhomedecor.com\/fr\/wp-json\/wp\/v2\/media\/6824"}],"wp:attachment":[{"href":"https:\/\/dolphinhomedecor.com\/fr\/wp-json\/wp\/v2\/media?parent=6823"}],"wp:term":[{"taxonomy":"product_brand","embeddable":true,"href":"https:\/\/dolphinhomedecor.com\/fr\/wp-json\/wp\/v2\/product_brand?post=6823"},{"taxonomy":"product_cat","embeddable":true,"href":"https:\/\/dolphinhomedecor.com\/fr\/wp-json\/wp\/v2\/product_cat?post=6823"},{"taxonomy":"product_tag","embeddable":true,"href":"https:\/\/dolphinhomedecor.com\/fr\/wp-json\/wp\/v2\/product_tag?post=6823"}],"curies":[{"name":"wp","href":"https:\/\/api.w.org\/{rel}","templated":true}]}}