{"id":7081,"date":"2025-04-07T23:28:45","date_gmt":"2025-05-13T12:32:01","guid":{"rendered":"https:\/\/dolphinhomedecor.com\/product\/collection-helens-vanite-24\/"},"modified":"2025-05-13T08:32:01","modified_gmt":"2025-05-13T12:32:01","slug":"collection-helens-vanite-24","status":"publish","type":"product","link":"https:\/\/dolphinhomedecor.com\/fr\/produit\/collection-helens-vanite-24\/","title":{"rendered":"Collection Helens Vanit\u00e9 24"},"content":{"rendered":"<p>24&Prime;(L)x18.8&Prime;(P)x34.5&Prime;(H)<\/p>\n<p>Plateau en c\u00e9ramique mince pr\u00e9-perc\u00e9 pour robinet monotrou (robinet et \u00e9gouttoir non inclus)<br \/>\nCorps : PB avec rev\u00eatement en m\u00e9lamine<br \/>\nTiroir ; MDF avec rev\u00eatement en PVC<br \/>\nDeux tiroirs \u00e0 fermeture progressive<br \/>\nTout en un<\/p>\n","protected":false},"excerpt":{"rendered":"<p>24&Prime;(L)x18.8&Prime;(P)x34.5&Prime;(H) Plateau en c\u00e9ramique mince pr\u00e9-perc\u00e9 pour robinet monotrou (robinet et \u00e9gouttoir non inclus) Corps : PB avec rev\u00eatement en m\u00e9lamine Tiroir ; MDF avec rev\u00eatement en PVC Deux tiroirs \u00e0 fermeture progressive Tout en un<\/p>\n","protected":false},"featured_media":7083,"comment_status":"closed","ping_status":"closed","template":"","meta":{"_acf_changed":false,"footnotes":""},"product_brand":[],"product_cat":[441],"product_tag":[],"class_list":{"0":"post-7081","1":"product","2":"type-product","3":"status-publish","4":"has-post-thumbnail","6":"product_cat-vanites","7":"pa_cabinet-color-blanc","8":"pa_cabinet-color-vert","9":"pa_doors-no","10":"pa_drawers-yes","11":"pa_panel-style-shaker","12":"pa_product-depth-18-8","13":"pa_product-width-46","14":"pa_top-material-plateau-en-ceramique","15":"collection-helens-fr","16":"style-classique","18":"first","19":"instock","20":"taxable","21":"shipping-taxable","22":"product-type-simple"},"acf":[],"_links":{"self":[{"href":"https:\/\/dolphinhomedecor.com\/fr\/wp-json\/wp\/v2\/product\/7081","targetHints":{"allow":["GET"]}}],"collection":[{"href":"https:\/\/dolphinhomedecor.com\/fr\/wp-json\/wp\/v2\/product"}],"about":[{"href":"https:\/\/dolphinhomedecor.com\/fr\/wp-json\/wp\/v2\/types\/product"}],"replies":[{"embeddable":true,"href":"https:\/\/dolphinhomedecor.com\/fr\/wp-json\/wp\/v2\/comments?post=7081"}],"version-history":[{"count":0,"href":"https:\/\/dolphinhomedecor.com\/fr\/wp-json\/wp\/v2\/product\/7081\/revisions"}],"wp:featuredmedia":[{"embeddable":true,"href":"https:\/\/dolphinhomedecor.com\/fr\/wp-json\/wp\/v2\/media\/7083"}],"wp:attachment":[{"href":"https:\/\/dolphinhomedecor.com\/fr\/wp-json\/wp\/v2\/media?parent=7081"}],"wp:term":[{"taxonomy":"product_brand","embeddable":true,"href":"https:\/\/dolphinhomedecor.com\/fr\/wp-json\/wp\/v2\/product_brand?post=7081"},{"taxonomy":"product_cat","embeddable":true,"href":"https:\/\/dolphinhomedecor.com\/fr\/wp-json\/wp\/v2\/product_cat?post=7081"},{"taxonomy":"product_tag","embeddable":true,"href":"https:\/\/dolphinhomedecor.com\/fr\/wp-json\/wp\/v2\/product_tag?post=7081"}],"curies":[{"name":"wp","href":"https:\/\/api.w.org\/{rel}","templated":true}]}}