{"id":7082,"date":"2024-12-03T04:00:35","date_gmt":"2025-05-13T12:32:01","guid":{"rendered":"https:\/\/dolphinhomedecor.com\/product\/toilette-solvang-4-8l\/"},"modified":"2025-05-13T08:32:01","modified_gmt":"2025-05-13T12:32:01","slug":"toilette-solvang-4-8l","status":"publish","type":"product","link":"https:\/\/dolphinhomedecor.com\/fr\/produit\/toilette-solvang-4-8l\/","title":{"rendered":"Toilette Solvang 4.8L"},"content":{"rendered":"<p>16,5&Prime; de hauteur du sol au bord sup\u00e9rieur de la cuvette<br \/>\nCouvercle de si\u00e8ge \u00e0 d\u00e9clenchement rapide et \u00e0 fermeture souple<br \/>\nChasse d&rsquo;eau simple de 4,8 L<br \/>\nCuvette allong\u00e9e<br \/>\nValve de remplissage silencieuse anti-siphon<br \/>\nChasse d&rsquo;eau \u00e0 siphon<br \/>\nChasse d&rsquo;eau de 3&Prime; de diam\u00e8tre, r\u00e9servoir doubl\u00e9<br \/>\nRaccordement de 12&Prime;<br \/>\nTout en un<br \/>\nLigne d&rsquo;alimentation en eau non incluse<\/p>\n","protected":false},"excerpt":{"rendered":"<p>1 PC WC simple chasse 4.8L, allong\u00e9 et hauteur de cuvette confort<\/p>\n","protected":false},"featured_media":7089,"comment_status":"closed","ping_status":"closed","template":"","meta":{"_acf_changed":false,"footnotes":""},"product_brand":[],"product_cat":[456],"product_tag":[],"class_list":{"0":"post-7082","1":"product","2":"type-product","3":"status-publish","4":"has-post-thumbnail","6":"product_cat-toilettes","7":"pa_bowl-height-16-5","8":"pa_bowl-shape-elongated","9":"pa_flush-celibataire","10":"pa_het-het","11":"pa_litreage-4-8l","12":"pa_map-138","13":"pa_pieces-147","14":"collection-solvang-fr","15":"style-moderne","17":"first","18":"instock","19":"product-type-variable"},"acf":[],"_links":{"self":[{"href":"https:\/\/dolphinhomedecor.com\/fr\/wp-json\/wp\/v2\/product\/7082","targetHints":{"allow":["GET"]}}],"collection":[{"href":"https:\/\/dolphinhomedecor.com\/fr\/wp-json\/wp\/v2\/product"}],"about":[{"href":"https:\/\/dolphinhomedecor.com\/fr\/wp-json\/wp\/v2\/types\/product"}],"replies":[{"embeddable":true,"href":"https:\/\/dolphinhomedecor.com\/fr\/wp-json\/wp\/v2\/comments?post=7082"}],"version-history":[{"count":0,"href":"https:\/\/dolphinhomedecor.com\/fr\/wp-json\/wp\/v2\/product\/7082\/revisions"}],"wp:featuredmedia":[{"embeddable":true,"href":"https:\/\/dolphinhomedecor.com\/fr\/wp-json\/wp\/v2\/media\/7089"}],"wp:attachment":[{"href":"https:\/\/dolphinhomedecor.com\/fr\/wp-json\/wp\/v2\/media?parent=7082"}],"wp:term":[{"taxonomy":"product_brand","embeddable":true,"href":"https:\/\/dolphinhomedecor.com\/fr\/wp-json\/wp\/v2\/product_brand?post=7082"},{"taxonomy":"product_cat","embeddable":true,"href":"https:\/\/dolphinhomedecor.com\/fr\/wp-json\/wp\/v2\/product_cat?post=7082"},{"taxonomy":"product_tag","embeddable":true,"href":"https:\/\/dolphinhomedecor.com\/fr\/wp-json\/wp\/v2\/product_tag?post=7082"}],"curies":[{"name":"wp","href":"https:\/\/api.w.org\/{rel}","templated":true}]}}