{"id":7092,"date":"2024-12-04T03:13:19","date_gmt":"2025-05-13T12:32:02","guid":{"rendered":"https:\/\/dolphinhomedecor.com\/product\/ilot-de-cuisine-terra-48-en-blanc\/"},"modified":"2025-05-13T08:32:02","modified_gmt":"2025-05-13T12:32:02","slug":"ilot-de-cuisine-terra-48-en-blanc","status":"publish","type":"product","link":"https:\/\/dolphinhomedecor.com\/fr\/produit\/ilot-de-cuisine-terra-48-en-blanc\/","title":{"rendered":"\u00celot de cuisine Terra 48&Prime; en blanc"},"content":{"rendered":"<p>Dessus : MDF avec rev\u00eatement en placage et finition peinture, \u00e9paisseur 2&Prime;,<br \/>\nPlan de travail 23.7&Prime; et plan de travail 7.9&Prime;.<br \/>\nMat\u00e9riaux du corps : PB avec rev\u00eatement en m\u00e9lamine mate, surface lisse ne laissant pas de traces de doigts<br \/>\n2x tiroirs avec glissi\u00e8res de qualit\u00e9<br \/>\n2x \u00e9tag\u00e8re ouverte<br \/>\nStructure d\u00e9montable<br \/>\nAssemblage requis<\/p>\n","protected":false},"excerpt":{"rendered":"<p>Ilot de cuisine 48&Prime; en blanc<\/p>\n","protected":false},"featured_media":7093,"comment_status":"closed","ping_status":"closed","template":"","meta":{"_acf_changed":false,"footnotes":""},"product_brand":[],"product_cat":[465],"product_tag":[],"class_list":{"0":"post-7092","1":"product","2":"type-product","3":"status-publish","4":"has-post-thumbnail","6":"product_cat-chariots-de-cuisine","7":"collection-terra-fr","8":"style-style-de-vie","10":"first","11":"instock","12":"taxable","13":"shipping-taxable","14":"product-type-simple"},"acf":[],"_links":{"self":[{"href":"https:\/\/dolphinhomedecor.com\/fr\/wp-json\/wp\/v2\/product\/7092","targetHints":{"allow":["GET"]}}],"collection":[{"href":"https:\/\/dolphinhomedecor.com\/fr\/wp-json\/wp\/v2\/product"}],"about":[{"href":"https:\/\/dolphinhomedecor.com\/fr\/wp-json\/wp\/v2\/types\/product"}],"replies":[{"embeddable":true,"href":"https:\/\/dolphinhomedecor.com\/fr\/wp-json\/wp\/v2\/comments?post=7092"}],"version-history":[{"count":0,"href":"https:\/\/dolphinhomedecor.com\/fr\/wp-json\/wp\/v2\/product\/7092\/revisions"}],"wp:featuredmedia":[{"embeddable":true,"href":"https:\/\/dolphinhomedecor.com\/fr\/wp-json\/wp\/v2\/media\/7093"}],"wp:attachment":[{"href":"https:\/\/dolphinhomedecor.com\/fr\/wp-json\/wp\/v2\/media?parent=7092"}],"wp:term":[{"taxonomy":"product_brand","embeddable":true,"href":"https:\/\/dolphinhomedecor.com\/fr\/wp-json\/wp\/v2\/product_brand?post=7092"},{"taxonomy":"product_cat","embeddable":true,"href":"https:\/\/dolphinhomedecor.com\/fr\/wp-json\/wp\/v2\/product_cat?post=7092"},{"taxonomy":"product_tag","embeddable":true,"href":"https:\/\/dolphinhomedecor.com\/fr\/wp-json\/wp\/v2\/product_tag?post=7092"}],"curies":[{"name":"wp","href":"https:\/\/api.w.org\/{rel}","templated":true}]}}