{"id":7119,"date":"2024-12-03T04:10:38","date_gmt":"2025-05-13T12:32:04","guid":{"rendered":"https:\/\/dolphinhomedecor.com\/product\/toilette-tallboy-4-8l\/"},"modified":"2025-05-13T08:32:04","modified_gmt":"2025-05-13T12:32:04","slug":"toilette-tallboy-4-8l","status":"publish","type":"product","link":"https:\/\/dolphinhomedecor.com\/fr\/produit\/toilette-tallboy-4-8l\/","title":{"rendered":"Toilette Tallboy 4.8L"},"content":{"rendered":"<p>18&Prime; de hauteur du sol au bord sup\u00e9rieur de la cuvette<br \/>\nCouvercle de si\u00e8ge \u00e0 fermeture douce<br \/>\nChasse d&rsquo;eau simple de 4,8 L<br \/>\nCuvette allong\u00e9e<br \/>\nValve de remplissage silencieuse anti-siphon<br \/>\nChasse d&rsquo;eau \u00e0 siphon<br \/>\nClapet de 3&Prime; de diam\u00e8tre, r\u00e9servoir doubl\u00e9<br \/>\nRaccordement de 12&Prime;<br \/>\nEnsemble tout-en-un<br \/>\nConduite d&rsquo;alimentation en eau non incluse<\/p>\n","protected":false},"excerpt":{"rendered":"<p>2 PC WC simple chasse 4.8L, hauteur de cuvette allong\u00e9e et extra haute<\/p>\n","protected":false},"featured_media":7121,"comment_status":"closed","ping_status":"closed","template":"","meta":{"_acf_changed":false,"footnotes":""},"product_brand":[],"product_cat":[456],"product_tag":[],"class_list":{"0":"post-7119","1":"product","2":"type-product","3":"status-publish","4":"has-post-thumbnail","6":"product_cat-toilettes","7":"pa_bowl-height-148","8":"pa_bowl-shape-elongated","9":"pa_flush-celibataire","10":"pa_het-het","11":"pa_litreage-4-8l","12":"pa_map-143","13":"pa_pieces-131","14":"collection-tallboy-fr","15":"style-style-de-vie","17":"first","18":"instock","19":"product-type-variable"},"acf":[],"_links":{"self":[{"href":"https:\/\/dolphinhomedecor.com\/fr\/wp-json\/wp\/v2\/product\/7119","targetHints":{"allow":["GET"]}}],"collection":[{"href":"https:\/\/dolphinhomedecor.com\/fr\/wp-json\/wp\/v2\/product"}],"about":[{"href":"https:\/\/dolphinhomedecor.com\/fr\/wp-json\/wp\/v2\/types\/product"}],"replies":[{"embeddable":true,"href":"https:\/\/dolphinhomedecor.com\/fr\/wp-json\/wp\/v2\/comments?post=7119"}],"version-history":[{"count":0,"href":"https:\/\/dolphinhomedecor.com\/fr\/wp-json\/wp\/v2\/product\/7119\/revisions"}],"wp:featuredmedia":[{"embeddable":true,"href":"https:\/\/dolphinhomedecor.com\/fr\/wp-json\/wp\/v2\/media\/7121"}],"wp:attachment":[{"href":"https:\/\/dolphinhomedecor.com\/fr\/wp-json\/wp\/v2\/media?parent=7119"}],"wp:term":[{"taxonomy":"product_brand","embeddable":true,"href":"https:\/\/dolphinhomedecor.com\/fr\/wp-json\/wp\/v2\/product_brand?post=7119"},{"taxonomy":"product_cat","embeddable":true,"href":"https:\/\/dolphinhomedecor.com\/fr\/wp-json\/wp\/v2\/product_cat?post=7119"},{"taxonomy":"product_tag","embeddable":true,"href":"https:\/\/dolphinhomedecor.com\/fr\/wp-json\/wp\/v2\/product_tag?post=7119"}],"curies":[{"name":"wp","href":"https:\/\/api.w.org\/{rel}","templated":true}]}}