{"id":7120,"date":"2024-12-02T02:30:04","date_gmt":"2025-05-13T12:32:04","guid":{"rendered":"https:\/\/dolphinhomedecor.com\/product\/meuble-lavabo-grafton-30-po-avec-panneaux-de-porte-canneles\/"},"modified":"2025-05-13T08:32:04","modified_gmt":"2025-05-13T12:32:04","slug":"meuble-lavabo-grafton-30-po-avec-panneaux-de-porte-canneles","status":"publish","type":"product","link":"https:\/\/dolphinhomedecor.com\/fr\/produit\/meuble-lavabo-grafton-30-po-avec-panneaux-de-porte-canneles\/","title":{"rendered":"Meuble-lavabo Grafton 30 po avec panneaux de porte cannel\u00e9s"},"content":{"rendered":"<p>30&Prime;(L) x 18.3&Prime;(P)x 34.5&Prime;(H)<\/p>\n<p>Dessus : plan en c\u00e9ramique mince<br \/>\nMat\u00e9riaux du corps : Armoire en m\u00e9lamine PB et panneaux avant en PVC formfoil MDF<br \/>\n2x portes \u00e0 fermeture progressive<br \/>\n1x \u00e9tag\u00e8re int\u00e9rieure r\u00e9glable<br \/>\nTirette \u00e0 doigt or bross\u00e9<br \/>\nRobinet non inclus<br \/>\nPr\u00e9-assembl\u00e9<\/p>\n","protected":false},"excerpt":{"rendered":"<p>Meuble-lavabo Grafton 30in<\/p>\n","protected":false},"featured_media":7124,"comment_status":"closed","ping_status":"closed","template":"","meta":{"_acf_changed":false,"footnotes":""},"product_brand":[],"product_cat":[441],"product_tag":[],"class_list":{"0":"post-7120","1":"product","2":"type-product","3":"status-publish","4":"has-post-thumbnail","6":"product_cat-vanites","7":"collection-grafton-fr","8":"style-style-de-vie","10":"first","11":"instock","12":"taxable","13":"shipping-taxable","14":"product-type-simple"},"acf":[],"_links":{"self":[{"href":"https:\/\/dolphinhomedecor.com\/fr\/wp-json\/wp\/v2\/product\/7120","targetHints":{"allow":["GET"]}}],"collection":[{"href":"https:\/\/dolphinhomedecor.com\/fr\/wp-json\/wp\/v2\/product"}],"about":[{"href":"https:\/\/dolphinhomedecor.com\/fr\/wp-json\/wp\/v2\/types\/product"}],"replies":[{"embeddable":true,"href":"https:\/\/dolphinhomedecor.com\/fr\/wp-json\/wp\/v2\/comments?post=7120"}],"version-history":[{"count":0,"href":"https:\/\/dolphinhomedecor.com\/fr\/wp-json\/wp\/v2\/product\/7120\/revisions"}],"wp:featuredmedia":[{"embeddable":true,"href":"https:\/\/dolphinhomedecor.com\/fr\/wp-json\/wp\/v2\/media\/7124"}],"wp:attachment":[{"href":"https:\/\/dolphinhomedecor.com\/fr\/wp-json\/wp\/v2\/media?parent=7120"}],"wp:term":[{"taxonomy":"product_brand","embeddable":true,"href":"https:\/\/dolphinhomedecor.com\/fr\/wp-json\/wp\/v2\/product_brand?post=7120"},{"taxonomy":"product_cat","embeddable":true,"href":"https:\/\/dolphinhomedecor.com\/fr\/wp-json\/wp\/v2\/product_cat?post=7120"},{"taxonomy":"product_tag","embeddable":true,"href":"https:\/\/dolphinhomedecor.com\/fr\/wp-json\/wp\/v2\/product_tag?post=7120"}],"curies":[{"name":"wp","href":"https:\/\/api.w.org\/{rel}","templated":true}]}}