{"id":7130,"date":"2024-12-01T23:45:36","date_gmt":"2025-05-13T12:32:17","guid":{"rendered":"https:\/\/dolphinhomedecor.com\/product\/hampton-60in-alcove-shower-kit\/"},"modified":"2025-05-13T08:32:17","modified_gmt":"2025-05-13T12:32:17","slug":"hampton-60in-alcove-shower-kit","status":"publish","type":"product","link":"https:\/\/dolphinhomedecor.com\/fr\/produit\/hampton-60in-alcove-shower-kit\/","title":{"rendered":"Hampton 60in Alcove Shower Kit"},"content":{"rendered":"<p>Porte de douche coulissante sans cadre :<br \/>\nVerre tremp\u00e9 transparent de 8 mm,<br \/>\nCadre et poign\u00e9e en aluminium en finition noir mat<br \/>\nUne porte coulissante<br \/>\nR\u00e9versible pour une ouverture \u00e0 droite ou \u00e0 gauche<br \/>\nSyst\u00e8me d&rsquo;ouverture de la porte<br \/>\nRaccords d&rsquo;installation rapide<\/p>\n<p>Paroi de douche :<br \/>\nFabriqu\u00e9e en acrylique ABS<br \/>\n3 pi\u00e8ces avec motif de marbre<br \/>\n2 x bande d\u00e9corative en aluminium<\/p>\n<p>Base de douche :<br \/>\nFabriqu\u00e9e en acrylique, renforc\u00e9e avec de la fibre de verre<br \/>\nDrain cach\u00e9 avec couvercle en plastique<br \/>\nFinition blanc brillant<br \/>\nDrain inclus<\/p>\n","protected":false},"excerpt":{"rendered":"<p>Hampton 60in Alcove Shower Kit<\/p>\n","protected":false},"featured_media":7133,"comment_status":"closed","ping_status":"closed","template":"","meta":{"_acf_changed":false,"footnotes":""},"product_brand":[],"product_cat":[458],"product_tag":[],"class_list":{"0":"post-7130","1":"product","2":"type-product","3":"status-publish","4":"has-post-thumbnail","6":"product_cat-douches","7":"collection-hampton-fr","8":"style-moderne","10":"first","11":"instock","12":"taxable","13":"shipping-taxable","14":"product-type-simple"},"acf":[],"_links":{"self":[{"href":"https:\/\/dolphinhomedecor.com\/fr\/wp-json\/wp\/v2\/product\/7130","targetHints":{"allow":["GET"]}}],"collection":[{"href":"https:\/\/dolphinhomedecor.com\/fr\/wp-json\/wp\/v2\/product"}],"about":[{"href":"https:\/\/dolphinhomedecor.com\/fr\/wp-json\/wp\/v2\/types\/product"}],"replies":[{"embeddable":true,"href":"https:\/\/dolphinhomedecor.com\/fr\/wp-json\/wp\/v2\/comments?post=7130"}],"version-history":[{"count":0,"href":"https:\/\/dolphinhomedecor.com\/fr\/wp-json\/wp\/v2\/product\/7130\/revisions"}],"wp:featuredmedia":[{"embeddable":true,"href":"https:\/\/dolphinhomedecor.com\/fr\/wp-json\/wp\/v2\/media\/7133"}],"wp:attachment":[{"href":"https:\/\/dolphinhomedecor.com\/fr\/wp-json\/wp\/v2\/media?parent=7130"}],"wp:term":[{"taxonomy":"product_brand","embeddable":true,"href":"https:\/\/dolphinhomedecor.com\/fr\/wp-json\/wp\/v2\/product_brand?post=7130"},{"taxonomy":"product_cat","embeddable":true,"href":"https:\/\/dolphinhomedecor.com\/fr\/wp-json\/wp\/v2\/product_cat?post=7130"},{"taxonomy":"product_tag","embeddable":true,"href":"https:\/\/dolphinhomedecor.com\/fr\/wp-json\/wp\/v2\/product_tag?post=7130"}],"curies":[{"name":"wp","href":"https:\/\/api.w.org\/{rel}","templated":true}]}}