{"id":7137,"date":"2024-12-01T22:37:14","date_gmt":"2025-05-13T12:32:17","guid":{"rendered":"https:\/\/dolphinhomedecor.com\/product\/base-de-douche-hampton-60in-avec-drain-droit\/"},"modified":"2025-05-13T08:32:17","modified_gmt":"2025-05-13T12:32:17","slug":"base-de-douche-hampton-60in-avec-drain-droit","status":"publish","type":"product","link":"https:\/\/dolphinhomedecor.com\/fr\/produit\/base-de-douche-hampton-60in-avec-drain-droit\/","title":{"rendered":"Base de douche Hampton 60in avec drain droit"},"content":{"rendered":"<p>Base de douche :<br \/>\nFabriqu\u00e9e en acrylique, renforc\u00e9e avec de la fibre de verre<br \/>\nDrain cach\u00e9 \u00e0 droite avec couvercle en plastique<br \/>\nFinition blanc brillant<br \/>\nDrain inclus<\/p>\n","protected":false},"excerpt":{"rendered":"<p>Base de douche : Fabriqu\u00e9e en acrylique, renforc\u00e9e avec de la fibre de verre Drain cach\u00e9 \u00e0 droite avec couvercle en plastique Finition blanc brillant Drain inclus<\/p>\n","protected":false},"featured_media":7138,"comment_status":"closed","ping_status":"closed","template":"","meta":{"_acf_changed":false,"footnotes":""},"product_brand":[],"product_cat":[458],"product_tag":[],"class_list":{"0":"post-7137","1":"product","2":"type-product","3":"status-publish","4":"has-post-thumbnail","6":"product_cat-douches","7":"collection-hampton-fr","8":"style-classique","10":"first","11":"instock","12":"taxable","13":"shipping-taxable","14":"product-type-simple"},"acf":[],"_links":{"self":[{"href":"https:\/\/dolphinhomedecor.com\/fr\/wp-json\/wp\/v2\/product\/7137","targetHints":{"allow":["GET"]}}],"collection":[{"href":"https:\/\/dolphinhomedecor.com\/fr\/wp-json\/wp\/v2\/product"}],"about":[{"href":"https:\/\/dolphinhomedecor.com\/fr\/wp-json\/wp\/v2\/types\/product"}],"replies":[{"embeddable":true,"href":"https:\/\/dolphinhomedecor.com\/fr\/wp-json\/wp\/v2\/comments?post=7137"}],"version-history":[{"count":0,"href":"https:\/\/dolphinhomedecor.com\/fr\/wp-json\/wp\/v2\/product\/7137\/revisions"}],"wp:featuredmedia":[{"embeddable":true,"href":"https:\/\/dolphinhomedecor.com\/fr\/wp-json\/wp\/v2\/media\/7138"}],"wp:attachment":[{"href":"https:\/\/dolphinhomedecor.com\/fr\/wp-json\/wp\/v2\/media?parent=7137"}],"wp:term":[{"taxonomy":"product_brand","embeddable":true,"href":"https:\/\/dolphinhomedecor.com\/fr\/wp-json\/wp\/v2\/product_brand?post=7137"},{"taxonomy":"product_cat","embeddable":true,"href":"https:\/\/dolphinhomedecor.com\/fr\/wp-json\/wp\/v2\/product_cat?post=7137"},{"taxonomy":"product_tag","embeddable":true,"href":"https:\/\/dolphinhomedecor.com\/fr\/wp-json\/wp\/v2\/product_tag?post=7137"}],"curies":[{"name":"wp","href":"https:\/\/api.w.org\/{rel}","templated":true}]}}