{"id":7140,"date":"2024-12-01T23:41:03","date_gmt":"2025-05-13T12:32:17","guid":{"rendered":"https:\/\/dolphinhomedecor.com\/product\/kit-de-douche-dangle-hampton-60in\/"},"modified":"2025-05-13T08:32:17","modified_gmt":"2025-05-13T12:32:17","slug":"kit-de-douche-dangle-hampton-60in","status":"publish","type":"product","link":"https:\/\/dolphinhomedecor.com\/fr\/produit\/kit-de-douche-dangle-hampton-60in\/","title":{"rendered":"Kit de douche d&rsquo;angle Hampton 60in"},"content":{"rendered":"<p>Porte de douche coulissante sans cadre :<br \/>\nVerre tremp\u00e9 transparent de 8 mm,<br \/>\nCadre et poign\u00e9e en aluminium en finition noir mat<br \/>\nUne porte coulissante<br \/>\nR\u00e9versible pour une ouverture \u00e0 droite ou \u00e0 gauche<br \/>\nSyst\u00e8me d&rsquo;ouverture de la porte<br \/>\nRaccords d&rsquo;installation rapide<\/p>\n<p>Paroi de douche :<br \/>\nFabriqu\u00e9e en acrylique ABS<br \/>\n2 pi\u00e8ces avec motif marbre<br \/>\n1x bande d\u00e9corative en aluminium<\/p>\n<p>Base de douche :<br \/>\nFabriqu\u00e9e en acrylique, renforc\u00e9e avec de la fibre de verre<br \/>\nDrain cach\u00e9 avec couvercle en plastique<br \/>\nFinition blanc brillant<br \/>\nDrain inclus<\/p>\n<p>&nbsp;<\/p>\n","protected":false},"excerpt":{"rendered":"<p>Porte de douche coulissante sans cadre : Verre tremp\u00e9 transparent de 8 mm, Cadre et poign\u00e9e en aluminium en finition noir mat Une porte coulissante R\u00e9versible pour une ouverture \u00e0 droite ou \u00e0 gauche Syst\u00e8me d&rsquo;ouverture de la porte Raccords d&rsquo;installation rapide Paroi de douche : Fabriqu\u00e9e en acrylique ABS 2 pi\u00e8ces avec motif marbre&hellip;<\/p>\n","protected":false},"featured_media":7143,"comment_status":"closed","ping_status":"closed","template":"","meta":{"_acf_changed":false,"footnotes":""},"product_brand":[],"product_cat":[458],"product_tag":[],"class_list":{"0":"post-7140","1":"product","2":"type-product","3":"status-publish","4":"has-post-thumbnail","6":"product_cat-douches","7":"collection-hampton-fr","8":"style-moderne","10":"first","11":"instock","12":"taxable","13":"shipping-taxable","14":"product-type-simple"},"acf":[],"_links":{"self":[{"href":"https:\/\/dolphinhomedecor.com\/fr\/wp-json\/wp\/v2\/product\/7140","targetHints":{"allow":["GET"]}}],"collection":[{"href":"https:\/\/dolphinhomedecor.com\/fr\/wp-json\/wp\/v2\/product"}],"about":[{"href":"https:\/\/dolphinhomedecor.com\/fr\/wp-json\/wp\/v2\/types\/product"}],"replies":[{"embeddable":true,"href":"https:\/\/dolphinhomedecor.com\/fr\/wp-json\/wp\/v2\/comments?post=7140"}],"version-history":[{"count":0,"href":"https:\/\/dolphinhomedecor.com\/fr\/wp-json\/wp\/v2\/product\/7140\/revisions"}],"wp:featuredmedia":[{"embeddable":true,"href":"https:\/\/dolphinhomedecor.com\/fr\/wp-json\/wp\/v2\/media\/7143"}],"wp:attachment":[{"href":"https:\/\/dolphinhomedecor.com\/fr\/wp-json\/wp\/v2\/media?parent=7140"}],"wp:term":[{"taxonomy":"product_brand","embeddable":true,"href":"https:\/\/dolphinhomedecor.com\/fr\/wp-json\/wp\/v2\/product_brand?post=7140"},{"taxonomy":"product_cat","embeddable":true,"href":"https:\/\/dolphinhomedecor.com\/fr\/wp-json\/wp\/v2\/product_cat?post=7140"},{"taxonomy":"product_tag","embeddable":true,"href":"https:\/\/dolphinhomedecor.com\/fr\/wp-json\/wp\/v2\/product_tag?post=7140"}],"curies":[{"name":"wp","href":"https:\/\/api.w.org\/{rel}","templated":true}]}}