{"id":7154,"date":"2024-01-21T23:19:42","date_gmt":"2025-05-13T12:32:18","guid":{"rendered":"https:\/\/dolphinhomedecor.com\/product\/toilette-intelligente-hartford-bidet\/"},"modified":"2025-05-13T08:32:18","modified_gmt":"2025-05-13T12:32:18","slug":"toilette-intelligente-hartford-bidet","status":"publish","type":"product","link":"https:\/\/dolphinhomedecor.com\/fr\/produit\/toilette-intelligente-hartford-bidet\/","title":{"rendered":"Toilette intelligente Hartford Bidet"},"content":{"rendered":"<p>Bidet WC intelligent allong\u00e9 1 pi\u00e8ce avec lavage multifonctionnel<br \/>\nOuverture et fermeture automatiques du si\u00e8ge et du couvercle<br \/>\nSi\u00e8ge chauffant automatique<br \/>\nRin\u00e7age automatique et t\u00e9l\u00e9commande multifonctionnelle int\u00e9gr\u00e9e<br \/>\nOuverture ou rin\u00e7age par capteur au pied<br \/>\nModes de lavage avant et arri\u00e8re avec eau chaude<br \/>\nChasse d&rsquo;eau occultante<br \/>\nRin\u00e7age haute efficacit\u00e9 4\/6L<br \/>\nMAP 1000g<\/p>\n","protected":false},"excerpt":{"rendered":"<p>1 PC Smart Toilet Bidet, cuvette allong\u00e9e et hauteur de cuvette confort<\/p>\n","protected":false},"featured_media":7156,"comment_status":"closed","ping_status":"closed","template":"","meta":{"_acf_changed":false,"footnotes":""},"product_brand":[],"product_cat":[456],"product_tag":[],"class_list":{"0":"post-7154","1":"product","2":"type-product","3":"status-publish","4":"has-post-thumbnail","6":"product_cat-toilettes","7":"pa_bowl-height-16-5","8":"pa_bowl-shape-elongated","9":"pa_flush-double","10":"pa_het-het","11":"pa_litreage-4-6l","12":"pa_map-143","13":"pa_pieces-147","14":"collection-hartford-fr","15":"style-moderne","17":"first","18":"instock","19":"product-type-variable"},"acf":[],"_links":{"self":[{"href":"https:\/\/dolphinhomedecor.com\/fr\/wp-json\/wp\/v2\/product\/7154","targetHints":{"allow":["GET"]}}],"collection":[{"href":"https:\/\/dolphinhomedecor.com\/fr\/wp-json\/wp\/v2\/product"}],"about":[{"href":"https:\/\/dolphinhomedecor.com\/fr\/wp-json\/wp\/v2\/types\/product"}],"replies":[{"embeddable":true,"href":"https:\/\/dolphinhomedecor.com\/fr\/wp-json\/wp\/v2\/comments?post=7154"}],"version-history":[{"count":0,"href":"https:\/\/dolphinhomedecor.com\/fr\/wp-json\/wp\/v2\/product\/7154\/revisions"}],"wp:featuredmedia":[{"embeddable":true,"href":"https:\/\/dolphinhomedecor.com\/fr\/wp-json\/wp\/v2\/media\/7156"}],"wp:attachment":[{"href":"https:\/\/dolphinhomedecor.com\/fr\/wp-json\/wp\/v2\/media?parent=7154"}],"wp:term":[{"taxonomy":"product_brand","embeddable":true,"href":"https:\/\/dolphinhomedecor.com\/fr\/wp-json\/wp\/v2\/product_brand?post=7154"},{"taxonomy":"product_cat","embeddable":true,"href":"https:\/\/dolphinhomedecor.com\/fr\/wp-json\/wp\/v2\/product_cat?post=7154"},{"taxonomy":"product_tag","embeddable":true,"href":"https:\/\/dolphinhomedecor.com\/fr\/wp-json\/wp\/v2\/product_tag?post=7154"}],"curies":[{"name":"wp","href":"https:\/\/api.w.org\/{rel}","templated":true}]}}