{"id":7155,"date":"2024-12-01T23:14:09","date_gmt":"2025-05-13T12:32:19","guid":{"rendered":"https:\/\/dolphinhomedecor.com\/product\/porte-de-douche-sans-cadre-hampton-60in\/"},"modified":"2025-05-13T08:32:19","modified_gmt":"2025-05-13T12:32:19","slug":"porte-de-douche-sans-cadre-hampton-60in","status":"publish","type":"product","link":"https:\/\/dolphinhomedecor.com\/fr\/produit\/porte-de-douche-sans-cadre-hampton-60in\/","title":{"rendered":"Porte de douche sans cadre Hampton 60in"},"content":{"rendered":"<p>Porte de douche coulissante sans cadre :<br \/>\nVerre tremp\u00e9 transparent de 8 mm,<br \/>\nCadre et poign\u00e9e en aluminium en finition noir mat<br \/>\nUne porte coulissante<br \/>\nR\u00e9versible pour une ouverture \u00e0 droite ou \u00e0 gauche<br \/>\nSyst\u00e8me d&rsquo;ouverture de la porte<br \/>\nRaccords d&rsquo;installation rapide<\/p>\n","protected":false},"excerpt":{"rendered":"<p>Porte de douche sans cadre Hampton 60in<\/p>\n","protected":false},"featured_media":7159,"comment_status":"closed","ping_status":"closed","template":"","meta":{"_acf_changed":false,"footnotes":""},"product_brand":[],"product_cat":[458],"product_tag":[],"class_list":{"0":"post-7155","1":"product","2":"type-product","3":"status-publish","4":"has-post-thumbnail","6":"product_cat-douches","7":"collection-hampton-fr","8":"style-moderne","10":"first","11":"instock","12":"taxable","13":"shipping-taxable","14":"product-type-simple"},"acf":[],"_links":{"self":[{"href":"https:\/\/dolphinhomedecor.com\/fr\/wp-json\/wp\/v2\/product\/7155","targetHints":{"allow":["GET"]}}],"collection":[{"href":"https:\/\/dolphinhomedecor.com\/fr\/wp-json\/wp\/v2\/product"}],"about":[{"href":"https:\/\/dolphinhomedecor.com\/fr\/wp-json\/wp\/v2\/types\/product"}],"replies":[{"embeddable":true,"href":"https:\/\/dolphinhomedecor.com\/fr\/wp-json\/wp\/v2\/comments?post=7155"}],"version-history":[{"count":0,"href":"https:\/\/dolphinhomedecor.com\/fr\/wp-json\/wp\/v2\/product\/7155\/revisions"}],"wp:featuredmedia":[{"embeddable":true,"href":"https:\/\/dolphinhomedecor.com\/fr\/wp-json\/wp\/v2\/media\/7159"}],"wp:attachment":[{"href":"https:\/\/dolphinhomedecor.com\/fr\/wp-json\/wp\/v2\/media?parent=7155"}],"wp:term":[{"taxonomy":"product_brand","embeddable":true,"href":"https:\/\/dolphinhomedecor.com\/fr\/wp-json\/wp\/v2\/product_brand?post=7155"},{"taxonomy":"product_cat","embeddable":true,"href":"https:\/\/dolphinhomedecor.com\/fr\/wp-json\/wp\/v2\/product_cat?post=7155"},{"taxonomy":"product_tag","embeddable":true,"href":"https:\/\/dolphinhomedecor.com\/fr\/wp-json\/wp\/v2\/product_tag?post=7155"}],"curies":[{"name":"wp","href":"https:\/\/api.w.org\/{rel}","templated":true}]}}