{"id":7171,"date":"2023-07-06T22:44:49","date_gmt":"2025-05-13T12:32:23","guid":{"rendered":"https:\/\/dolphinhomedecor.com\/product\/sabina-38-douche-ronde\/"},"modified":"2025-05-13T08:32:23","modified_gmt":"2025-05-13T12:32:23","slug":"sabina-38-douche-ronde","status":"publish","type":"product","link":"https:\/\/dolphinhomedecor.com\/fr\/produit\/sabina-38-douche-ronde\/","title":{"rendered":"Sabina 38&Prime; douche ronde"},"content":{"rendered":"<p>Porte de douche :<br \/>\nVerre tremp\u00e9 transparent de 6 mm<br \/>\nCadre en aluminium noir mat<br \/>\nUne porte coulissante avec roulettes dissimul\u00e9es<\/p>\n<p>Paroi de douche :<br \/>\nEn acrylique en forme de nid d&rsquo;abeille<br \/>\nComprend deux \u00e9tag\u00e8res en verre<\/p>\n<p>Base de douche :<br \/>\nEn acrylique en finition blanche<br \/>\nDrain cach\u00e9<br \/>\nEgouttoir inclus<\/p>\n","protected":false},"excerpt":{"rendered":"<p>Porte de douche : Verre tremp\u00e9 transparent de 6 mm Cadre en aluminium noir mat Une porte coulissante avec roulettes dissimul\u00e9es Paroi de douche : En acrylique en forme de nid d&rsquo;abeille Comprend deux \u00e9tag\u00e8res en verre Base de douche : En acrylique en finition blanche Drain cach\u00e9 Egouttoir inclus<\/p>\n","protected":false},"featured_media":7173,"comment_status":"closed","ping_status":"closed","template":"","meta":{"_acf_changed":false,"footnotes":""},"product_brand":[],"product_cat":[458],"product_tag":[],"class_list":{"0":"post-7171","1":"product","2":"type-product","3":"status-publish","4":"has-post-thumbnail","6":"product_cat-douches","7":"collection-sabina-fr","8":"style-moderne","10":"first","11":"instock","12":"product-type-simple"},"acf":[],"_links":{"self":[{"href":"https:\/\/dolphinhomedecor.com\/fr\/wp-json\/wp\/v2\/product\/7171","targetHints":{"allow":["GET"]}}],"collection":[{"href":"https:\/\/dolphinhomedecor.com\/fr\/wp-json\/wp\/v2\/product"}],"about":[{"href":"https:\/\/dolphinhomedecor.com\/fr\/wp-json\/wp\/v2\/types\/product"}],"replies":[{"embeddable":true,"href":"https:\/\/dolphinhomedecor.com\/fr\/wp-json\/wp\/v2\/comments?post=7171"}],"version-history":[{"count":0,"href":"https:\/\/dolphinhomedecor.com\/fr\/wp-json\/wp\/v2\/product\/7171\/revisions"}],"wp:featuredmedia":[{"embeddable":true,"href":"https:\/\/dolphinhomedecor.com\/fr\/wp-json\/wp\/v2\/media\/7173"}],"wp:attachment":[{"href":"https:\/\/dolphinhomedecor.com\/fr\/wp-json\/wp\/v2\/media?parent=7171"}],"wp:term":[{"taxonomy":"product_brand","embeddable":true,"href":"https:\/\/dolphinhomedecor.com\/fr\/wp-json\/wp\/v2\/product_brand?post=7171"},{"taxonomy":"product_cat","embeddable":true,"href":"https:\/\/dolphinhomedecor.com\/fr\/wp-json\/wp\/v2\/product_cat?post=7171"},{"taxonomy":"product_tag","embeddable":true,"href":"https:\/\/dolphinhomedecor.com\/fr\/wp-json\/wp\/v2\/product_tag?post=7171"}],"curies":[{"name":"wp","href":"https:\/\/api.w.org\/{rel}","templated":true}]}}