{"id":7182,"date":"2023-07-06T22:19:44","date_gmt":"2025-05-13T12:32:23","guid":{"rendered":"https:\/\/dolphinhomedecor.com\/product\/douche-posta-42\/"},"modified":"2025-05-13T08:32:23","modified_gmt":"2025-05-13T12:32:23","slug":"douche-posta-42","status":"publish","type":"product","link":"https:\/\/dolphinhomedecor.com\/fr\/produit\/douche-posta-42\/","title":{"rendered":"Douche Posta 42"},"content":{"rendered":"<p>Porte de douche :<br \/>\nVerre tremp\u00e9 transparent de 8MM avec \u00e9cran de soie noir<br \/>\nUne porte pivotante avec charni\u00e8re \u00e0 double ouverture (la porte s&rsquo;ouvre \u00e0 90\u00b0 vers l&rsquo;int\u00e9rieur et \u00e0 90\u00b0 vers l&rsquo;ext\u00e9rieur)<br \/>\nCadre en aluminium noir<br \/>\nLongue poign\u00e9e verticale en noir ( 39.3&Prime; de longueur)<\/p>\n<p>Paroi de douche :<br \/>\nFabriqu\u00e9e en acrylique<br \/>\nForme hexagonale avec finition blanche<\/p>\n<p>Base de douche :<br \/>\nFabriqu\u00e9e en acrylique avec finition grise<br \/>\nDrain cach\u00e9<br \/>\nDrian inclus<\/p>\n","protected":false},"excerpt":{"rendered":"<p>Douche Posta 42<\/p>\n","protected":false},"featured_media":7183,"comment_status":"closed","ping_status":"closed","template":"","meta":{"_acf_changed":false,"footnotes":""},"product_brand":[],"product_cat":[458],"product_tag":[],"class_list":{"0":"post-7182","1":"product","2":"type-product","3":"status-publish","4":"has-post-thumbnail","6":"product_cat-douches","7":"collection-posta-fr","8":"style-contemporain","10":"first","11":"instock","12":"product-type-simple"},"acf":[],"_links":{"self":[{"href":"https:\/\/dolphinhomedecor.com\/fr\/wp-json\/wp\/v2\/product\/7182","targetHints":{"allow":["GET"]}}],"collection":[{"href":"https:\/\/dolphinhomedecor.com\/fr\/wp-json\/wp\/v2\/product"}],"about":[{"href":"https:\/\/dolphinhomedecor.com\/fr\/wp-json\/wp\/v2\/types\/product"}],"replies":[{"embeddable":true,"href":"https:\/\/dolphinhomedecor.com\/fr\/wp-json\/wp\/v2\/comments?post=7182"}],"version-history":[{"count":0,"href":"https:\/\/dolphinhomedecor.com\/fr\/wp-json\/wp\/v2\/product\/7182\/revisions"}],"wp:featuredmedia":[{"embeddable":true,"href":"https:\/\/dolphinhomedecor.com\/fr\/wp-json\/wp\/v2\/media\/7183"}],"wp:attachment":[{"href":"https:\/\/dolphinhomedecor.com\/fr\/wp-json\/wp\/v2\/media?parent=7182"}],"wp:term":[{"taxonomy":"product_brand","embeddable":true,"href":"https:\/\/dolphinhomedecor.com\/fr\/wp-json\/wp\/v2\/product_brand?post=7182"},{"taxonomy":"product_cat","embeddable":true,"href":"https:\/\/dolphinhomedecor.com\/fr\/wp-json\/wp\/v2\/product_cat?post=7182"},{"taxonomy":"product_tag","embeddable":true,"href":"https:\/\/dolphinhomedecor.com\/fr\/wp-json\/wp\/v2\/product_tag?post=7182"}],"curies":[{"name":"wp","href":"https:\/\/api.w.org\/{rel}","templated":true}]}}