{"id":7219,"date":"2022-03-03T17:55:55","date_gmt":"2025-05-13T12:32:30","guid":{"rendered":"https:\/\/dolphinhomedecor.com\/product\/henfield-24-closet-system-with-2-shelves-systeme-de-placard-24-avec-2-etageres\/"},"modified":"2025-05-13T08:32:30","modified_gmt":"2025-05-13T12:32:30","slug":"henfield-24-closet-system-with-2-shelves-systeme-de-placard-24-avec-2-etageres","status":"publish","type":"product","link":"https:\/\/dolphinhomedecor.com\/fr\/produit\/henfield-24-closet-system-with-2-shelves-systeme-de-placard-24-avec-2-etageres\/","title":{"rendered":"Henfield 24&Prime; Closet System With 2 Shelves (Syst\u00e8me de placard 24&Prime; avec 2 \u00e9tag\u00e8res)"},"content":{"rendered":"<p>Placard Mat\u00e9riau : PB avec rev\u00eatement en m\u00e9lamine<br \/>\nEtag\u00e8re en bois : PB avec rev\u00eatement en m\u00e9lamine<br \/>\n2 x tringles \u00e0 v\u00eatements<br \/>\n2 x \u00e9tag\u00e8res en bois<br \/>\nPanneau arri\u00e8re inclus<br \/>\nEmballage KD, tout dans une seule bo\u00eete.<\/p>\n","protected":false},"excerpt":{"rendered":"<p>Henfield 24&Prime; syst\u00e8me de placard en bois avec 2 \u00e9tag\u00e8res<\/p>\n","protected":false},"featured_media":7221,"comment_status":"closed","ping_status":"closed","template":"","meta":{"_acf_changed":false,"footnotes":""},"product_brand":[],"product_cat":[520],"product_tag":[],"class_list":{"0":"post-7219","1":"product","2":"type-product","3":"status-publish","4":"has-post-thumbnail","6":"product_cat-placards","7":"pa_cabinet-color-blanc","8":"pa_doors-n-a","9":"pa_installation-type-autonome","10":"pa_product-depth-15-4","11":"pa_product-depth-387","12":"pa_product-width-46","13":"pa_product-width-ranges-in-331","14":"pa_top-material-n-a-fr","15":"collection-henfield-fr","16":"style-style-de-vie","18":"first","19":"instock","20":"product-type-variable"},"acf":[],"_links":{"self":[{"href":"https:\/\/dolphinhomedecor.com\/fr\/wp-json\/wp\/v2\/product\/7219","targetHints":{"allow":["GET"]}}],"collection":[{"href":"https:\/\/dolphinhomedecor.com\/fr\/wp-json\/wp\/v2\/product"}],"about":[{"href":"https:\/\/dolphinhomedecor.com\/fr\/wp-json\/wp\/v2\/types\/product"}],"replies":[{"embeddable":true,"href":"https:\/\/dolphinhomedecor.com\/fr\/wp-json\/wp\/v2\/comments?post=7219"}],"version-history":[{"count":0,"href":"https:\/\/dolphinhomedecor.com\/fr\/wp-json\/wp\/v2\/product\/7219\/revisions"}],"wp:featuredmedia":[{"embeddable":true,"href":"https:\/\/dolphinhomedecor.com\/fr\/wp-json\/wp\/v2\/media\/7221"}],"wp:attachment":[{"href":"https:\/\/dolphinhomedecor.com\/fr\/wp-json\/wp\/v2\/media?parent=7219"}],"wp:term":[{"taxonomy":"product_brand","embeddable":true,"href":"https:\/\/dolphinhomedecor.com\/fr\/wp-json\/wp\/v2\/product_brand?post=7219"},{"taxonomy":"product_cat","embeddable":true,"href":"https:\/\/dolphinhomedecor.com\/fr\/wp-json\/wp\/v2\/product_cat?post=7219"},{"taxonomy":"product_tag","embeddable":true,"href":"https:\/\/dolphinhomedecor.com\/fr\/wp-json\/wp\/v2\/product_tag?post=7219"}],"curies":[{"name":"wp","href":"https:\/\/api.w.org\/{rel}","templated":true}]}}